{"id":28040,"date":"2020-09-08T12:49:34","date_gmt":"2020-09-08T12:49:34","guid":{"rendered":"https:\/\/basakcilastik.com.tr\/?post_type=product&#038;p=28040"},"modified":"2020-09-08T12:49:35","modified_gmt":"2020-09-08T12:49:35","slug":"beta-c20-2120-takim-cantasi","status":"publish","type":"product","link":"http:\/\/basakcilastik.com.tr\/?product=beta-c20-2120-takim-cantasi","title":{"rendered":"BETA C20 &#8211; 2120 Tak\u0131m \u00c7antas\u0131"},"content":{"rendered":"<p>BETA C20 &#8211; 2120 Tak\u0131m \u00c7antas\u0131<\/p>\n","protected":false},"excerpt":{"rendered":"<p>BETA C20 &#8211; 2120 Tak\u0131m \u00c7antas\u0131<\/p>\n","protected":false},"featured_media":28042,"comment_status":"open","ping_status":"closed","template":"","meta":[],"product_brand":[],"product_cat":[15,50,44],"product_tag":[],"class_list":{"0":"post-28040","1":"product","2":"type-product","3":"status-publish","4":"has-post-thumbnail","6":"product_cat-genel","7":"product_cat-takim-cantalari","8":"product_cat-takim-dolaplari-takim-cantalari-calisma-tezgahlari","10":"first","11":"instock","12":"shipping-taxable","13":"product-type-simple"},"_links":{"self":[{"href":"http:\/\/basakcilastik.com.tr\/index.php?rest_route=\/wp\/v2\/product\/28040","targetHints":{"allow":["GET"]}}],"collection":[{"href":"http:\/\/basakcilastik.com.tr\/index.php?rest_route=\/wp\/v2\/product"}],"about":[{"href":"http:\/\/basakcilastik.com.tr\/index.php?rest_route=\/wp\/v2\/types\/product"}],"replies":[{"embeddable":true,"href":"http:\/\/basakcilastik.com.tr\/index.php?rest_route=%2Fwp%2Fv2%2Fcomments&post=28040"}],"wp:featuredmedia":[{"embeddable":true,"href":"http:\/\/basakcilastik.com.tr\/index.php?rest_route=\/wp\/v2\/media\/28042"}],"wp:attachment":[{"href":"http:\/\/basakcilastik.com.tr\/index.php?rest_route=%2Fwp%2Fv2%2Fmedia&parent=28040"}],"wp:term":[{"taxonomy":"product_brand","embeddable":true,"href":"http:\/\/basakcilastik.com.tr\/index.php?rest_route=%2Fwp%2Fv2%2Fproduct_brand&post=28040"},{"taxonomy":"product_cat","embeddable":true,"href":"http:\/\/basakcilastik.com.tr\/index.php?rest_route=%2Fwp%2Fv2%2Fproduct_cat&post=28040"},{"taxonomy":"product_tag","embeddable":true,"href":"http:\/\/basakcilastik.com.tr\/index.php?rest_route=%2Fwp%2Fv2%2Fproduct_tag&post=28040"}],"curies":[{"name":"wp","href":"https:\/\/api.w.org\/{rel}","templated":true}]}}