{"id":27979,"date":"2020-09-08T12:17:35","date_gmt":"2020-09-08T12:17:35","guid":{"rendered":"https:\/\/basakcilastik.com.tr\/?post_type=product&#038;p=27979"},"modified":"2020-09-08T12:17:38","modified_gmt":"2020-09-08T12:17:38","slug":"gedore-takim-arabasi-mekanizmasi","status":"publish","type":"product","link":"http:\/\/basakcilastik.com.tr\/?product=gedore-takim-arabasi-mekanizmasi","title":{"rendered":"GEDORE Tak\u0131m Arabas\u0131 Mekanizmas\u0131"},"content":{"rendered":"<ul>\n<li>Aks, \u00fc\u00e7 noktadan yataklanm\u0131\u015f olup \u015fasiye g\u00fcvenli bir bi\u00e7imde sabitlenmi\u015ftir<\/li>\n<li>Aks\u0131n y\u00fck alt\u0131nda e\u011filmesi orta k\u0131s\u0131mdaki \u00fc\u00e7\u00fcnc\u00fc yataklama ile \u00f6nlenmi\u015ftir<\/li>\n<li>\u00d6zel aks tasar\u0131m\u0131 sayesinde GEDORE y\u00fcksek verimli tekerlekleri daima zeminle tam temas sa\u011flar<\/li>\n<li>Tekerlekler tam y\u00fck alt\u0131nda bile d\u00fczg\u00fcn hareket etme \u00f6zelli\u011fini korur ve lastikleri zarar g\u00f6rmez<\/li>\n<li>Dikey ve yatay kuvvetler trapez bi\u00e7imindeki konstr\u00fcksiyon taraf\u0131ndan absorbe edilir<\/li>\n<li>Trapez sacdan mamul \u00f6zel GEDORE \u015fasisi maruz kald\u0131\u011f\u0131 y\u00fckleri e\u015fit olarak da\u011f\u0131t\u0131r<\/li>\n<li>E\u015fit kuvvet da\u011f\u0131t\u0131m\u0131<\/li>\n<li>Vida ba\u011flant\u0131l\u0131 tekerlek sistemi \u00fczerine odaklanm\u0131\u015f kuvvet da\u011f\u0131l\u0131m\u0131<\/li>\n<\/ul>\n<ol>\n<li>Kolay y\u00fcr\u00fct\u00fclebilen y\u00fcksek verimli tekerlekler<\/li>\n<\/ol>\n<ul>\n<li>Rahat y\u00fcr\u00fct\u00fclebilen tekerlek ,\n<ul>\n<li>Tekerlekler \u00f6zel dolgu kau\u00e7uktan imal edilmi\u015ftir.<\/li>\n<li>Hassas bilye yata\u011f\u0131 sertle\u015ftirilmi\u015f i\u00e7 ve d\u0131\u015f bilezikler aras\u0131nda hareket eden bilyelerden olu\u015fur. A\u015f\u0131r\u0131 zorlanma ve y\u00fcksek h\u0131zda sa\u011flaml\u0131\u011f\u0131n\u0131 korur<\/li>\n<\/ul>\n<\/li>\n<\/ul>\n<p>&nbsp;<\/p>\n<p>&nbsp;<\/p>\n<ul>\n<li>Y\u00fcksek verimli tekerlek ,\n<ul>\n<li>Tekerlekler \u00f6zel dolgu kau\u00e7uktan imal edilmi\u015ftir. A\u015f\u0131r\u0131 y\u00fcke ve a\u015f\u0131nmaya kar\u015f\u0131 dayan\u0131kl\u0131d\u0131r<\/li>\n<li>Jant kaliteli pres d\u00f6k\u00fcm metalden imal edilmi\u015ftir<\/li>\n<li>Rulman\u0131n, \u00e7elik ya da paslanmaz \u00e7elikten \u00fcretilmi\u015f silindirleri, aks ile tekerlek g\u00f6be\u011fi aras\u0131nda hareket eden bir muhafaza i\u00e7ine yatakland\u0131r\u0131lm\u0131\u015ft\u0131r<\/li>\n<\/ul>\n<\/li>\n<\/ul>\n<p>&nbsp;<\/p>\n<p>GEDORE y\u00fcksek performansl\u0131 tekerlekler azami y\u00fck alt\u0131nda bile a\u015fa\u011f\u0131da belirtilen \u00f6zellikleri korur: Kolay ve d\u00fczg\u00fcn y\u00fcr\u00fct\u00fclebilen ve g\u00fc\u00e7l\u00fc manevra yetene\u011fi!<\/p>\n<p>&nbsp;<\/p>\n<p>Geleneksel sanayi tipi bir tekerlekte azami y\u00fck\u00fcn uyguland\u0131\u011f\u0131 durumda tekerlek \u00f6zelliklerini g\u00f6r\u00fcn\u00fcr ve hissedilebilir \u015fekilde de\u011fi\u015ftirmektedir. Tam y\u00fck uyguland\u0131\u011f\u0131nda araban\u0131n hareket etmesi b\u00fcy\u00fck makara direnci sebebiyle neredeyse m\u00fcmk\u00fcn de\u011fildir. Bu durum jant\u0131n yere temas etme tehlikesine neden olur ve bu da kazaya yol a\u00e7ar!<\/p>\n<p>&nbsp;<\/p>\n","protected":false},"excerpt":{"rendered":"<p>Aks, \u00fc\u00e7 noktadan yataklanm\u0131\u015f olup \u015fasiye g\u00fcvenli bir bi\u00e7imde sabitlenmi\u015ftir Aks\u0131n y\u00fck alt\u0131nda e\u011filmesi orta k\u0131s\u0131mdaki \u00fc\u00e7\u00fcnc\u00fc yataklama ile \u00f6nlenmi\u015ftir \u00d6zel aks tasar\u0131m\u0131 sayesinde GEDORE y\u00fcksek verimli tekerlekleri daima zeminle tam temas sa\u011flar Tekerlekler tam y\u00fck alt\u0131nda bile d\u00fczg\u00fcn hareket etme \u00f6zelli\u011fini korur ve lastikleri zarar g\u00f6rmez Dikey ve yatay kuvvetler trapez bi\u00e7imindeki konstr\u00fcksiyon taraf\u0131ndan absorbe edilir Trapez sacdan mamul [&hellip;]<\/p>\n","protected":false},"featured_media":27982,"comment_status":"open","ping_status":"closed","template":"","meta":[],"product_brand":[],"product_cat":[15,49,44],"product_tag":[],"class_list":{"0":"post-27979","1":"product","2":"type-product","3":"status-publish","4":"has-post-thumbnail","6":"product_cat-genel","7":"product_cat-takim-arabalari","8":"product_cat-takim-dolaplari-takim-cantalari-calisma-tezgahlari","10":"first","11":"instock","12":"shipping-taxable","13":"product-type-simple"},"_links":{"self":[{"href":"http:\/\/basakcilastik.com.tr\/index.php?rest_route=\/wp\/v2\/product\/27979","targetHints":{"allow":["GET"]}}],"collection":[{"href":"http:\/\/basakcilastik.com.tr\/index.php?rest_route=\/wp\/v2\/product"}],"about":[{"href":"http:\/\/basakcilastik.com.tr\/index.php?rest_route=\/wp\/v2\/types\/product"}],"replies":[{"embeddable":true,"href":"http:\/\/basakcilastik.com.tr\/index.php?rest_route=%2Fwp%2Fv2%2Fcomments&post=27979"}],"wp:featuredmedia":[{"embeddable":true,"href":"http:\/\/basakcilastik.com.tr\/index.php?rest_route=\/wp\/v2\/media\/27982"}],"wp:attachment":[{"href":"http:\/\/basakcilastik.com.tr\/index.php?rest_route=%2Fwp%2Fv2%2Fmedia&parent=27979"}],"wp:term":[{"taxonomy":"product_brand","embeddable":true,"href":"http:\/\/basakcilastik.com.tr\/index.php?rest_route=%2Fwp%2Fv2%2Fproduct_brand&post=27979"},{"taxonomy":"product_cat","embeddable":true,"href":"http:\/\/basakcilastik.com.tr\/index.php?rest_route=%2Fwp%2Fv2%2Fproduct_cat&post=27979"},{"taxonomy":"product_tag","embeddable":true,"href":"http:\/\/basakcilastik.com.tr\/index.php?rest_route=%2Fwp%2Fv2%2Fproduct_tag&post=27979"}],"curies":[{"name":"wp","href":"https:\/\/api.w.org\/{rel}","templated":true}]}}