{"id":27977,"date":"2020-09-08T12:16:54","date_gmt":"2020-09-08T12:16:54","guid":{"rendered":"https:\/\/basakcilastik.com.tr\/?post_type=product&#038;p=27977"},"modified":"2020-09-08T12:16:57","modified_gmt":"2020-09-08T12:16:57","slug":"beta-c24s7-takim-arabasi-7-cekmeceli","status":"publish","type":"product","link":"http:\/\/basakcilastik.com.tr\/?product=beta-c24s7-takim-arabasi-7-cekmeceli","title":{"rendered":"BETA C24S7 Tak\u0131m Arabas\u0131 7 \u00c7ekmeceli"},"content":{"rendered":"<p><strong>Ana \u00f6zellikleri:<\/strong><\/p>\n<ul>\n<li>Yedi \u00e7ekmece (588&#215;367 mm)<\/li>\n<\/ul>\n<p>rulman slaytlar:<\/p>\n<p>5 \u00e7ekmece, y\u00fcksek 70 mm<\/p>\n<p>1 \u00e7ekmece, y\u00fcksek 140 mm<\/p>\n<p>1 \u00e7ekmece, y\u00fcksek 210 mm<\/p>\n<p>Taraf\u0131ndan korunan \u2022 \u00c7ekmece tabanlar\u0131 kau\u00e7uk paspaslar k\u00f6p\u00fckl\u00fc.<\/p>\n<ul>\n<li>D\u00f6rt tekerlek \u00d8 125 mm:<\/li>\n<\/ul>\n<p>2 sabit ve 2 direksiyon (fren ile).<\/p>\n<ul>\n<li>\u00d6n merkezi emniyet kilidi.<\/li>\n<li>Statik y\u00fck kapasitesi: 800 kg.<\/li>\n<li>Termoplastik tezgah ma\u00e7 i\u00e7in tasarlanm\u0131\u015ft\u0131r<\/li>\n<\/ul>\n<p>arac\u0131 sand\u0131klar\u0131 C22S, C23S, C23SC ve C23ST<\/p>\n<ul>\n<li>Entegre edilmi\u015f yan \u015fi\u015fe tutucu.<\/li>\n<\/ul>\n<p>2400S-R\/PC yapabilirsiniz \u2022 Ka\u011f\u0131t rulosu tutucu madde<\/p>\n<p>da dahil.<\/p>\n<p>58 kg<\/p>\n<p>Metal \u00e7ekirdekli yeni tekerlekler<\/p>\n<p>geli\u015fmi\u015f sa\u011flaml\u0131k i\u00e7in&#8221;<\/p>\n<p>&nbsp;<\/p>\n","protected":false},"excerpt":{"rendered":"<p>Ana \u00f6zellikleri: Yedi \u00e7ekmece (588&#215;367 mm) rulman slaytlar: 5 \u00e7ekmece, y\u00fcksek 70 mm 1 \u00e7ekmece, y\u00fcksek 140 mm 1 \u00e7ekmece, y\u00fcksek 210 mm Taraf\u0131ndan korunan \u2022 \u00c7ekmece tabanlar\u0131 kau\u00e7uk paspaslar k\u00f6p\u00fckl\u00fc. D\u00f6rt tekerlek \u00d8 125 mm: 2 sabit ve 2 direksiyon (fren ile). \u00d6n merkezi emniyet kilidi. Statik y\u00fck kapasitesi: 800 kg. Termoplastik tezgah ma\u00e7 i\u00e7in tasarlanm\u0131\u015ft\u0131r arac\u0131 sand\u0131klar\u0131 C22S, [&hellip;]<\/p>\n","protected":false},"featured_media":27980,"comment_status":"open","ping_status":"closed","template":"","meta":[],"product_brand":[],"product_cat":[15,49,44],"product_tag":[],"class_list":{"0":"post-27977","1":"product","2":"type-product","3":"status-publish","4":"has-post-thumbnail","6":"product_cat-genel","7":"product_cat-takim-arabalari","8":"product_cat-takim-dolaplari-takim-cantalari-calisma-tezgahlari","10":"first","11":"instock","12":"shipping-taxable","13":"product-type-simple"},"_links":{"self":[{"href":"http:\/\/basakcilastik.com.tr\/index.php?rest_route=\/wp\/v2\/product\/27977","targetHints":{"allow":["GET"]}}],"collection":[{"href":"http:\/\/basakcilastik.com.tr\/index.php?rest_route=\/wp\/v2\/product"}],"about":[{"href":"http:\/\/basakcilastik.com.tr\/index.php?rest_route=\/wp\/v2\/types\/product"}],"replies":[{"embeddable":true,"href":"http:\/\/basakcilastik.com.tr\/index.php?rest_route=%2Fwp%2Fv2%2Fcomments&post=27977"}],"wp:featuredmedia":[{"embeddable":true,"href":"http:\/\/basakcilastik.com.tr\/index.php?rest_route=\/wp\/v2\/media\/27980"}],"wp:attachment":[{"href":"http:\/\/basakcilastik.com.tr\/index.php?rest_route=%2Fwp%2Fv2%2Fmedia&parent=27977"}],"wp:term":[{"taxonomy":"product_brand","embeddable":true,"href":"http:\/\/basakcilastik.com.tr\/index.php?rest_route=%2Fwp%2Fv2%2Fproduct_brand&post=27977"},{"taxonomy":"product_cat","embeddable":true,"href":"http:\/\/basakcilastik.com.tr\/index.php?rest_route=%2Fwp%2Fv2%2Fproduct_cat&post=27977"},{"taxonomy":"product_tag","embeddable":true,"href":"http:\/\/basakcilastik.com.tr\/index.php?rest_route=%2Fwp%2Fv2%2Fproduct_tag&post=27977"}],"curies":[{"name":"wp","href":"https:\/\/api.w.org\/{rel}","templated":true}]}}