{"id":27973,"date":"2020-09-08T12:15:16","date_gmt":"2020-09-08T12:15:16","guid":{"rendered":"https:\/\/basakcilastik.com.tr\/?post_type=product&#038;p=27973"},"modified":"2020-09-08T12:15:18","modified_gmt":"2020-09-08T12:15:18","slug":"aluminyum-tasima-arabasi-professional","status":"publish","type":"product","link":"http:\/\/basakcilastik.com.tr\/?product=aluminyum-tasima-arabasi-professional","title":{"rendered":"Al\u00fcminyum ta\u015f\u0131ma arabas\u0131 Professional"},"content":{"rendered":"<p>Katlan\u0131r El Arabas\u0131Al\u00fcminyum ta\u015f\u0131ma arabas\u0131 Professional<\/p>\n<p>Rahat ta\u015f\u0131ma<\/p>\n<p>Teknik veriler<\/p>\n<table width=\"750\">\n<thead>\n<tr>\n<td colspan=\"2\">Ek veriler<\/td>\n<\/tr>\n<\/thead>\n<tbody>\n<tr>\n<td><strong>Malzeme t\u00fcr\u00fc*<\/strong><\/td>\n<td><strong>ABS<\/strong><\/td>\n<\/tr>\n<tr>\n<td>A\u011f\u0131rl\u0131k<\/td>\n<td>7,1\u00a0kg<\/td>\n<\/tr>\n<\/tbody>\n<\/table>\n<p>&nbsp;<\/p>\n<table width=\"750\">\n<thead>\n<tr>\n<td colspan=\"2\">D\u0131\u015f \u00f6l\u00e7\u00fcler<\/td>\n<\/tr>\n<\/thead>\n<tbody>\n<tr>\n<td>D\u0131\u015f \u00f6l\u00e7\u00fcler (geni\u015flik x uzunluk x y\u00fckseklik)<\/td>\n<td>508 x 523 x 1071\u00a0mm<\/td>\n<\/tr>\n<\/tbody>\n<\/table>\n<p>* Vurgulanan Veriler<\/p>\n<p>Avantajlar<\/p>\n<p>Rahat ta\u015f\u0131ma<\/p>\n<ul>\n<li>Hafif ve kompakt: Yer tasarruflu yerle\u015fme i\u00e7in tutamak ve y\u00fckleme y\u00fczeyli, katlanabilir tekerlekli Al\u00fcminyum ta\u015f\u0131ma arabas\u0131<\/li>\n<li>Y\u00fckleme y\u00fczeyin yan destekleri ve her \u015feyi yerinde tutan elastik bant sayesinde BOXX&#8217;lar\u0131n g\u00fcvenli ta\u015f\u0131nmas\u0131<\/li>\n<li>125 kiloluk a\u011f\u0131rl\u0131\u011fa dayan\u0131kl\u0131, merdivenlerde 60 kiloya kadar<\/li>\n<\/ul>\n<p>Bu paketin i\u00e7indekiler<\/p>\n<p>Al\u00fcminyum ta\u015f\u0131ma arabas\u0131 Professional<\/p>\n<p>Sipari\u015f numaras\u0131:\u00a01\u00a0600\u00a0A00\u00a01SA<\/p>\n<p>&nbsp;<\/p>\n","protected":false},"excerpt":{"rendered":"<p>Katlan\u0131r El Arabas\u0131Al\u00fcminyum ta\u015f\u0131ma arabas\u0131 Professional Rahat ta\u015f\u0131ma Teknik veriler Ek veriler Malzeme t\u00fcr\u00fc* ABS A\u011f\u0131rl\u0131k 7,1\u00a0kg &nbsp; D\u0131\u015f \u00f6l\u00e7\u00fcler D\u0131\u015f \u00f6l\u00e7\u00fcler (geni\u015flik x uzunluk x y\u00fckseklik) 508 x 523 x 1071\u00a0mm * Vurgulanan Veriler Avantajlar Rahat ta\u015f\u0131ma Hafif ve kompakt: Yer tasarruflu yerle\u015fme i\u00e7in tutamak ve y\u00fckleme y\u00fczeyli, katlanabilir tekerlekli Al\u00fcminyum ta\u015f\u0131ma arabas\u0131 Y\u00fckleme y\u00fczeyin yan destekleri ve her [&hellip;]<\/p>\n","protected":false},"featured_media":27976,"comment_status":"open","ping_status":"closed","template":"","meta":[],"product_brand":[],"product_cat":[15,49,44],"product_tag":[],"class_list":{"0":"post-27973","1":"product","2":"type-product","3":"status-publish","4":"has-post-thumbnail","6":"product_cat-genel","7":"product_cat-takim-arabalari","8":"product_cat-takim-dolaplari-takim-cantalari-calisma-tezgahlari","10":"first","11":"instock","12":"shipping-taxable","13":"product-type-simple"},"_links":{"self":[{"href":"http:\/\/basakcilastik.com.tr\/index.php?rest_route=\/wp\/v2\/product\/27973","targetHints":{"allow":["GET"]}}],"collection":[{"href":"http:\/\/basakcilastik.com.tr\/index.php?rest_route=\/wp\/v2\/product"}],"about":[{"href":"http:\/\/basakcilastik.com.tr\/index.php?rest_route=\/wp\/v2\/types\/product"}],"replies":[{"embeddable":true,"href":"http:\/\/basakcilastik.com.tr\/index.php?rest_route=%2Fwp%2Fv2%2Fcomments&post=27973"}],"wp:featuredmedia":[{"embeddable":true,"href":"http:\/\/basakcilastik.com.tr\/index.php?rest_route=\/wp\/v2\/media\/27976"}],"wp:attachment":[{"href":"http:\/\/basakcilastik.com.tr\/index.php?rest_route=%2Fwp%2Fv2%2Fmedia&parent=27973"}],"wp:term":[{"taxonomy":"product_brand","embeddable":true,"href":"http:\/\/basakcilastik.com.tr\/index.php?rest_route=%2Fwp%2Fv2%2Fproduct_brand&post=27973"},{"taxonomy":"product_cat","embeddable":true,"href":"http:\/\/basakcilastik.com.tr\/index.php?rest_route=%2Fwp%2Fv2%2Fproduct_cat&post=27973"},{"taxonomy":"product_tag","embeddable":true,"href":"http:\/\/basakcilastik.com.tr\/index.php?rest_route=%2Fwp%2Fv2%2Fproduct_tag&post=27973"}],"curies":[{"name":"wp","href":"https:\/\/api.w.org\/{rel}","templated":true}]}}