{"id":27929,"date":"2020-09-08T10:06:06","date_gmt":"2020-09-08T10:06:06","guid":{"rendered":"https:\/\/basakcilastik.com.tr\/?post_type=product&#038;p=27929"},"modified":"2020-09-08T10:06:07","modified_gmt":"2020-09-08T10:06:07","slug":"1110-wmt-23-muhafaza-plakasi-seti-workmo-cekmece-w2w3-icin","status":"publish","type":"product","link":"http:\/\/basakcilastik.com.tr\/?product=1110-wmt-23-muhafaza-plakasi-seti-workmo-cekmece-w2w3-icin","title":{"rendered":"1110 WMT 23 Muhafaza Plakas\u0131 Seti WorkMo \u00c7ekmece W2+W3 i\u00e7in"},"content":{"rendered":"<p>WorkMo \u00e7ekmece W2+W3 i\u00e7in<\/p>\n<ul>\n<li>\u00c7ekmeceli kutular\u0131n b\u00f6l\u00fcmlere ayr\u0131lmas\u0131n\u0131 sa\u011flar<\/li>\n<li>1 enine ayra\u00e7, 2 boyuna ayra\u00e7 ve 7 montaj ayra\u00e7<\/li>\n<\/ul>\n","protected":false},"excerpt":{"rendered":"<p>WorkMo \u00e7ekmece W2+W3 i\u00e7in \u00c7ekmeceli kutular\u0131n b\u00f6l\u00fcmlere ayr\u0131lmas\u0131n\u0131 sa\u011flar 1 enine ayra\u00e7, 2 boyuna ayra\u00e7 ve 7 montaj ayra\u00e7<\/p>\n","protected":false},"featured_media":27932,"comment_status":"open","ping_status":"closed","template":"","meta":[],"product_brand":[],"product_cat":[15,49,44],"product_tag":[],"class_list":{"0":"post-27929","1":"product","2":"type-product","3":"status-publish","4":"has-post-thumbnail","6":"product_cat-genel","7":"product_cat-takim-arabalari","8":"product_cat-takim-dolaplari-takim-cantalari-calisma-tezgahlari","10":"first","11":"instock","12":"shipping-taxable","13":"product-type-simple"},"_links":{"self":[{"href":"http:\/\/basakcilastik.com.tr\/index.php?rest_route=\/wp\/v2\/product\/27929","targetHints":{"allow":["GET"]}}],"collection":[{"href":"http:\/\/basakcilastik.com.tr\/index.php?rest_route=\/wp\/v2\/product"}],"about":[{"href":"http:\/\/basakcilastik.com.tr\/index.php?rest_route=\/wp\/v2\/types\/product"}],"replies":[{"embeddable":true,"href":"http:\/\/basakcilastik.com.tr\/index.php?rest_route=%2Fwp%2Fv2%2Fcomments&post=27929"}],"wp:featuredmedia":[{"embeddable":true,"href":"http:\/\/basakcilastik.com.tr\/index.php?rest_route=\/wp\/v2\/media\/27932"}],"wp:attachment":[{"href":"http:\/\/basakcilastik.com.tr\/index.php?rest_route=%2Fwp%2Fv2%2Fmedia&parent=27929"}],"wp:term":[{"taxonomy":"product_brand","embeddable":true,"href":"http:\/\/basakcilastik.com.tr\/index.php?rest_route=%2Fwp%2Fv2%2Fproduct_brand&post=27929"},{"taxonomy":"product_cat","embeddable":true,"href":"http:\/\/basakcilastik.com.tr\/index.php?rest_route=%2Fwp%2Fv2%2Fproduct_cat&post=27929"},{"taxonomy":"product_tag","embeddable":true,"href":"http:\/\/basakcilastik.com.tr\/index.php?rest_route=%2Fwp%2Fv2%2Fproduct_tag&post=27929"}],"curies":[{"name":"wp","href":"https:\/\/api.w.org\/{rel}","templated":true}]}}