{"id":27903,"date":"2020-09-08T09:54:50","date_gmt":"2020-09-08T09:54:50","guid":{"rendered":"https:\/\/basakcilastik.com.tr\/?post_type=product&#038;p=27903"},"modified":"2020-09-08T09:54:52","modified_gmt":"2020-09-08T09:54:52","slug":"7-cekmeceli-takim-arabasi","status":"publish","type":"product","link":"http:\/\/basakcilastik.com.tr\/?product=7-cekmeceli-takim-arabasi","title":{"rendered":"7 \u00c7ekmeceli Tak\u0131m Arabas\u0131"},"content":{"rendered":"<ul>\n<li>EVA mod\u00fclleriyle uyumlu %100 a\u00e7\u0131labilen teleskopik rayl\u0131 \u00e7ekmeceler.<\/li>\n<li>\u0130stem d\u0131\u015f\u0131 a\u00e7\u0131l\u0131mlar\u0131 engelleyici&#8221;Ak\u0131ll\u0131 Kilit Sistemi&#8221;<\/li>\n<li>Darbeye dayan\u0131kl\u0131 y\u00fcksek kalite sac.<\/li>\n<li>\u00c7izilmez elektrostatik f\u0131r\u0131n boya.<\/li>\n<li>7 g\u00f6zl\u00fc \u00fcst b\u00f6l\u00fcm.<\/li>\n<\/ul>\n<table width=\"100%\">\n<tbody>\n<tr>\n<td width=\"148\"><strong>\u00a0\u00dcr\u00fcn Kodu<\/strong><\/td>\n<td width=\"159\"><strong>\u00a0\u00d6l\u00e7\u00fc<\/strong><\/td>\n<td width=\"173\"><strong>\u00a0Paket \/ Koli<\/strong><\/td>\n<\/tr>\n<tr>\n<td width=\"148\">\u00a0RTA7001<\/td>\n<td width=\"159\">\u00a090&#215;67,5&#215;45 cm<\/td>\n<td width=\"173\">\u00a01 Adet<\/td>\n<\/tr>\n<\/tbody>\n<\/table>\n<p>&nbsp;<\/p>\n","protected":false},"excerpt":{"rendered":"<p>EVA mod\u00fclleriyle uyumlu %100 a\u00e7\u0131labilen teleskopik rayl\u0131 \u00e7ekmeceler. \u0130stem d\u0131\u015f\u0131 a\u00e7\u0131l\u0131mlar\u0131 engelleyici&#8221;Ak\u0131ll\u0131 Kilit Sistemi&#8221; Darbeye dayan\u0131kl\u0131 y\u00fcksek kalite sac. \u00c7izilmez elektrostatik f\u0131r\u0131n boya. 7 g\u00f6zl\u00fc \u00fcst b\u00f6l\u00fcm. \u00a0\u00dcr\u00fcn Kodu \u00a0\u00d6l\u00e7\u00fc \u00a0Paket \/ Koli \u00a0RTA7001 \u00a090&#215;67,5&#215;45 cm \u00a01 Adet &nbsp;<\/p>\n","protected":false},"featured_media":27906,"comment_status":"open","ping_status":"closed","template":"","meta":[],"product_brand":[],"product_cat":[15,49,44],"product_tag":[],"class_list":{"0":"post-27903","1":"product","2":"type-product","3":"status-publish","4":"has-post-thumbnail","6":"product_cat-genel","7":"product_cat-takim-arabalari","8":"product_cat-takim-dolaplari-takim-cantalari-calisma-tezgahlari","10":"first","11":"instock","12":"shipping-taxable","13":"product-type-simple"},"_links":{"self":[{"href":"http:\/\/basakcilastik.com.tr\/index.php?rest_route=\/wp\/v2\/product\/27903","targetHints":{"allow":["GET"]}}],"collection":[{"href":"http:\/\/basakcilastik.com.tr\/index.php?rest_route=\/wp\/v2\/product"}],"about":[{"href":"http:\/\/basakcilastik.com.tr\/index.php?rest_route=\/wp\/v2\/types\/product"}],"replies":[{"embeddable":true,"href":"http:\/\/basakcilastik.com.tr\/index.php?rest_route=%2Fwp%2Fv2%2Fcomments&post=27903"}],"wp:featuredmedia":[{"embeddable":true,"href":"http:\/\/basakcilastik.com.tr\/index.php?rest_route=\/wp\/v2\/media\/27906"}],"wp:attachment":[{"href":"http:\/\/basakcilastik.com.tr\/index.php?rest_route=%2Fwp%2Fv2%2Fmedia&parent=27903"}],"wp:term":[{"taxonomy":"product_brand","embeddable":true,"href":"http:\/\/basakcilastik.com.tr\/index.php?rest_route=%2Fwp%2Fv2%2Fproduct_brand&post=27903"},{"taxonomy":"product_cat","embeddable":true,"href":"http:\/\/basakcilastik.com.tr\/index.php?rest_route=%2Fwp%2Fv2%2Fproduct_cat&post=27903"},{"taxonomy":"product_tag","embeddable":true,"href":"http:\/\/basakcilastik.com.tr\/index.php?rest_route=%2Fwp%2Fv2%2Fproduct_tag&post=27903"}],"curies":[{"name":"wp","href":"https:\/\/api.w.org\/{rel}","templated":true}]}}