{"id":27817,"date":"2020-09-07T23:12:14","date_gmt":"2020-09-07T23:12:14","guid":{"rendered":"https:\/\/basakcilastik.com.tr\/?post_type=product&#038;p=27817"},"modified":"2020-09-07T23:12:16","modified_gmt":"2020-09-07T23:12:16","slug":"corghi-exact-linear","status":"publish","type":"product","link":"http:\/\/basakcilastik.com.tr\/?product=corghi-exact-linear","title":{"rendered":"CORGH\u0130 EXACT L\u0130NEAR"},"content":{"rendered":"<p><strong>\u00d6ZELL\u0130KLER<\/strong><\/p>\n<table width=\"555\">\n<tbody>\n<tr>\n<td><strong>\u00dcr\u00fcn Kodu<\/strong><\/td>\n<td>Exact Linear<\/td>\n<\/tr>\n<\/tbody>\n<\/table>\n<p><strong>2 Y\u00fcksek \u00c7\u00f6z\u00fcn\u00fcrl\u00fckl\u00fc Kamera<\/strong><\/p>\n<p><strong>2 Kamera Sayesinde \u00d6l\u00e7\u00fcm hatas\u0131 yok!<\/strong><\/p>\n<p><strong>Geni\u015f A\u00e7\u0131lar\u0131 G\u00f6rebilmesi sayesinde Hatas\u0131z \u00d6l\u00e7\u00fcm<\/strong><\/p>\n<p><strong>4 Adet K\u0131r\u0131lmaz Dayanakl\u0131 Ba\u011flant\u0131 Aya\u011f\u0131 ve Yans\u0131t\u0131c\u0131<\/strong><\/p>\n<p><strong>Ba\u011flant\u0131 Ayaklar\u0131 Janta Zarar Vermez<\/strong><\/p>\n<p><strong>Kolay ve Hzl\u0131 Kullan\u0131ml\u0131 Aray\u00fcz<\/strong><\/p>\n<p><strong>H\u0131zl\u0131 ve Hassas Veri \u00d6l\u00e7\u00fcm\u00fc<\/strong><\/p>\n<p><strong>Hert\u00fcrl\u00fc Janta Uyumlu Veri Okuma<\/strong><\/p>\n<p><strong>Lift Ya da \u00c7ukur Modellier<\/strong><\/p>\n<p><strong>T\u00fcrk\u00e7e Men\u00fc ve T\u00fcrk\u00e7e Raporlama<\/strong><\/p>\n<p>&nbsp;<\/p>\n","protected":false},"excerpt":{"rendered":"<p>\u00d6ZELL\u0130KLER \u00dcr\u00fcn Kodu Exact Linear 2 Y\u00fcksek \u00c7\u00f6z\u00fcn\u00fcrl\u00fckl\u00fc Kamera 2 Kamera Sayesinde \u00d6l\u00e7\u00fcm hatas\u0131 yok! Geni\u015f A\u00e7\u0131lar\u0131 G\u00f6rebilmesi sayesinde Hatas\u0131z \u00d6l\u00e7\u00fcm 4 Adet K\u0131r\u0131lmaz Dayanakl\u0131 Ba\u011flant\u0131 Aya\u011f\u0131 ve Yans\u0131t\u0131c\u0131 Ba\u011flant\u0131 Ayaklar\u0131 Janta Zarar Vermez Kolay ve Hzl\u0131 Kullan\u0131ml\u0131 Aray\u00fcz H\u0131zl\u0131 ve Hassas Veri \u00d6l\u00e7\u00fcm\u00fc Hert\u00fcrl\u00fc Janta Uyumlu Veri Okuma Lift Ya da \u00c7ukur Modellier T\u00fcrk\u00e7e Men\u00fc ve T\u00fcrk\u00e7e Raporlama &nbsp;<\/p>\n","protected":false},"featured_media":27820,"comment_status":"open","ping_status":"closed","template":"","meta":[],"product_brand":[],"product_cat":[15,30,28],"product_tag":[],"class_list":{"0":"post-27817","1":"product","2":"type-product","3":"status-publish","4":"has-post-thumbnail","6":"product_cat-genel","7":"product_cat-rot-ayar-cihazlari","8":"product_cat-rot-balans-makinalari","10":"first","11":"instock","12":"shipping-taxable","13":"product-type-simple"},"_links":{"self":[{"href":"http:\/\/basakcilastik.com.tr\/index.php?rest_route=\/wp\/v2\/product\/27817","targetHints":{"allow":["GET"]}}],"collection":[{"href":"http:\/\/basakcilastik.com.tr\/index.php?rest_route=\/wp\/v2\/product"}],"about":[{"href":"http:\/\/basakcilastik.com.tr\/index.php?rest_route=\/wp\/v2\/types\/product"}],"replies":[{"embeddable":true,"href":"http:\/\/basakcilastik.com.tr\/index.php?rest_route=%2Fwp%2Fv2%2Fcomments&post=27817"}],"wp:featuredmedia":[{"embeddable":true,"href":"http:\/\/basakcilastik.com.tr\/index.php?rest_route=\/wp\/v2\/media\/27820"}],"wp:attachment":[{"href":"http:\/\/basakcilastik.com.tr\/index.php?rest_route=%2Fwp%2Fv2%2Fmedia&parent=27817"}],"wp:term":[{"taxonomy":"product_brand","embeddable":true,"href":"http:\/\/basakcilastik.com.tr\/index.php?rest_route=%2Fwp%2Fv2%2Fproduct_brand&post=27817"},{"taxonomy":"product_cat","embeddable":true,"href":"http:\/\/basakcilastik.com.tr\/index.php?rest_route=%2Fwp%2Fv2%2Fproduct_cat&post=27817"},{"taxonomy":"product_tag","embeddable":true,"href":"http:\/\/basakcilastik.com.tr\/index.php?rest_route=%2Fwp%2Fv2%2Fproduct_tag&post=27817"}],"curies":[{"name":"wp","href":"https:\/\/api.w.org\/{rel}","templated":true}]}}