{"id":27718,"date":"2020-09-07T21:10:46","date_gmt":"2020-09-07T21:10:46","guid":{"rendered":"https:\/\/basakcilastik.com.tr\/?post_type=product&#038;p=27718"},"modified":"2020-09-07T21:10:47","modified_gmt":"2020-09-07T21:10:47","slug":"tubeless-kamyon-cakma-kursun-tema","status":"publish","type":"product","link":"http:\/\/basakcilastik.com.tr\/?product=tubeless-kamyon-cakma-kursun-tema","title":{"rendered":"TUBELESS KAMYON \u00c7AKMA KUR\u015eUN TEMA"},"content":{"rendered":"<p>TUBELESS KAMYON \u00c7AKMA KUR\u015eUN TEMA<\/p>\n","protected":false},"excerpt":{"rendered":"<p>TUBELESS KAMYON \u00c7AKMA KUR\u015eUN TEMA<\/p>\n","protected":false},"featured_media":27721,"comment_status":"open","ping_status":"closed","template":"","meta":[],"product_brand":[],"product_cat":[15,130],"product_tag":[],"class_list":{"0":"post-27718","1":"product","2":"type-product","3":"status-publish","4":"has-post-thumbnail","6":"product_cat-genel","7":"product_cat-lastik-tamir-malzemeleri","9":"first","10":"instock","11":"shipping-taxable","12":"product-type-simple"},"_links":{"self":[{"href":"http:\/\/basakcilastik.com.tr\/index.php?rest_route=\/wp\/v2\/product\/27718","targetHints":{"allow":["GET"]}}],"collection":[{"href":"http:\/\/basakcilastik.com.tr\/index.php?rest_route=\/wp\/v2\/product"}],"about":[{"href":"http:\/\/basakcilastik.com.tr\/index.php?rest_route=\/wp\/v2\/types\/product"}],"replies":[{"embeddable":true,"href":"http:\/\/basakcilastik.com.tr\/index.php?rest_route=%2Fwp%2Fv2%2Fcomments&post=27718"}],"wp:featuredmedia":[{"embeddable":true,"href":"http:\/\/basakcilastik.com.tr\/index.php?rest_route=\/wp\/v2\/media\/27721"}],"wp:attachment":[{"href":"http:\/\/basakcilastik.com.tr\/index.php?rest_route=%2Fwp%2Fv2%2Fmedia&parent=27718"}],"wp:term":[{"taxonomy":"product_brand","embeddable":true,"href":"http:\/\/basakcilastik.com.tr\/index.php?rest_route=%2Fwp%2Fv2%2Fproduct_brand&post=27718"},{"taxonomy":"product_cat","embeddable":true,"href":"http:\/\/basakcilastik.com.tr\/index.php?rest_route=%2Fwp%2Fv2%2Fproduct_cat&post=27718"},{"taxonomy":"product_tag","embeddable":true,"href":"http:\/\/basakcilastik.com.tr\/index.php?rest_route=%2Fwp%2Fv2%2Fproduct_tag&post=27718"}],"curies":[{"name":"wp","href":"https:\/\/api.w.org\/{rel}","templated":true}]}}