{"id":27710,"date":"2020-09-07T21:07:45","date_gmt":"2020-09-07T21:07:45","guid":{"rendered":"https:\/\/basakcilastik.com.tr\/?post_type=product&#038;p=27710"},"modified":"2020-09-07T21:07:47","modified_gmt":"2020-09-07T21:07:47","slug":"sprey-temizleme-solusyonu-500ml","status":"publish","type":"product","link":"http:\/\/basakcilastik.com.tr\/?product=sprey-temizleme-solusyonu-500ml","title":{"rendered":"SPREY TEM\u0130ZLEME SOL\u00dcSYONU 500ML"},"content":{"rendered":"<p>SPREY TEM\u0130ZLEME SOL\u00dcSYONU 500ML<\/p>\n","protected":false},"excerpt":{"rendered":"<p>SPREY TEM\u0130ZLEME SOL\u00dcSYONU 500ML<\/p>\n","protected":false},"featured_media":27713,"comment_status":"open","ping_status":"closed","template":"","meta":[],"product_brand":[],"product_cat":[15,130],"product_tag":[],"class_list":{"0":"post-27710","1":"product","2":"type-product","3":"status-publish","4":"has-post-thumbnail","6":"product_cat-genel","7":"product_cat-lastik-tamir-malzemeleri","9":"first","10":"instock","11":"shipping-taxable","12":"product-type-simple"},"_links":{"self":[{"href":"http:\/\/basakcilastik.com.tr\/index.php?rest_route=\/wp\/v2\/product\/27710","targetHints":{"allow":["GET"]}}],"collection":[{"href":"http:\/\/basakcilastik.com.tr\/index.php?rest_route=\/wp\/v2\/product"}],"about":[{"href":"http:\/\/basakcilastik.com.tr\/index.php?rest_route=\/wp\/v2\/types\/product"}],"replies":[{"embeddable":true,"href":"http:\/\/basakcilastik.com.tr\/index.php?rest_route=%2Fwp%2Fv2%2Fcomments&post=27710"}],"wp:featuredmedia":[{"embeddable":true,"href":"http:\/\/basakcilastik.com.tr\/index.php?rest_route=\/wp\/v2\/media\/27713"}],"wp:attachment":[{"href":"http:\/\/basakcilastik.com.tr\/index.php?rest_route=%2Fwp%2Fv2%2Fmedia&parent=27710"}],"wp:term":[{"taxonomy":"product_brand","embeddable":true,"href":"http:\/\/basakcilastik.com.tr\/index.php?rest_route=%2Fwp%2Fv2%2Fproduct_brand&post=27710"},{"taxonomy":"product_cat","embeddable":true,"href":"http:\/\/basakcilastik.com.tr\/index.php?rest_route=%2Fwp%2Fv2%2Fproduct_cat&post=27710"},{"taxonomy":"product_tag","embeddable":true,"href":"http:\/\/basakcilastik.com.tr\/index.php?rest_route=%2Fwp%2Fv2%2Fproduct_tag&post=27710"}],"curies":[{"name":"wp","href":"https:\/\/api.w.org\/{rel}","templated":true}]}}