{"id":27686,"date":"2020-09-07T20:51:16","date_gmt":"2020-09-07T20:51:16","guid":{"rendered":"https:\/\/basakcilastik.com.tr\/?post_type=product&#038;p=27686"},"modified":"2020-09-07T20:51:17","modified_gmt":"2020-09-07T20:51:17","slug":"maruni-lastik-fitili","status":"publish","type":"product","link":"http:\/\/basakcilastik.com.tr\/?product=maruni-lastik-fitili","title":{"rendered":"MARUN\u0130 LAST\u0130K F\u0130T\u0130L\u0130"},"content":{"rendered":"<p>MARUN\u0130 LAST\u0130K F\u0130T\u0130L\u0130<\/p>\n","protected":false},"excerpt":{"rendered":"<p>MARUN\u0130 LAST\u0130K F\u0130T\u0130L\u0130<\/p>\n","protected":false},"featured_media":27689,"comment_status":"open","ping_status":"closed","template":"","meta":[],"product_brand":[],"product_cat":[15,130],"product_tag":[],"class_list":{"0":"post-27686","1":"product","2":"type-product","3":"status-publish","4":"has-post-thumbnail","6":"product_cat-genel","7":"product_cat-lastik-tamir-malzemeleri","9":"first","10":"instock","11":"shipping-taxable","12":"product-type-simple"},"_links":{"self":[{"href":"http:\/\/basakcilastik.com.tr\/index.php?rest_route=\/wp\/v2\/product\/27686","targetHints":{"allow":["GET"]}}],"collection":[{"href":"http:\/\/basakcilastik.com.tr\/index.php?rest_route=\/wp\/v2\/product"}],"about":[{"href":"http:\/\/basakcilastik.com.tr\/index.php?rest_route=\/wp\/v2\/types\/product"}],"replies":[{"embeddable":true,"href":"http:\/\/basakcilastik.com.tr\/index.php?rest_route=%2Fwp%2Fv2%2Fcomments&post=27686"}],"wp:featuredmedia":[{"embeddable":true,"href":"http:\/\/basakcilastik.com.tr\/index.php?rest_route=\/wp\/v2\/media\/27689"}],"wp:attachment":[{"href":"http:\/\/basakcilastik.com.tr\/index.php?rest_route=%2Fwp%2Fv2%2Fmedia&parent=27686"}],"wp:term":[{"taxonomy":"product_brand","embeddable":true,"href":"http:\/\/basakcilastik.com.tr\/index.php?rest_route=%2Fwp%2Fv2%2Fproduct_brand&post=27686"},{"taxonomy":"product_cat","embeddable":true,"href":"http:\/\/basakcilastik.com.tr\/index.php?rest_route=%2Fwp%2Fv2%2Fproduct_cat&post=27686"},{"taxonomy":"product_tag","embeddable":true,"href":"http:\/\/basakcilastik.com.tr\/index.php?rest_route=%2Fwp%2Fv2%2Fproduct_tag&post=27686"}],"curies":[{"name":"wp","href":"https:\/\/api.w.org\/{rel}","templated":true}]}}