{"id":27646,"date":"2020-09-07T12:35:31","date_gmt":"2020-09-07T12:35:31","guid":{"rendered":"https:\/\/basakcilastik.com.tr\/?post_type=product&#038;p=27646"},"modified":"2020-09-07T12:35:32","modified_gmt":"2020-09-07T12:35:32","slug":"manager","status":"publish","type":"product","link":"http:\/\/basakcilastik.com.tr\/?product=manager","title":{"rendered":"MANAGER"},"content":{"rendered":"<p><strong>\u00d6ZELL\u0130KLER<\/strong><\/p>\n<table width=\"555\">\n<tbody>\n<tr>\n<td><strong>\u00dcr\u00fcn Kodu<\/strong><\/td>\n<td>93 00<\/td>\n<\/tr>\n<tr>\n<td>Jant \u00c7ap\u0131 (i\u00e7ten)<\/td>\n<td>10&#8243;-26&#8243;<\/td>\n<\/tr>\n<tr>\n<td>Jant \u00c7ap\u0131 (d\u0131\u015ftan)<\/td>\n<td>10&#8243;-26&#8243;<\/td>\n<\/tr>\n<tr>\n<td>Yard\u0131mc\u0131 Kol (Plus Sistemi)<\/td>\n<td>Standart<\/td>\n<\/tr>\n<tr>\n<td>\u00c7ift Devirli Motor<\/td>\n<td>Standart<\/td>\n<\/tr>\n<tr>\n<td>Otomatik Levye<\/td>\n<td>Opsiyonel<\/td>\n<\/tr>\n<tr>\n<td>\u015eoklama Sistemi<\/td>\n<td>Opsiyonel<\/td>\n<\/tr>\n<tr>\n<td>Hava Raf\u0131<\/td>\n<td>Opsiyonel<\/td>\n<\/tr>\n<tr>\n<td>\u00c7al\u0131\u015fma Bas\u0131nc\u0131<\/td>\n<td>8-10 Bar<\/td>\n<\/tr>\n<\/tbody>\n<\/table>\n<p>&nbsp;<\/p>\n","protected":false},"excerpt":{"rendered":"<p>\u00d6ZELL\u0130KLER \u00dcr\u00fcn Kodu 93 00 Jant \u00c7ap\u0131 (i\u00e7ten) 10&#8243;-26&#8243; Jant \u00c7ap\u0131 (d\u0131\u015ftan) 10&#8243;-26&#8243; Yard\u0131mc\u0131 Kol (Plus Sistemi) Standart \u00c7ift Devirli Motor Standart Otomatik Levye Opsiyonel \u015eoklama Sistemi Opsiyonel Hava Raf\u0131 Opsiyonel \u00c7al\u0131\u015fma Bas\u0131nc\u0131 8-10 Bar &nbsp;<\/p>\n","protected":false},"featured_media":27649,"comment_status":"open","ping_status":"closed","template":"","meta":[],"product_brand":[],"product_cat":[15,27,25],"product_tag":[],"class_list":{"0":"post-27646","1":"product","2":"type-product","3":"status-publish","4":"has-post-thumbnail","6":"product_cat-genel","7":"product_cat-binek-lastik-sokme-takma-makinalari","8":"product_cat-lastik-sokme-takma-gruplari","10":"first","11":"instock","12":"shipping-taxable","13":"product-type-simple"},"_links":{"self":[{"href":"http:\/\/basakcilastik.com.tr\/index.php?rest_route=\/wp\/v2\/product\/27646","targetHints":{"allow":["GET"]}}],"collection":[{"href":"http:\/\/basakcilastik.com.tr\/index.php?rest_route=\/wp\/v2\/product"}],"about":[{"href":"http:\/\/basakcilastik.com.tr\/index.php?rest_route=\/wp\/v2\/types\/product"}],"replies":[{"embeddable":true,"href":"http:\/\/basakcilastik.com.tr\/index.php?rest_route=%2Fwp%2Fv2%2Fcomments&post=27646"}],"wp:featuredmedia":[{"embeddable":true,"href":"http:\/\/basakcilastik.com.tr\/index.php?rest_route=\/wp\/v2\/media\/27649"}],"wp:attachment":[{"href":"http:\/\/basakcilastik.com.tr\/index.php?rest_route=%2Fwp%2Fv2%2Fmedia&parent=27646"}],"wp:term":[{"taxonomy":"product_brand","embeddable":true,"href":"http:\/\/basakcilastik.com.tr\/index.php?rest_route=%2Fwp%2Fv2%2Fproduct_brand&post=27646"},{"taxonomy":"product_cat","embeddable":true,"href":"http:\/\/basakcilastik.com.tr\/index.php?rest_route=%2Fwp%2Fv2%2Fproduct_cat&post=27646"},{"taxonomy":"product_tag","embeddable":true,"href":"http:\/\/basakcilastik.com.tr\/index.php?rest_route=%2Fwp%2Fv2%2Fproduct_tag&post=27646"}],"curies":[{"name":"wp","href":"https:\/\/api.w.org\/{rel}","templated":true}]}}