{"id":27606,"date":"2020-09-07T12:00:21","date_gmt":"2020-09-07T12:00:21","guid":{"rendered":"https:\/\/basakcilastik.com.tr\/?post_type=product&#038;p=27606"},"modified":"2020-09-07T12:00:23","modified_gmt":"2020-09-07T12:00:23","slug":"bt-5000-sokme-takma-makinasi","status":"publish","type":"product","link":"http:\/\/basakcilastik.com.tr\/?product=bt-5000-sokme-takma-makinasi","title":{"rendered":"BT-5000 S\u00d6KME TAKMA MAK\u0130NASI"},"content":{"rendered":"<p>Cocker-S500<\/p>\n<p><strong>JANT \u00c7API (\u0130\u00c7TEN) :\u00a0<\/strong>12&#8243;-24&#8243;<br \/>\n<strong>JANT \u00c7API (DI\u015eTAN) :\u00a0<\/strong>10&#8243;-22&#8243;<br \/>\n<strong>DAMAK D\u00dc\u015e\u00dcRME KUV. :\u00a0<\/strong>2500 kg<br \/>\n<strong>MAX.LAST\u0130K \u00c7API :\u00a0<\/strong>1130 mm<br \/>\n<strong>MOTOR G\u00dcC\u00dc :\u00a0<\/strong>0,75Kw 380v<br \/>\n<strong>\u00c7ALI\u015eMA BASINCI :\u00a0<\/strong>8-10 BAR<br \/>\n<strong>NET A\u011eIRLIK :\u00a0<\/strong>290 Kg<br \/>\n<strong>\u00c7\u0130FT DEV\u0130R MOTOR OPS\u0130YONEL : Evet<\/strong><br \/>\n<strong>220v MOTOR OPS\u0130YONEL :Evet<\/strong><br \/>\n<strong><br \/>\nGenel \u00d6zellikler<\/strong><\/p>\n<p>Tam Otomatik Lastik S\u00f6kme Takma Makinas\u0131<\/p>\n<p>Ayak Pedal\u0131ndan kontrol edilen Geriye Yatan Dikey Kolon Sistemi<\/p>\n<p>Operasyon Kolu \u00fczerinde bulunan h\u0131zl\u0131 kilitleme tu\u015flar\u0131 ile h\u0131zl\u0131 \u00e7al\u0131\u015fma imkan\u0131<\/p>\n<p>S\u00f6kme Takma Ba\u015fl\u0131\u011f\u0131 otomatik geri \u00e7ekme sistemi<\/p>\n<p>4 a\u011f\u0131zl\u0131 jant s\u0131k\u0131\u015ft\u0131rma ve otomatik merkezleme<\/p>\n<p>Kolay ve daha h\u0131zl\u0131 kullan\u0131m i\u00e7in mekanizmal\u0131 pedal sistemi<\/p>\n<p>Paslanmaz pn\u00f6matik aksam<\/p>\n<p>G\u00fc\u00e7l\u00fc ve sa\u011flam mekanik yap\u0131<\/p>\n<p>En zorlu Lastiklerde dahi zorlanmayan y\u00fcksek torklu ve rakiplerinden 3 kat daha dayan\u0131kl\u0131 bronz malzemeden COCKER Red\u00fckt\u00f6r.<\/p>\n<p>Entegre kuvvetli ve geni\u015f damak d\u00fc\u015f\u00fcrme aparat\u0131<\/p>\n<p>&nbsp;<\/p>\n","protected":false},"excerpt":{"rendered":"<p>Cocker-S500 JANT \u00c7API (\u0130\u00c7TEN) :\u00a012&#8243;-24&#8243; JANT \u00c7API (DI\u015eTAN) :\u00a010&#8243;-22&#8243; DAMAK D\u00dc\u015e\u00dcRME KUV. :\u00a02500 kg MAX.LAST\u0130K \u00c7API :\u00a01130 mm MOTOR G\u00dcC\u00dc :\u00a00,75Kw 380v \u00c7ALI\u015eMA BASINCI :\u00a08-10 BAR NET A\u011eIRLIK :\u00a0290 Kg \u00c7\u0130FT DEV\u0130R MOTOR OPS\u0130YONEL : Evet 220v MOTOR OPS\u0130YONEL :Evet Genel \u00d6zellikler Tam Otomatik Lastik S\u00f6kme Takma Makinas\u0131 Ayak Pedal\u0131ndan kontrol edilen Geriye Yatan Dikey Kolon Sistemi Operasyon Kolu \u00fczerinde [&hellip;]<\/p>\n","protected":false},"featured_media":27609,"comment_status":"open","ping_status":"closed","template":"","meta":[],"product_brand":[],"product_cat":[15,27,25],"product_tag":[],"class_list":{"0":"post-27606","1":"product","2":"type-product","3":"status-publish","4":"has-post-thumbnail","6":"product_cat-genel","7":"product_cat-binek-lastik-sokme-takma-makinalari","8":"product_cat-lastik-sokme-takma-gruplari","10":"first","11":"instock","12":"shipping-taxable","13":"product-type-simple"},"_links":{"self":[{"href":"http:\/\/basakcilastik.com.tr\/index.php?rest_route=\/wp\/v2\/product\/27606","targetHints":{"allow":["GET"]}}],"collection":[{"href":"http:\/\/basakcilastik.com.tr\/index.php?rest_route=\/wp\/v2\/product"}],"about":[{"href":"http:\/\/basakcilastik.com.tr\/index.php?rest_route=\/wp\/v2\/types\/product"}],"replies":[{"embeddable":true,"href":"http:\/\/basakcilastik.com.tr\/index.php?rest_route=%2Fwp%2Fv2%2Fcomments&post=27606"}],"wp:featuredmedia":[{"embeddable":true,"href":"http:\/\/basakcilastik.com.tr\/index.php?rest_route=\/wp\/v2\/media\/27609"}],"wp:attachment":[{"href":"http:\/\/basakcilastik.com.tr\/index.php?rest_route=%2Fwp%2Fv2%2Fmedia&parent=27606"}],"wp:term":[{"taxonomy":"product_brand","embeddable":true,"href":"http:\/\/basakcilastik.com.tr\/index.php?rest_route=%2Fwp%2Fv2%2Fproduct_brand&post=27606"},{"taxonomy":"product_cat","embeddable":true,"href":"http:\/\/basakcilastik.com.tr\/index.php?rest_route=%2Fwp%2Fv2%2Fproduct_cat&post=27606"},{"taxonomy":"product_tag","embeddable":true,"href":"http:\/\/basakcilastik.com.tr\/index.php?rest_route=%2Fwp%2Fv2%2Fproduct_tag&post=27606"}],"curies":[{"name":"wp","href":"https:\/\/api.w.org\/{rel}","templated":true}]}}