{"id":27593,"date":"2020-09-07T11:16:02","date_gmt":"2020-09-07T11:16:02","guid":{"rendered":"https:\/\/basakcilastik.com.tr\/?post_type=product&#038;p=27593"},"modified":"2020-09-07T11:16:04","modified_gmt":"2020-09-07T11:16:04","slug":"speedy","status":"publish","type":"product","link":"http:\/\/basakcilastik.com.tr\/?product=speedy","title":{"rendered":"SPEEDY"},"content":{"rendered":"<p><strong>\u00d6ZELL\u0130KLER<\/strong><\/p>\n<table width=\"555\">\n<tbody>\n<tr>\n<td><strong>\u00dcr\u00fcn Kodu<\/strong><\/td>\n<td>33 00<\/td>\n<\/tr>\n<tr>\n<td>Jant \u00c7ap\u0131<\/td>\n<td>14&#8243;-56&#8243;<\/td>\n<\/tr>\n<tr>\n<td>Max. Lastik A\u011f\u0131rl\u0131\u011f\u0131<\/td>\n<td>1200 Kg<\/td>\n<\/tr>\n<tr>\n<td>Max. Lastik Geni\u015fli\u011fi (mm)<\/td>\n<td>1065&#215;2300<\/td>\n<\/tr>\n<tr>\n<td>Tek Devirli Motor<\/td>\n<td>Standart (6-12 Rpm)<\/td>\n<\/tr>\n<tr>\n<td>Jant \u0130\u015fkencesi ve Levye<\/td>\n<td>Standart<\/td>\n<\/tr>\n<tr>\n<td>Uzaktan Kumanda<\/td>\n<td>Standart<\/td>\n<\/tr>\n<tr>\n<td>Kablolu Kumanda<\/td>\n<td>Opsiyonel<\/td>\n<\/tr>\n<tr>\n<td>Hareketli Kontrol Paneli<\/td>\n<td>Opsiyonel<\/td>\n<\/tr>\n<tr>\n<td>\u00dcr\u00fcn \u00d6l\u00e7\u00fcleri<\/td>\n<td>2257x1720x1540<\/td>\n<\/tr>\n<tr>\n<td>Net A\u011f\u0131rl\u0131k<\/td>\n<td>862 Kg<\/td>\n<\/tr>\n<\/tbody>\n<\/table>\n<p>&nbsp;<\/p>\n","protected":false},"excerpt":{"rendered":"<p>\u00d6ZELL\u0130KLER \u00dcr\u00fcn Kodu 33 00 Jant \u00c7ap\u0131 14&#8243;-56&#8243; Max. Lastik A\u011f\u0131rl\u0131\u011f\u0131 1200 Kg Max. Lastik Geni\u015fli\u011fi (mm) 1065&#215;2300 Tek Devirli Motor Standart (6-12 Rpm) Jant \u0130\u015fkencesi ve Levye Standart Uzaktan Kumanda Standart Kablolu Kumanda Opsiyonel Hareketli Kontrol Paneli Opsiyonel \u00dcr\u00fcn \u00d6l\u00e7\u00fcleri 2257x1720x1540 Net A\u011f\u0131rl\u0131k 862 Kg &nbsp;<\/p>\n","protected":false},"featured_media":27597,"comment_status":"open","ping_status":"closed","template":"","meta":[],"product_brand":[],"product_cat":[15,26,25],"product_tag":[],"class_list":{"0":"post-27593","1":"product","2":"type-product","3":"status-publish","4":"has-post-thumbnail","6":"product_cat-genel","7":"product_cat-agir-vasita-sokme-takma-makinalari","8":"product_cat-lastik-sokme-takma-gruplari","10":"first","11":"instock","12":"shipping-taxable","13":"product-type-simple"},"_links":{"self":[{"href":"http:\/\/basakcilastik.com.tr\/index.php?rest_route=\/wp\/v2\/product\/27593","targetHints":{"allow":["GET"]}}],"collection":[{"href":"http:\/\/basakcilastik.com.tr\/index.php?rest_route=\/wp\/v2\/product"}],"about":[{"href":"http:\/\/basakcilastik.com.tr\/index.php?rest_route=\/wp\/v2\/types\/product"}],"replies":[{"embeddable":true,"href":"http:\/\/basakcilastik.com.tr\/index.php?rest_route=%2Fwp%2Fv2%2Fcomments&post=27593"}],"wp:featuredmedia":[{"embeddable":true,"href":"http:\/\/basakcilastik.com.tr\/index.php?rest_route=\/wp\/v2\/media\/27597"}],"wp:attachment":[{"href":"http:\/\/basakcilastik.com.tr\/index.php?rest_route=%2Fwp%2Fv2%2Fmedia&parent=27593"}],"wp:term":[{"taxonomy":"product_brand","embeddable":true,"href":"http:\/\/basakcilastik.com.tr\/index.php?rest_route=%2Fwp%2Fv2%2Fproduct_brand&post=27593"},{"taxonomy":"product_cat","embeddable":true,"href":"http:\/\/basakcilastik.com.tr\/index.php?rest_route=%2Fwp%2Fv2%2Fproduct_cat&post=27593"},{"taxonomy":"product_tag","embeddable":true,"href":"http:\/\/basakcilastik.com.tr\/index.php?rest_route=%2Fwp%2Fv2%2Fproduct_tag&post=27593"}],"curies":[{"name":"wp","href":"https:\/\/api.w.org\/{rel}","templated":true}]}}