{"id":27566,"date":"2020-09-07T00:12:17","date_gmt":"2020-09-07T00:12:17","guid":{"rendered":"https:\/\/basakcilastik.com.tr\/?post_type=product&#038;p=27566"},"modified":"2020-09-07T00:12:18","modified_gmt":"2020-09-07T00:12:18","slug":"michelin-deposuz-vidali-kompresorler","status":"publish","type":"product","link":"http:\/\/basakcilastik.com.tr\/?product=michelin-deposuz-vidali-kompresorler","title":{"rendered":"MICHELIN DEPOSUZ V\u0130DALI KOMPRES\u00d6RLER"},"content":{"rendered":"<p>MICHELIN DEPOSUZ V\u0130DALI KOMPRES\u00d6RLER<\/p>\n","protected":false},"excerpt":{"rendered":"<p>MICHELIN DEPOSUZ V\u0130DALI KOMPRES\u00d6RLER<\/p>\n","protected":false},"featured_media":27569,"comment_status":"open","ping_status":"closed","template":"","meta":[],"product_brand":[],"product_cat":[15,35,40],"product_tag":[],"class_list":{"0":"post-27566","1":"product","2":"type-product","3":"status-publish","4":"has-post-thumbnail","6":"product_cat-genel","7":"product_cat-kompresorler","8":"product_cat-vidali-kompresorler","10":"first","11":"instock","12":"shipping-taxable","13":"product-type-simple"},"_links":{"self":[{"href":"http:\/\/basakcilastik.com.tr\/index.php?rest_route=\/wp\/v2\/product\/27566","targetHints":{"allow":["GET"]}}],"collection":[{"href":"http:\/\/basakcilastik.com.tr\/index.php?rest_route=\/wp\/v2\/product"}],"about":[{"href":"http:\/\/basakcilastik.com.tr\/index.php?rest_route=\/wp\/v2\/types\/product"}],"replies":[{"embeddable":true,"href":"http:\/\/basakcilastik.com.tr\/index.php?rest_route=%2Fwp%2Fv2%2Fcomments&post=27566"}],"wp:featuredmedia":[{"embeddable":true,"href":"http:\/\/basakcilastik.com.tr\/index.php?rest_route=\/wp\/v2\/media\/27569"}],"wp:attachment":[{"href":"http:\/\/basakcilastik.com.tr\/index.php?rest_route=%2Fwp%2Fv2%2Fmedia&parent=27566"}],"wp:term":[{"taxonomy":"product_brand","embeddable":true,"href":"http:\/\/basakcilastik.com.tr\/index.php?rest_route=%2Fwp%2Fv2%2Fproduct_brand&post=27566"},{"taxonomy":"product_cat","embeddable":true,"href":"http:\/\/basakcilastik.com.tr\/index.php?rest_route=%2Fwp%2Fv2%2Fproduct_cat&post=27566"},{"taxonomy":"product_tag","embeddable":true,"href":"http:\/\/basakcilastik.com.tr\/index.php?rest_route=%2Fwp%2Fv2%2Fproduct_tag&post=27566"}],"curies":[{"name":"wp","href":"https:\/\/api.w.org\/{rel}","templated":true}]}}