{"id":27520,"date":"2020-09-06T23:55:52","date_gmt":"2020-09-06T23:55:52","guid":{"rendered":"https:\/\/basakcilastik.com.tr\/?post_type=product&#038;p=27520"},"modified":"2020-09-06T23:55:54","modified_gmt":"2020-09-06T23:55:54","slug":"set-30200-3-tek-kademeli-pistonlu-kompresor","status":"publish","type":"product","link":"http:\/\/basakcilastik.com.tr\/?product=set-30200-3-tek-kademeli-pistonlu-kompresor","title":{"rendered":"SET 30200-3 TEK KADEMEL\u0130 P\u0130STONLU KOMPRES\u00d6R"},"content":{"rendered":"<p><strong>SET 30\/200-3 TEK KADEMEL\u0130 P\u0130STONLU KOMPRES\u00d6R<\/strong><\/p>\n<p>\u00dcr\u00fcn Kodu: SET 30\/200-3<\/p>\n<table width=\"500\">\n<tbody>\n<tr>\n<td>&nbsp;<\/td>\n<td colspan=\"2\"><strong>Teknik \u00d6zellikler<\/strong><\/td>\n<\/tr>\n<tr>\n<td><strong>\u00a0\u00c7al\u0131\u015fma Bas\u0131nc\u0131<\/strong><\/td>\n<td colspan=\"2\">9 Bar &#8211; 130 PSI<\/td>\n<\/tr>\n<tr>\n<td><strong>\u00a0Debi &#8211; Hava \u00dcretimi<\/strong><\/td>\n<td>373 lt\/dk.<\/td>\n<td>22,38 m\u1d9f\/sa.<\/td>\n<\/tr>\n<tr>\n<td><strong>\u00a0Hava \u00dcreteci<\/strong><\/td>\n<td>Abac (\u0130talya)<\/td>\n<td>3900 Pump<\/td>\n<\/tr>\n<tr>\n<td><strong>\u00a0Hava Tank\u0131<\/strong><\/td>\n<td colspan=\"2\">200 lt.<\/td>\n<\/tr>\n<tr>\n<td><strong>\u00a0Elektrik Motoru<\/strong><\/td>\n<td>2,2 kW<\/td>\n<td>3 Hp<\/td>\n<\/tr>\n<tr>\n<td><strong>\u00a0Elektrik Otomasyon Grubu<\/strong><\/td>\n<td>Schneider<\/td>\n<td>Siemens<\/td>\n<\/tr>\n<tr>\n<td><strong>\u00a0Manometre<\/strong><\/td>\n<td colspan=\"2\">Setkom (Yerli)<\/td>\n<\/tr>\n<tr>\n<td><strong>\u00a0Voltaj<\/strong><\/td>\n<td colspan=\"2\">400 V.<\/td>\n<\/tr>\n<tr>\n<td><strong>\u00a0Devir H\u0131z\u0131 &#8211; RPM<\/strong><\/td>\n<td colspan=\"2\">1272<\/td>\n<\/tr>\n<tr>\n<td><strong>\u00a0Silindir<\/strong><\/td>\n<td colspan=\"2\">2<\/td>\n<\/tr>\n<tr>\n<td><strong>\u00a0Faz<\/strong><\/td>\n<td colspan=\"2\">3<\/td>\n<\/tr>\n<tr>\n<td><strong>\u00a0Boya<\/strong><\/td>\n<td colspan=\"2\">Elektrostatik Toz Boya<\/td>\n<\/tr>\n<tr>\n<td><strong>\u00a0Renkler<\/strong><\/td>\n<td>Turuncu<\/td>\n<td>F\u00fcme<\/td>\n<\/tr>\n<tr>\n<td><strong>\u00a0\u00d6l\u00e7\u00fcler (en x boy x y\u00fckseklik)<\/strong><\/td>\n<td colspan=\"2\">1370 x 610 x 1030 mm<\/td>\n<\/tr>\n<tr>\n<td><strong>\u00a0A\u011f\u0131rl\u0131k<\/strong><\/td>\n<td colspan=\"2\">105 kg<\/td>\n<\/tr>\n<\/tbody>\n<\/table>\n<p>&nbsp;<\/p>\n<p>End\u00fcstriyel Pistonlu Kompres\u00f6rler sanayi ve \u00fcretim tesislerinde geni\u015f bir kullan\u0131m alan\u0131na sahiptir. Maliyeti d\u00fc\u015f\u00fck, bak\u0131m\u0131 kolayd\u0131r. D\u00fc\u015f\u00fck enerji t\u00fcketimi ile b\u00fct\u00e7e ve \u00e7evre dostudur.<\/p>\n<p>Hava \u00fcrete\u00e7leri al\u00fcminyum g\u00f6vdeden imaldir. Tasar\u0131m\u0131 ile h\u0131zl\u0131 so\u011fuyarak hava debisindeki kay\u0131plar minimum \u00f6l\u00e7\u00fclere indirgenmi\u015ftir. Bak\u0131m maliyeti d\u00fc\u015f\u00fckt\u00fcr. \u00c7al\u0131\u015fma esnas\u0131nda so\u011futma ve ya\u011flamay\u0131 birlikte yaparak y\u00fcksek performans ile hava \u00fcretimi sa\u011flamaktad\u0131r.<\/p>\n<p>Y\u00fcksek verimli s\u00fcbap yap\u0131s\u0131na sahiptir.<\/p>\n<p>Kasnak yap\u0131s\u0131 ayn\u0131 zamanda so\u011futucu g\u00f6revi g\u00f6rerek \u0131s\u0131 de\u011ferlerinin d\u00fc\u015fmesini sa\u011flar. Bu sayede daha verimli enerji kullan\u0131m\u0131 da m\u00fcmk\u00fcn olur.<\/p>\n<p>Hatas\u0131z \u00e7al\u0131\u015fan krank, piston, segman,\u00a0 biyel kol ve silindirler ile ileri seviyede h\u0131zl\u0131 ve tasarruflu \u00e7al\u0131\u015fma sa\u011flar.<\/p>\n<p>\u00dcretim esnas\u0131ndaki testlerde en iyi kalite kompres\u00f6r ya\u011f\u0131 kullan\u0131l\u0131r ve son kullan\u0131c\u0131ya en verimli \u00f6l\u00e7ekte ya\u011f ile teslim edilir.<\/p>\n<p>Ya\u011f haznesi g\u00f6stergesi \u0131s\u0131ya dayan\u0131ml\u0131 camdan imal edilmi\u015ftir.<\/p>\n<p>Kompres\u00f6rde kullan\u0131lan tanklar CE Belgeli olup, g\u00fcvenli \u00fcretim ko\u015fullar\u0131nda, titiz bir \u00e7al\u0131\u015fma ile test s\u00fcrecinden ge\u00e7irilmektedir.<\/p>\n<p>&nbsp;<\/p>\n<table width=\"500\">\n<tbody>\n<tr>\n<td><strong>Di\u011fer \u00d6zellikler<\/strong><\/td>\n<\/tr>\n<tr>\n<td><strong>Manometre Bas\u0131n\u00e7 G\u00f6stergesi<\/strong><\/td>\n<\/tr>\n<tr>\n<td><strong>\u00c7ek Valf<\/strong><\/td>\n<\/tr>\n<tr>\n<td><strong>Bas\u0131n\u00e7 \u015ealteri<\/strong><\/td>\n<\/tr>\n<tr>\n<td><strong>Y\u00fcksek Bas\u0131n\u00e7 Emniyet Valfi<\/strong><\/td>\n<\/tr>\n<tr>\n<td><strong>Y\u00fcksek Gerilim Devre Kesici<\/strong><\/td>\n<\/tr>\n<tr>\n<td><strong>Ana Motor Sigortalar\u0131<\/strong><\/td>\n<\/tr>\n<tr>\n<td><strong>Faz S\u0131ras\u0131 ve Kontrol R\u00f6lesi<\/strong><\/td>\n<\/tr>\n<tr>\n<td><strong>Hava \u00dcrete\u00e7 Ya\u011f Haznesi<\/strong><\/td>\n<\/tr>\n<tr>\n<td><strong>Motor ve Hava \u00dcrete\u00e7 Koruma Kabini<\/strong><\/td>\n<\/tr>\n<tr>\n<td><strong>Su Bo\u015faltma Vanas\u0131 (Alt K\u0131s\u0131mda)<\/strong><\/td>\n<\/tr>\n<\/tbody>\n<\/table>\n<p>&nbsp;<\/p>\n<p>\u00d6rnek te\u015fkil etmesi a\u00e7\u0131s\u0131ndan tesisat \u015femas\u0131 a\u015fa\u011f\u0131da verilmi\u015ftir;<\/p>\n<p>Setkom Kompres\u00f6r t\u00fcm modellerinde haber vermeden de\u011fi\u015fiklik yapma hakk\u0131n\u0131 sakl\u0131 tutar.<\/p>\n<p>&nbsp;<\/p>\n","protected":false},"excerpt":{"rendered":"<p>SET 30\/200-3 TEK KADEMEL\u0130 P\u0130STONLU KOMPRES\u00d6R \u00dcr\u00fcn Kodu: SET 30\/200-3 &nbsp; Teknik \u00d6zellikler \u00a0\u00c7al\u0131\u015fma Bas\u0131nc\u0131 9 Bar &#8211; 130 PSI \u00a0Debi &#8211; Hava \u00dcretimi 373 lt\/dk. 22,38 m\u1d9f\/sa. \u00a0Hava \u00dcreteci Abac (\u0130talya) 3900 Pump \u00a0Hava Tank\u0131 200 lt. \u00a0Elektrik Motoru 2,2 kW 3 Hp \u00a0Elektrik Otomasyon Grubu Schneider Siemens \u00a0Manometre Setkom (Yerli) \u00a0Voltaj 400 V. \u00a0Devir H\u0131z\u0131 &#8211; RPM 1272 [&hellip;]<\/p>\n","protected":false},"featured_media":27523,"comment_status":"open","ping_status":"closed","template":"","meta":[],"product_brand":[],"product_cat":[15,35,39],"product_tag":[],"class_list":{"0":"post-27520","1":"product","2":"type-product","3":"status-publish","4":"has-post-thumbnail","6":"product_cat-genel","7":"product_cat-kompresorler","8":"product_cat-pistonlu-kompresorler","10":"first","11":"instock","12":"shipping-taxable","13":"product-type-simple"},"_links":{"self":[{"href":"http:\/\/basakcilastik.com.tr\/index.php?rest_route=\/wp\/v2\/product\/27520","targetHints":{"allow":["GET"]}}],"collection":[{"href":"http:\/\/basakcilastik.com.tr\/index.php?rest_route=\/wp\/v2\/product"}],"about":[{"href":"http:\/\/basakcilastik.com.tr\/index.php?rest_route=\/wp\/v2\/types\/product"}],"replies":[{"embeddable":true,"href":"http:\/\/basakcilastik.com.tr\/index.php?rest_route=%2Fwp%2Fv2%2Fcomments&post=27520"}],"wp:featuredmedia":[{"embeddable":true,"href":"http:\/\/basakcilastik.com.tr\/index.php?rest_route=\/wp\/v2\/media\/27523"}],"wp:attachment":[{"href":"http:\/\/basakcilastik.com.tr\/index.php?rest_route=%2Fwp%2Fv2%2Fmedia&parent=27520"}],"wp:term":[{"taxonomy":"product_brand","embeddable":true,"href":"http:\/\/basakcilastik.com.tr\/index.php?rest_route=%2Fwp%2Fv2%2Fproduct_brand&post=27520"},{"taxonomy":"product_cat","embeddable":true,"href":"http:\/\/basakcilastik.com.tr\/index.php?rest_route=%2Fwp%2Fv2%2Fproduct_cat&post=27520"},{"taxonomy":"product_tag","embeddable":true,"href":"http:\/\/basakcilastik.com.tr\/index.php?rest_route=%2Fwp%2Fv2%2Fproduct_tag&post=27520"}],"curies":[{"name":"wp","href":"https:\/\/api.w.org\/{rel}","templated":true}]}}