{"id":27516,"date":"2020-09-06T23:53:57","date_gmt":"2020-09-06T23:53:57","guid":{"rendered":"https:\/\/basakcilastik.com.tr\/?post_type=product&#038;p=27516"},"modified":"2020-09-06T23:53:59","modified_gmt":"2020-09-06T23:53:59","slug":"sessiz-pistonlu-kompresor","status":"publish","type":"product","link":"http:\/\/basakcilastik.com.tr\/?product=sessiz-pistonlu-kompresor","title":{"rendered":"SESS\u0130Z P\u0130STONLU KOMPRES\u00d6R"},"content":{"rendered":"<p><strong>SESS\u0130Z P\u0130STONLU KOMPRES\u00d6R<\/strong><\/p>\n<p>SIL 50 \/ 5.5 SESS\u0130Z KOMPRESOR<\/p>\n<p>&nbsp;<\/p>\n","protected":false},"excerpt":{"rendered":"<p>SESS\u0130Z P\u0130STONLU KOMPRES\u00d6R SIL 50 \/ 5.5 SESS\u0130Z KOMPRESOR &nbsp;<\/p>\n","protected":false},"featured_media":27519,"comment_status":"open","ping_status":"closed","template":"","meta":[],"product_brand":[],"product_cat":[15,35,39],"product_tag":[],"class_list":{"0":"post-27516","1":"product","2":"type-product","3":"status-publish","4":"has-post-thumbnail","6":"product_cat-genel","7":"product_cat-kompresorler","8":"product_cat-pistonlu-kompresorler","10":"first","11":"instock","12":"shipping-taxable","13":"product-type-simple"},"_links":{"self":[{"href":"http:\/\/basakcilastik.com.tr\/index.php?rest_route=\/wp\/v2\/product\/27516","targetHints":{"allow":["GET"]}}],"collection":[{"href":"http:\/\/basakcilastik.com.tr\/index.php?rest_route=\/wp\/v2\/product"}],"about":[{"href":"http:\/\/basakcilastik.com.tr\/index.php?rest_route=\/wp\/v2\/types\/product"}],"replies":[{"embeddable":true,"href":"http:\/\/basakcilastik.com.tr\/index.php?rest_route=%2Fwp%2Fv2%2Fcomments&post=27516"}],"wp:featuredmedia":[{"embeddable":true,"href":"http:\/\/basakcilastik.com.tr\/index.php?rest_route=\/wp\/v2\/media\/27519"}],"wp:attachment":[{"href":"http:\/\/basakcilastik.com.tr\/index.php?rest_route=%2Fwp%2Fv2%2Fmedia&parent=27516"}],"wp:term":[{"taxonomy":"product_brand","embeddable":true,"href":"http:\/\/basakcilastik.com.tr\/index.php?rest_route=%2Fwp%2Fv2%2Fproduct_brand&post=27516"},{"taxonomy":"product_cat","embeddable":true,"href":"http:\/\/basakcilastik.com.tr\/index.php?rest_route=%2Fwp%2Fv2%2Fproduct_cat&post=27516"},{"taxonomy":"product_tag","embeddable":true,"href":"http:\/\/basakcilastik.com.tr\/index.php?rest_route=%2Fwp%2Fv2%2Fproduct_tag&post=27516"}],"curies":[{"name":"wp","href":"https:\/\/api.w.org\/{rel}","templated":true}]}}