{"id":27507,"date":"2020-09-06T23:50:00","date_gmt":"2020-09-06T23:50:00","guid":{"rendered":"https:\/\/basakcilastik.com.tr\/?post_type=product&#038;p=27507"},"modified":"2020-09-06T23:50:01","modified_gmt":"2020-09-06T23:50:01","slug":"set-50300-diz-pistonlu-dizel-motorlu-kompresor","status":"publish","type":"product","link":"http:\/\/basakcilastik.com.tr\/?product=set-50300-diz-pistonlu-dizel-motorlu-kompresor","title":{"rendered":"SET 50300-D\u0130Z P\u0130STONLU D\u0130ZEL MOTORLU KOMPRES\u00d6R"},"content":{"rendered":"<p><strong>SET 50\/300-D\u0130Z P\u0130STONLU D\u0130ZEL MOTORLU KOMPRES\u00d6R<\/strong><\/p>\n<p>\u00dcr\u00fcn Kodu: SET 50\/300-D\u0130Z<\/p>\n<table width=\"500\">\n<tbody>\n<tr>\n<td>&nbsp;<\/td>\n<td colspan=\"2\"><strong>Teknik \u00d6zellikler<\/strong><\/td>\n<\/tr>\n<tr>\n<td><strong>\u00a0\u00c7al\u0131\u015fma Bas\u0131nc\u0131<\/strong><\/td>\n<td colspan=\"2\">12 Bar &#8211; 159 PSI<\/td>\n<\/tr>\n<tr>\n<td><strong>\u00a0Debi &#8211; Hava \u00dcretimi<\/strong><\/td>\n<td>653 lt\/dk.<\/td>\n<td>39,18 m\u1d9f\/sa.<\/td>\n<\/tr>\n<tr>\n<td><strong>\u00a0Hava \u00dcreteci<\/strong><\/td>\n<td>Abac (\u0130talya)<\/td>\n<td>5900 Pump<\/td>\n<\/tr>\n<tr>\n<td><strong>\u00a0Hava Tank\u0131<\/strong><\/td>\n<td colspan=\"2\">300 lt.<\/td>\n<\/tr>\n<tr>\n<td><strong>\u00a0Dizel Motor<\/strong><\/td>\n<td colspan=\"2\">7,2 Hp<\/td>\n<\/tr>\n<tr>\n<td><strong>\u00a0Elektrik Otomasyon Grubu<\/strong><\/td>\n<td>Schneider<\/td>\n<td>Siemens<\/td>\n<\/tr>\n<tr>\n<td><strong>\u00a0Manometre<\/strong><\/td>\n<td colspan=\"2\">Setkom (Yerli)<\/td>\n<\/tr>\n<tr>\n<td><strong>\u00a0Ak\u00fc Voltaj\u0131<\/strong><\/td>\n<td colspan=\"2\">12 V. &#8211; 60 AH<\/td>\n<\/tr>\n<tr>\n<td><strong>\u00a0Devir H\u0131z\u0131 &#8211; RPM<\/strong><\/td>\n<td colspan=\"2\">1160<\/td>\n<\/tr>\n<tr>\n<td><strong>\u00a0Silindir<\/strong><\/td>\n<td colspan=\"2\">2<\/td>\n<\/tr>\n<tr>\n<td><strong>\u00a0Boya<\/strong><\/td>\n<td colspan=\"2\">Elektrostatik Toz Boya<\/td>\n<\/tr>\n<tr>\n<td><strong>\u00a0Renkler<\/strong><\/td>\n<td>Turuncu<\/td>\n<td>F\u00fcme<\/td>\n<\/tr>\n<tr>\n<td><strong>\u00a0\u00d6l\u00e7\u00fcler (en x boy x y\u00fckseklik)<\/strong><\/td>\n<td colspan=\"2\">1700 x 550 x 1200 mm<\/td>\n<\/tr>\n<tr>\n<td><strong>\u00a0A\u011f\u0131rl\u0131k<\/strong><\/td>\n<td colspan=\"2\">165 kg<\/td>\n<\/tr>\n<\/tbody>\n<\/table>\n<p>&nbsp;<\/p>\n<p>Elektrik ba\u011flant\u0131s\u0131na ula\u015f\u0131lamayan veya saha \u015fartlar\u0131nda kullan\u0131lmas\u0131 gerekli durumlar i\u00e7in \u00fcretti\u011fimiz Dizel Motorlu Pistonlu Kompres\u00f6rlerimiz, hava ihtiyac\u0131n\u0131z\u0131 kar\u015f\u0131layacakt\u0131r. Dizel motor, mar\u015f ve iple \u00e7al\u0131\u015ft\u0131r\u0131l\u0131r.<\/p>\n<p>Hava \u00fcrete\u00e7leri al\u00fcminyum g\u00f6vdeden imaldir. Tasar\u0131m\u0131 ile h\u0131zl\u0131 so\u011fuyarak hava debisindeki kay\u0131plar minimum \u00f6l\u00e7\u00fclere indirgenmi\u015ftir. Bak\u0131m maliyeti d\u00fc\u015f\u00fckt\u00fcr. \u00c7al\u0131\u015fma esnas\u0131nda so\u011futma ve ya\u011flamay\u0131 birlikte yaparak y\u00fcksek performans ile hava \u00fcretimi sa\u011flamaktad\u0131r.<\/p>\n<p>Y\u00fcksek verimli s\u00fcbap yap\u0131s\u0131na sahiptir.<\/p>\n<p>Kasnak yap\u0131s\u0131 ayn\u0131 zamanda so\u011futucu g\u00f6revi g\u00f6rerek \u0131s\u0131 de\u011ferlerinin d\u00fc\u015fmesini sa\u011flar. Bu sayede daha verimli enerji kullan\u0131m\u0131 da m\u00fcmk\u00fcn olur.<\/p>\n<p>Hatas\u0131z \u00e7al\u0131\u015fan krank, piston, segman,\u00a0 biyel kol ve silindirler ile ileri seviyede h\u0131zl\u0131 ve tasarruflu \u00e7al\u0131\u015fma sa\u011flar.<\/p>\n<p>\u00dcretim esnas\u0131ndaki testlerde en iyi kalite kompres\u00f6r ya\u011f\u0131 kullan\u0131l\u0131r ve son kullan\u0131c\u0131ya en verimli \u00f6l\u00e7ekte ya\u011f ile teslim edilir.<\/p>\n<p>Ya\u011f haznesi g\u00f6stergesi \u0131s\u0131ya dayan\u0131ml\u0131 camdan imal edilmi\u015ftir.<\/p>\n<p>Kompres\u00f6rde kullan\u0131lan tanklar CE Belgeli olup, g\u00fcvenli \u00fcretim ko\u015fullar\u0131nda, titiz bir \u00e7al\u0131\u015fma ile test s\u00fcrecinden ge\u00e7irilmektedir.<\/p>\n<p>&nbsp;<\/p>\n<table width=\"500\">\n<tbody>\n<tr>\n<td><strong>Di\u011fer \u00d6zellikler<\/strong><\/td>\n<\/tr>\n<tr>\n<td><strong>Manometre Bas\u0131n\u00e7 G\u00f6stergesi<\/strong><\/td>\n<\/tr>\n<tr>\n<td><strong>\u00c7ek Valf<\/strong><\/td>\n<\/tr>\n<tr>\n<td><strong>Bas\u0131n\u00e7 \u015ealteri<\/strong><\/td>\n<\/tr>\n<tr>\n<td><strong>Y\u00fcksek Bas\u0131n\u00e7 Emniyet Valfi<\/strong><\/td>\n<\/tr>\n<tr>\n<td><strong>Y\u00fcksek Gerilim Devre Kesici<\/strong><\/td>\n<\/tr>\n<tr>\n<td><strong>Ana Motor Sigortalar\u0131<\/strong><\/td>\n<\/tr>\n<tr>\n<td><strong>Hava \u00dcrete\u00e7 Ya\u011f Haznesi<\/strong><\/td>\n<\/tr>\n<tr>\n<td><strong>Hava \u00dcrete\u00e7 Koruma Kabini<\/strong><\/td>\n<\/tr>\n<tr>\n<td><strong>Su Bo\u015faltma Vanas\u0131 (Alt K\u0131s\u0131mda)<\/strong><\/td>\n<\/tr>\n<\/tbody>\n<\/table>\n<p>&nbsp;<\/p>\n<table width=\"500\">\n<tbody>\n<tr>\n<td colspan=\"2\"><strong>D\u0130ZEL MOTOR TEKN\u0130K \u00d6ZELL\u0130KLER\u0130<\/strong><\/td>\n<\/tr>\n<tr>\n<td><strong>\u00a0Motor Tipi<\/strong><\/td>\n<td>\u00a04 zamanl\u0131, tek silindir.\u00dcstten valf, yatay \u015faftl\u0131.<\/td>\n<\/tr>\n<tr>\n<td><strong>\u00a0\u00c7ap x Stork<\/strong><\/td>\n<td>\u00a086 x 70<\/td>\n<\/tr>\n<tr>\n<td><strong>\u00a0Silindir Hacmi<\/strong><\/td>\n<td>\u00a0406 cm<sup>3<\/sup><\/td>\n<\/tr>\n<tr>\n<td><strong>\u00a0Yak\u0131t Sistemi<\/strong><\/td>\n<td>\u00a0Direkt P\u00fcsk\u00fcrtme<\/td>\n<\/tr>\n<tr>\n<td><strong>\u00a0Maksimum \u00c7\u0131k\u0131\u015f G\u00fcc\u00fc<\/strong><\/td>\n<td>\u00a08\u00a0Hp<\/td>\n<\/tr>\n<tr>\n<td><strong>\u00a0Maksimum Devir H\u0131z\u0131<\/strong><\/td>\n<td>\u00a03.600 d\/dk.<\/td>\n<\/tr>\n<tr>\n<td><strong>\u00a0Devaml\u0131 \u00c7\u0131k\u0131\u015f G\u00fcc\u00fc<\/strong><\/td>\n<td>\u00a07,2\u00a0Hp<\/td>\n<\/tr>\n<tr>\n<td><strong>\u00a0Elektrik Sistemi<\/strong><\/td>\n<td>\u00a012 V &#8211; 60 AH<\/td>\n<\/tr>\n<tr>\n<td><strong>\u00a0\u00c7al\u0131\u015ft\u0131rma Sistemi<\/strong><\/td>\n<td>\u00a0\u0130pli &#8211; Mar\u015fl\u0131<\/td>\n<\/tr>\n<tr>\n<td><strong>\u00a0Hava Filtresi<\/strong><\/td>\n<td>\u00a0\u00c7ift Elemanl\u0131 &#8211; Ya\u011f Banyolu<\/td>\n<\/tr>\n<tr>\n<td><strong>\u00a0Yak\u0131t Deposu Kapasitesi<\/strong><\/td>\n<td>\u00a05,5 lt.<\/td>\n<\/tr>\n<tr>\n<td><strong>\u00a0Yak\u0131t Cinsi<\/strong><\/td>\n<td>\u00a0Dizel<\/td>\n<\/tr>\n<tr>\n<td><strong>\u00a0Ya\u011f Hazne Kapasitesi<\/strong><\/td>\n<td>\u00a01,6 lt.<\/td>\n<\/tr>\n<tr>\n<td><strong>\u00a0So\u011futma Sistemi<\/strong><\/td>\n<td>\u00a0Hava So\u011futma<\/td>\n<\/tr>\n<\/tbody>\n<\/table>\n<p>Dizel Pistonlu Kompres\u00f6rlerimiz ak\u00fcm\u00fclat\u00f6r ile \u00e7al\u0131\u015fabilecek d\u00fczenekte olup, ak\u00fcm\u00fclat\u00f6r i\u00e7ermezler.<\/p>\n<p>\u00d6rnek te\u015fkil etmesi a\u00e7\u0131s\u0131ndan tesisat \u015femas\u0131 a\u015fa\u011f\u0131da verilmi\u015ftir;<\/p>\n<p>Setkom Kompres\u00f6r t\u00fcm modellerinde haber vermeden de\u011fi\u015fiklik yapma hakk\u0131n\u0131 sakl\u0131 tutar.<\/p>\n<p>&nbsp;<\/p>\n","protected":false},"excerpt":{"rendered":"<p>SET 50\/300-D\u0130Z P\u0130STONLU D\u0130ZEL MOTORLU KOMPRES\u00d6R \u00dcr\u00fcn Kodu: SET 50\/300-D\u0130Z &nbsp; Teknik \u00d6zellikler \u00a0\u00c7al\u0131\u015fma Bas\u0131nc\u0131 12 Bar &#8211; 159 PSI \u00a0Debi &#8211; Hava \u00dcretimi 653 lt\/dk. 39,18 m\u1d9f\/sa. \u00a0Hava \u00dcreteci Abac (\u0130talya) 5900 Pump \u00a0Hava Tank\u0131 300 lt. \u00a0Dizel Motor 7,2 Hp \u00a0Elektrik Otomasyon Grubu Schneider Siemens \u00a0Manometre Setkom (Yerli) \u00a0Ak\u00fc Voltaj\u0131 12 V. &#8211; 60 AH \u00a0Devir H\u0131z\u0131 &#8211; [&hellip;]<\/p>\n","protected":false},"featured_media":27510,"comment_status":"open","ping_status":"closed","template":"","meta":[],"product_brand":[],"product_cat":[15,35,39],"product_tag":[],"class_list":{"0":"post-27507","1":"product","2":"type-product","3":"status-publish","4":"has-post-thumbnail","6":"product_cat-genel","7":"product_cat-kompresorler","8":"product_cat-pistonlu-kompresorler","10":"first","11":"instock","12":"shipping-taxable","13":"product-type-simple"},"_links":{"self":[{"href":"http:\/\/basakcilastik.com.tr\/index.php?rest_route=\/wp\/v2\/product\/27507","targetHints":{"allow":["GET"]}}],"collection":[{"href":"http:\/\/basakcilastik.com.tr\/index.php?rest_route=\/wp\/v2\/product"}],"about":[{"href":"http:\/\/basakcilastik.com.tr\/index.php?rest_route=\/wp\/v2\/types\/product"}],"replies":[{"embeddable":true,"href":"http:\/\/basakcilastik.com.tr\/index.php?rest_route=%2Fwp%2Fv2%2Fcomments&post=27507"}],"wp:featuredmedia":[{"embeddable":true,"href":"http:\/\/basakcilastik.com.tr\/index.php?rest_route=\/wp\/v2\/media\/27510"}],"wp:attachment":[{"href":"http:\/\/basakcilastik.com.tr\/index.php?rest_route=%2Fwp%2Fv2%2Fmedia&parent=27507"}],"wp:term":[{"taxonomy":"product_brand","embeddable":true,"href":"http:\/\/basakcilastik.com.tr\/index.php?rest_route=%2Fwp%2Fv2%2Fproduct_brand&post=27507"},{"taxonomy":"product_cat","embeddable":true,"href":"http:\/\/basakcilastik.com.tr\/index.php?rest_route=%2Fwp%2Fv2%2Fproduct_cat&post=27507"},{"taxonomy":"product_tag","embeddable":true,"href":"http:\/\/basakcilastik.com.tr\/index.php?rest_route=%2Fwp%2Fv2%2Fproduct_tag&post=27507"}],"curies":[{"name":"wp","href":"https:\/\/api.w.org\/{rel}","templated":true}]}}