{"id":27493,"date":"2020-09-06T23:43:15","date_gmt":"2020-09-06T23:43:15","guid":{"rendered":"https:\/\/basakcilastik.com.tr\/?post_type=product&#038;p=27493"},"modified":"2020-09-06T23:43:17","modified_gmt":"2020-09-06T23:43:17","slug":"michelin-deposuz-pistonlu-sessiz-kompresorler","status":"publish","type":"product","link":"http:\/\/basakcilastik.com.tr\/?product=michelin-deposuz-pistonlu-sessiz-kompresorler","title":{"rendered":"MICHELIN DEPOSUZ P\u0130STONLU SESS\u0130Z KOMPRES\u00d6RLER"},"content":{"rendered":"<p>MICHELIN DEPOSUZ P\u0130STONLU SESS\u0130Z KOMPRES\u00d6RLER<\/p>\n","protected":false},"excerpt":{"rendered":"<p>MICHELIN DEPOSUZ P\u0130STONLU SESS\u0130Z KOMPRES\u00d6RLER<\/p>\n","protected":false},"featured_media":27496,"comment_status":"open","ping_status":"closed","template":"","meta":[],"product_brand":[],"product_cat":[15,35,39],"product_tag":[],"class_list":{"0":"post-27493","1":"product","2":"type-product","3":"status-publish","4":"has-post-thumbnail","6":"product_cat-genel","7":"product_cat-kompresorler","8":"product_cat-pistonlu-kompresorler","10":"first","11":"instock","12":"shipping-taxable","13":"product-type-simple"},"_links":{"self":[{"href":"http:\/\/basakcilastik.com.tr\/index.php?rest_route=\/wp\/v2\/product\/27493","targetHints":{"allow":["GET"]}}],"collection":[{"href":"http:\/\/basakcilastik.com.tr\/index.php?rest_route=\/wp\/v2\/product"}],"about":[{"href":"http:\/\/basakcilastik.com.tr\/index.php?rest_route=\/wp\/v2\/types\/product"}],"replies":[{"embeddable":true,"href":"http:\/\/basakcilastik.com.tr\/index.php?rest_route=%2Fwp%2Fv2%2Fcomments&post=27493"}],"wp:featuredmedia":[{"embeddable":true,"href":"http:\/\/basakcilastik.com.tr\/index.php?rest_route=\/wp\/v2\/media\/27496"}],"wp:attachment":[{"href":"http:\/\/basakcilastik.com.tr\/index.php?rest_route=%2Fwp%2Fv2%2Fmedia&parent=27493"}],"wp:term":[{"taxonomy":"product_brand","embeddable":true,"href":"http:\/\/basakcilastik.com.tr\/index.php?rest_route=%2Fwp%2Fv2%2Fproduct_brand&post=27493"},{"taxonomy":"product_cat","embeddable":true,"href":"http:\/\/basakcilastik.com.tr\/index.php?rest_route=%2Fwp%2Fv2%2Fproduct_cat&post=27493"},{"taxonomy":"product_tag","embeddable":true,"href":"http:\/\/basakcilastik.com.tr\/index.php?rest_route=%2Fwp%2Fv2%2Fproduct_tag&post=27493"}],"curies":[{"name":"wp","href":"https:\/\/api.w.org\/{rel}","templated":true}]}}