{"id":27485,"date":"2020-09-06T23:39:53","date_gmt":"2020-09-06T23:39:53","guid":{"rendered":"https:\/\/basakcilastik.com.tr\/?post_type=product&#038;p=27485"},"modified":"2020-09-06T23:39:55","modified_gmt":"2020-09-06T23:39:55","slug":"hks-24-sessiz-kompresor","status":"publish","type":"product","link":"http:\/\/basakcilastik.com.tr\/?product=hks-24-sessiz-kompresor","title":{"rendered":"HKS-24 Sessiz Kompres\u00f6r"},"content":{"rendered":"<p>\u00dcr\u00fcn \u00d6zellikleri<\/p>\n<p>HKS-24 Sessiz Kompres\u00f6r<\/p>\n<p>Teknik \u00d6zellikler<\/p>\n<ul>\n<li>Depo Hacmilt24<\/li>\n<li>Maksimum \u00c7al\u0131\u015fma Bas\u0131nc\u0131bar8<\/li>\n<li>Motor G\u00fcc\u00fc75<\/li>\n<li>Hava Emi\u015f Kapasitesilt\/dk129<\/li>\n<li>VoltajV220<\/li>\n<li>A\u011f\u0131rl\u0131kkg20,6<\/li>\n<li>Ses Seviyesidb64<\/li>\n<li>DebiLT\/DK145<\/li>\n<\/ul>\n<p>&nbsp;<\/p>\n","protected":false},"excerpt":{"rendered":"<p>\u00dcr\u00fcn \u00d6zellikleri HKS-24 Sessiz Kompres\u00f6r Teknik \u00d6zellikler Depo Hacmilt24 Maksimum \u00c7al\u0131\u015fma Bas\u0131nc\u0131bar8 Motor G\u00fcc\u00fc75 Hava Emi\u015f Kapasitesilt\/dk129 VoltajV220 A\u011f\u0131rl\u0131kkg20,6 Ses Seviyesidb64 DebiLT\/DK145 &nbsp;<\/p>\n","protected":false},"featured_media":27488,"comment_status":"open","ping_status":"closed","template":"","meta":[],"product_brand":[],"product_cat":[15,35,39],"product_tag":[],"class_list":{"0":"post-27485","1":"product","2":"type-product","3":"status-publish","4":"has-post-thumbnail","6":"product_cat-genel","7":"product_cat-kompresorler","8":"product_cat-pistonlu-kompresorler","10":"first","11":"instock","12":"shipping-taxable","13":"product-type-simple"},"_links":{"self":[{"href":"http:\/\/basakcilastik.com.tr\/index.php?rest_route=\/wp\/v2\/product\/27485","targetHints":{"allow":["GET"]}}],"collection":[{"href":"http:\/\/basakcilastik.com.tr\/index.php?rest_route=\/wp\/v2\/product"}],"about":[{"href":"http:\/\/basakcilastik.com.tr\/index.php?rest_route=\/wp\/v2\/types\/product"}],"replies":[{"embeddable":true,"href":"http:\/\/basakcilastik.com.tr\/index.php?rest_route=%2Fwp%2Fv2%2Fcomments&post=27485"}],"wp:featuredmedia":[{"embeddable":true,"href":"http:\/\/basakcilastik.com.tr\/index.php?rest_route=\/wp\/v2\/media\/27488"}],"wp:attachment":[{"href":"http:\/\/basakcilastik.com.tr\/index.php?rest_route=%2Fwp%2Fv2%2Fmedia&parent=27485"}],"wp:term":[{"taxonomy":"product_brand","embeddable":true,"href":"http:\/\/basakcilastik.com.tr\/index.php?rest_route=%2Fwp%2Fv2%2Fproduct_brand&post=27485"},{"taxonomy":"product_cat","embeddable":true,"href":"http:\/\/basakcilastik.com.tr\/index.php?rest_route=%2Fwp%2Fv2%2Fproduct_cat&post=27485"},{"taxonomy":"product_tag","embeddable":true,"href":"http:\/\/basakcilastik.com.tr\/index.php?rest_route=%2Fwp%2Fv2%2Fproduct_tag&post=27485"}],"curies":[{"name":"wp","href":"https:\/\/api.w.org\/{rel}","templated":true}]}}