{"id":27479,"date":"2020-09-06T23:35:00","date_gmt":"2020-09-06T23:35:00","guid":{"rendered":"https:\/\/basakcilastik.com.tr\/?post_type=product&#038;p=27479"},"modified":"2020-09-06T23:35:01","modified_gmt":"2020-09-06T23:35:01","slug":"hkp-200-pistonlu-kompresor","status":"publish","type":"product","link":"http:\/\/basakcilastik.com.tr\/?product=hkp-200-pistonlu-kompresor","title":{"rendered":"HKP-200 Pistonlu Kompres\u00f6r"},"content":{"rendered":"<p>HKP-200 Pistonlu Kompres\u00f6r<\/p>\n<p>\u00dcr\u00fcn \u00d6zellikleri<\/p>\n<p>HKP-200 Pistonlu Kompres\u00f6r<\/p>\n<p>Teknik \u00d6zellikler<\/p>\n<ul>\n<li>Depo Hacmilt200<\/li>\n<li>Maksimum \u00c7al\u0131\u015fma Bas\u0131nc\u0131bar8<\/li>\n<li>Motor G\u00fcc\u00fckw3<\/li>\n<li>Hava Emi\u015f Kapasitesilt\/dk360<\/li>\n<li>VoltajV220<\/li>\n<li>Silindir Adedi3<\/li>\n<li>Kompres\u00f6r Devridev\/dk1050<\/li>\n<li>Makina Ebatlar\u0131cm157x54x95<\/li>\n<li>A\u011f\u0131rl\u0131kkg113<\/li>\n<\/ul>\n<p>&nbsp;<\/p>\n","protected":false},"excerpt":{"rendered":"<p>HKP-200 Pistonlu Kompres\u00f6r \u00dcr\u00fcn \u00d6zellikleri HKP-200 Pistonlu Kompres\u00f6r Teknik \u00d6zellikler Depo Hacmilt200 Maksimum \u00c7al\u0131\u015fma Bas\u0131nc\u0131bar8 Motor G\u00fcc\u00fckw3 Hava Emi\u015f Kapasitesilt\/dk360 VoltajV220 Silindir Adedi3 Kompres\u00f6r Devridev\/dk1050 Makina Ebatlar\u0131cm157x54x95 A\u011f\u0131rl\u0131kkg113 &nbsp;<\/p>\n","protected":false},"featured_media":27482,"comment_status":"open","ping_status":"closed","template":"","meta":[],"product_brand":[],"product_cat":[15,35,39],"product_tag":[],"class_list":{"0":"post-27479","1":"product","2":"type-product","3":"status-publish","4":"has-post-thumbnail","6":"product_cat-genel","7":"product_cat-kompresorler","8":"product_cat-pistonlu-kompresorler","10":"first","11":"instock","12":"shipping-taxable","13":"product-type-simple"},"_links":{"self":[{"href":"http:\/\/basakcilastik.com.tr\/index.php?rest_route=\/wp\/v2\/product\/27479","targetHints":{"allow":["GET"]}}],"collection":[{"href":"http:\/\/basakcilastik.com.tr\/index.php?rest_route=\/wp\/v2\/product"}],"about":[{"href":"http:\/\/basakcilastik.com.tr\/index.php?rest_route=\/wp\/v2\/types\/product"}],"replies":[{"embeddable":true,"href":"http:\/\/basakcilastik.com.tr\/index.php?rest_route=%2Fwp%2Fv2%2Fcomments&post=27479"}],"wp:featuredmedia":[{"embeddable":true,"href":"http:\/\/basakcilastik.com.tr\/index.php?rest_route=\/wp\/v2\/media\/27482"}],"wp:attachment":[{"href":"http:\/\/basakcilastik.com.tr\/index.php?rest_route=%2Fwp%2Fv2%2Fmedia&parent=27479"}],"wp:term":[{"taxonomy":"product_brand","embeddable":true,"href":"http:\/\/basakcilastik.com.tr\/index.php?rest_route=%2Fwp%2Fv2%2Fproduct_brand&post=27479"},{"taxonomy":"product_cat","embeddable":true,"href":"http:\/\/basakcilastik.com.tr\/index.php?rest_route=%2Fwp%2Fv2%2Fproduct_cat&post=27479"},{"taxonomy":"product_tag","embeddable":true,"href":"http:\/\/basakcilastik.com.tr\/index.php?rest_route=%2Fwp%2Fv2%2Fproduct_tag&post=27479"}],"curies":[{"name":"wp","href":"https:\/\/api.w.org\/{rel}","templated":true}]}}