{"id":27471,"date":"2020-09-06T23:31:30","date_gmt":"2020-09-06T23:31:30","guid":{"rendered":"https:\/\/basakcilastik.com.tr\/?post_type=product&#038;p=27471"},"modified":"2020-09-06T23:31:32","modified_gmt":"2020-09-06T23:31:32","slug":"22-530-10-cift-kademe-pistonlu-kompresor","status":"publish","type":"product","link":"http:\/\/basakcilastik.com.tr\/?product=22-530-10-cift-kademe-pistonlu-kompresor","title":{"rendered":"22-530 10 \u00c7ift Kademe Pistonlu Kompres\u00f6r"},"content":{"rendered":"<p><strong>Model: 22-530 10<\/strong><\/p>\n<table width=\"180\">\n<tbody>\n<tr>\n<td colspan=\"3\">Pistonlu Kompres\u00f6r<\/td>\n<\/tr>\n<tr>\n<td>Hava Tank\u0131<\/td>\n<td>:<\/td>\n<td>530 lt<\/td>\n<\/tr>\n<tr>\n<td>Motor G\u00fcc\u00fc<\/td>\n<td>:<\/td>\n<td>7.5 hp<\/td>\n<\/tr>\n<tr>\n<td>Hava Emi\u015fi<\/td>\n<td>:<\/td>\n<td>1225 lt\/ dk<\/td>\n<\/tr>\n<tr>\n<td>Bas\u0131n\u00e7<\/td>\n<td>:<\/td>\n<td>12 bar<\/td>\n<\/tr>\n<tr>\n<td>Devir<\/td>\n<td>:<\/td>\n<td>1250 d\/dk<\/td>\n<\/tr>\n<\/tbody>\n<\/table>\n<p>&nbsp;<\/p>\n","protected":false},"excerpt":{"rendered":"<p>Model: 22-530 10 Pistonlu Kompres\u00f6r Hava Tank\u0131 : 530 lt Motor G\u00fcc\u00fc : 7.5 hp Hava Emi\u015fi : 1225 lt\/ dk Bas\u0131n\u00e7 : 12 bar Devir : 1250 d\/dk &nbsp;<\/p>\n","protected":false},"featured_media":27474,"comment_status":"open","ping_status":"closed","template":"","meta":[],"product_brand":[],"product_cat":[15,35,39],"product_tag":[],"class_list":{"0":"post-27471","1":"product","2":"type-product","3":"status-publish","4":"has-post-thumbnail","6":"product_cat-genel","7":"product_cat-kompresorler","8":"product_cat-pistonlu-kompresorler","10":"first","11":"instock","12":"shipping-taxable","13":"product-type-simple"},"_links":{"self":[{"href":"http:\/\/basakcilastik.com.tr\/index.php?rest_route=\/wp\/v2\/product\/27471","targetHints":{"allow":["GET"]}}],"collection":[{"href":"http:\/\/basakcilastik.com.tr\/index.php?rest_route=\/wp\/v2\/product"}],"about":[{"href":"http:\/\/basakcilastik.com.tr\/index.php?rest_route=\/wp\/v2\/types\/product"}],"replies":[{"embeddable":true,"href":"http:\/\/basakcilastik.com.tr\/index.php?rest_route=%2Fwp%2Fv2%2Fcomments&post=27471"}],"wp:featuredmedia":[{"embeddable":true,"href":"http:\/\/basakcilastik.com.tr\/index.php?rest_route=\/wp\/v2\/media\/27474"}],"wp:attachment":[{"href":"http:\/\/basakcilastik.com.tr\/index.php?rest_route=%2Fwp%2Fv2%2Fmedia&parent=27471"}],"wp:term":[{"taxonomy":"product_brand","embeddable":true,"href":"http:\/\/basakcilastik.com.tr\/index.php?rest_route=%2Fwp%2Fv2%2Fproduct_brand&post=27471"},{"taxonomy":"product_cat","embeddable":true,"href":"http:\/\/basakcilastik.com.tr\/index.php?rest_route=%2Fwp%2Fv2%2Fproduct_cat&post=27471"},{"taxonomy":"product_tag","embeddable":true,"href":"http:\/\/basakcilastik.com.tr\/index.php?rest_route=%2Fwp%2Fv2%2Fproduct_tag&post=27471"}],"curies":[{"name":"wp","href":"https:\/\/api.w.org\/{rel}","templated":true}]}}