{"id":27454,"date":"2020-09-06T23:13:54","date_gmt":"2020-09-06T23:13:54","guid":{"rendered":"https:\/\/basakcilastik.com.tr\/?post_type=product&#038;p=27454"},"modified":"2020-09-06T23:13:56","modified_gmt":"2020-09-06T23:13:56","slug":"atd-1-22-530-7-5hp-kompresor","status":"publish","type":"product","link":"http:\/\/basakcilastik.com.tr\/?product=atd-1-22-530-7-5hp-kompresor","title":{"rendered":"ATD 1 22-530  7.5HP Kompres\u00f6r"},"content":{"rendered":"<p>\u00dcr\u00fcn \u00d6zellikleri<\/p>\n<p>Tek ve iki kademeli, bir ve iki silindirli, trifaze ve monofaze (2 HP&#8217;ye kadar) elektrik motorlu olarak \u00fcretilen bu tip pistonlu hava kompres\u00f6rleri V-Kay\u0131\u015f tahriklidir.<\/p>\n<p>&nbsp;<\/p>\n<p>Kolay ta\u015f\u0131nabilmeleri i\u00e7in tekerlekli olarak \u00fcretilen tiplerin (50\/100\/130 litre) hava depolar\u0131 \u00fczerinde bas\u0131n\u00e7 otomati\u011fi, emniyet s\u00fcbab\u0131, monometre, \u00e7ekvalf, kondens bo\u015faltma muslu\u011fu, hava \u00e7\u0131k\u0131\u015f vanas\u0131, ta\u015f\u0131ma tutama\u011f\u0131 ve di\u011fer tip kompres\u00f6rlere ilaveten bas\u0131n\u00e7 reg\u00fclat\u00f6r\u00fc bulunmaktad\u0131r.<\/p>\n<p>&nbsp;<\/p>\n<p>\u0130ki, \u00fc\u00e7 silindirli, tek ve iki kademeli, 5.5 ve 7.5 HP motorlu kompres\u00f6rlerde yol verme \u015falteri standart teslimata dahil olup t\u00fcm kompres\u00f6rlerin \u00e7al\u0131\u015fma rejimi durma-kalkma (start-stop) \u015feklindedir. Y\u00fcks\u00fcz yol alma, bas\u0131n\u00e7 otomati\u011fi tahliyesi vas\u0131tas\u0131yla sa\u011flanmaktad\u0131r.<\/p>\n<p>Teknik \u00d6zellikler<\/p>\n<ul>\n<li>\u00c7al\u0131\u015fma Bas\u0131nc\u0131bar12<\/li>\n<li>Motor G\u00fcc\u00fckW\/HP5.5 \/ 7.5<\/li>\n<li>G\u00fc\u00e7380V \/ 3Faz<\/li>\n<li>Kademe Say\u0131s\u01312<\/li>\n<li>\u00d6l\u00e7\u00fclermm77x192x137<\/li>\n<li>Kasal\u0131 A\u011f\u0131rl\u0131kkg336<\/li>\n<li>Depo Hacmilt530<\/li>\n<li>Hava Emi\u015f Kapasitesilt\/dk800<\/li>\n<li>Silindir Adedi2<\/li>\n<li>Kompres\u00f6r Devridev\/dk815<\/li>\n<\/ul>\n<p>&nbsp;<\/p>\n","protected":false},"excerpt":{"rendered":"<p>\u00dcr\u00fcn \u00d6zellikleri Tek ve iki kademeli, bir ve iki silindirli, trifaze ve monofaze (2 HP&#8217;ye kadar) elektrik motorlu olarak \u00fcretilen bu tip pistonlu hava kompres\u00f6rleri V-Kay\u0131\u015f tahriklidir. &nbsp; Kolay ta\u015f\u0131nabilmeleri i\u00e7in tekerlekli olarak \u00fcretilen tiplerin (50\/100\/130 litre) hava depolar\u0131 \u00fczerinde bas\u0131n\u00e7 otomati\u011fi, emniyet s\u00fcbab\u0131, monometre, \u00e7ekvalf, kondens bo\u015faltma muslu\u011fu, hava \u00e7\u0131k\u0131\u015f vanas\u0131, ta\u015f\u0131ma tutama\u011f\u0131 ve di\u011fer tip kompres\u00f6rlere ilaveten bas\u0131n\u00e7 [&hellip;]<\/p>\n","protected":false},"featured_media":27457,"comment_status":"open","ping_status":"closed","template":"","meta":[],"product_brand":[],"product_cat":[15,35,39],"product_tag":[],"class_list":{"0":"post-27454","1":"product","2":"type-product","3":"status-publish","4":"has-post-thumbnail","6":"product_cat-genel","7":"product_cat-kompresorler","8":"product_cat-pistonlu-kompresorler","10":"first","11":"instock","12":"shipping-taxable","13":"product-type-simple"},"_links":{"self":[{"href":"http:\/\/basakcilastik.com.tr\/index.php?rest_route=\/wp\/v2\/product\/27454","targetHints":{"allow":["GET"]}}],"collection":[{"href":"http:\/\/basakcilastik.com.tr\/index.php?rest_route=\/wp\/v2\/product"}],"about":[{"href":"http:\/\/basakcilastik.com.tr\/index.php?rest_route=\/wp\/v2\/types\/product"}],"replies":[{"embeddable":true,"href":"http:\/\/basakcilastik.com.tr\/index.php?rest_route=%2Fwp%2Fv2%2Fcomments&post=27454"}],"wp:featuredmedia":[{"embeddable":true,"href":"http:\/\/basakcilastik.com.tr\/index.php?rest_route=\/wp\/v2\/media\/27457"}],"wp:attachment":[{"href":"http:\/\/basakcilastik.com.tr\/index.php?rest_route=%2Fwp%2Fv2%2Fmedia&parent=27454"}],"wp:term":[{"taxonomy":"product_brand","embeddable":true,"href":"http:\/\/basakcilastik.com.tr\/index.php?rest_route=%2Fwp%2Fv2%2Fproduct_brand&post=27454"},{"taxonomy":"product_cat","embeddable":true,"href":"http:\/\/basakcilastik.com.tr\/index.php?rest_route=%2Fwp%2Fv2%2Fproduct_cat&post=27454"},{"taxonomy":"product_tag","embeddable":true,"href":"http:\/\/basakcilastik.com.tr\/index.php?rest_route=%2Fwp%2Fv2%2Fproduct_tag&post=27454"}],"curies":[{"name":"wp","href":"https:\/\/api.w.org\/{rel}","templated":true}]}}