{"id":27415,"date":"2020-09-06T22:45:18","date_gmt":"2020-09-06T22:45:18","guid":{"rendered":"https:\/\/basakcilastik.com.tr\/?post_type=product&#038;p=27415"},"modified":"2020-09-06T22:45:19","modified_gmt":"2020-09-06T22:45:19","slug":"fiac-jeneratorlu-kompresor","status":"publish","type":"product","link":"http:\/\/basakcilastik.com.tr\/?product=fiac-jeneratorlu-kompresor","title":{"rendered":"FIAC JENERAT\u00d6RL\u00dc KOMPRES\u00d6R"},"content":{"rendered":"<p>FIAC JENERAT\u00d6RL\u00dc KOMPRES\u00d6R<\/p>\n","protected":false},"excerpt":{"rendered":"<p>FIAC JENERAT\u00d6RL\u00dc KOMPRES\u00d6R<\/p>\n","protected":false},"featured_media":27418,"comment_status":"open","ping_status":"closed","template":"","meta":[],"product_brand":[],"product_cat":[15,38,35],"product_tag":[],"class_list":{"0":"post-27415","1":"product","2":"type-product","3":"status-publish","4":"has-post-thumbnail","6":"product_cat-genel","7":"product_cat-jeneratorlu-kompresorler","8":"product_cat-kompresorler","10":"first","11":"instock","12":"shipping-taxable","13":"product-type-simple"},"_links":{"self":[{"href":"http:\/\/basakcilastik.com.tr\/index.php?rest_route=\/wp\/v2\/product\/27415","targetHints":{"allow":["GET"]}}],"collection":[{"href":"http:\/\/basakcilastik.com.tr\/index.php?rest_route=\/wp\/v2\/product"}],"about":[{"href":"http:\/\/basakcilastik.com.tr\/index.php?rest_route=\/wp\/v2\/types\/product"}],"replies":[{"embeddable":true,"href":"http:\/\/basakcilastik.com.tr\/index.php?rest_route=%2Fwp%2Fv2%2Fcomments&post=27415"}],"wp:featuredmedia":[{"embeddable":true,"href":"http:\/\/basakcilastik.com.tr\/index.php?rest_route=\/wp\/v2\/media\/27418"}],"wp:attachment":[{"href":"http:\/\/basakcilastik.com.tr\/index.php?rest_route=%2Fwp%2Fv2%2Fmedia&parent=27415"}],"wp:term":[{"taxonomy":"product_brand","embeddable":true,"href":"http:\/\/basakcilastik.com.tr\/index.php?rest_route=%2Fwp%2Fv2%2Fproduct_brand&post=27415"},{"taxonomy":"product_cat","embeddable":true,"href":"http:\/\/basakcilastik.com.tr\/index.php?rest_route=%2Fwp%2Fv2%2Fproduct_cat&post=27415"},{"taxonomy":"product_tag","embeddable":true,"href":"http:\/\/basakcilastik.com.tr\/index.php?rest_route=%2Fwp%2Fv2%2Fproduct_tag&post=27415"}],"curies":[{"name":"wp","href":"https:\/\/api.w.org\/{rel}","templated":true}]}}