{"id":27391,"date":"2020-09-06T22:32:17","date_gmt":"2020-09-06T22:32:17","guid":{"rendered":"https:\/\/basakcilastik.com.tr\/?post_type=product&#038;p=27391"},"modified":"2020-09-06T22:32:18","modified_gmt":"2020-09-06T22:32:18","slug":"22-530-benzinli-mobil","status":"publish","type":"product","link":"http:\/\/basakcilastik.com.tr\/?product=22-530-benzinli-mobil","title":{"rendered":"22-530 BENZ\u0130NL\u0130 MOB\u0130L"},"content":{"rendered":"<p><strong>Model: 22-530 BENZ\u0130NL\u0130 MOB\u0130L<\/strong><\/p>\n<table width=\"270\">\n<tbody>\n<tr>\n<td colspan=\"3\">Mobil benzinli pistonlu hava kompres\u00f6r<\/td>\n<\/tr>\n<tr>\n<td>Tank Hacmi<\/td>\n<td>:<\/td>\n<td>530 lt<\/td>\n<\/tr>\n<tr>\n<td>Motor Tipi<\/td>\n<td>:<\/td>\n<td>\u0130pli\/mar\u015fl\u0131 Benzinli<\/td>\n<\/tr>\n<tr>\n<td>Motor G\u00fcc\u00fc<\/td>\n<td>:<\/td>\n<td>14 hp<\/td>\n<\/tr>\n<tr>\n<td>Bas\u0131n\u00e7<\/td>\n<td>:<\/td>\n<td>8-12<\/td>\n<\/tr>\n<tr>\n<td>Hava Emi\u015fi<\/td>\n<td>:<\/td>\n<td>920\/800 lt\/dk<\/td>\n<\/tr>\n<tr>\n<td>Silindir Kademe<\/td>\n<td>:<\/td>\n<td>2\/2<\/td>\n<\/tr>\n<tr>\n<td>Boyutlar<\/td>\n<td>:<\/td>\n<td>77 x 192 x 137<\/td>\n<\/tr>\n<\/tbody>\n<\/table>\n<p>&nbsp;<\/p>\n","protected":false},"excerpt":{"rendered":"<p>Model: 22-530 BENZ\u0130NL\u0130 MOB\u0130L Mobil benzinli pistonlu hava kompres\u00f6r Tank Hacmi : 530 lt Motor Tipi : \u0130pli\/mar\u015fl\u0131 Benzinli Motor G\u00fcc\u00fc : 14 hp Bas\u0131n\u00e7 : 8-12 Hava Emi\u015fi : 920\/800 lt\/dk Silindir Kademe : 2\/2 Boyutlar : 77 x 192 x 137 &nbsp;<\/p>\n","protected":false},"featured_media":27394,"comment_status":"open","ping_status":"closed","template":"","meta":[],"product_brand":[],"product_cat":[15,36,35],"product_tag":[],"class_list":{"0":"post-27391","1":"product","2":"type-product","3":"status-publish","4":"has-post-thumbnail","6":"product_cat-genel","7":"product_cat-benzinli-kompresorler","8":"product_cat-kompresorler","10":"first","11":"instock","12":"shipping-taxable","13":"product-type-simple"},"_links":{"self":[{"href":"http:\/\/basakcilastik.com.tr\/index.php?rest_route=\/wp\/v2\/product\/27391","targetHints":{"allow":["GET"]}}],"collection":[{"href":"http:\/\/basakcilastik.com.tr\/index.php?rest_route=\/wp\/v2\/product"}],"about":[{"href":"http:\/\/basakcilastik.com.tr\/index.php?rest_route=\/wp\/v2\/types\/product"}],"replies":[{"embeddable":true,"href":"http:\/\/basakcilastik.com.tr\/index.php?rest_route=%2Fwp%2Fv2%2Fcomments&post=27391"}],"wp:featuredmedia":[{"embeddable":true,"href":"http:\/\/basakcilastik.com.tr\/index.php?rest_route=\/wp\/v2\/media\/27394"}],"wp:attachment":[{"href":"http:\/\/basakcilastik.com.tr\/index.php?rest_route=%2Fwp%2Fv2%2Fmedia&parent=27391"}],"wp:term":[{"taxonomy":"product_brand","embeddable":true,"href":"http:\/\/basakcilastik.com.tr\/index.php?rest_route=%2Fwp%2Fv2%2Fproduct_brand&post=27391"},{"taxonomy":"product_cat","embeddable":true,"href":"http:\/\/basakcilastik.com.tr\/index.php?rest_route=%2Fwp%2Fv2%2Fproduct_cat&post=27391"},{"taxonomy":"product_tag","embeddable":true,"href":"http:\/\/basakcilastik.com.tr\/index.php?rest_route=%2Fwp%2Fv2%2Fproduct_tag&post=27391"}],"curies":[{"name":"wp","href":"https:\/\/api.w.org\/{rel}","templated":true}]}}