{"id":27389,"date":"2020-09-06T22:31:34","date_gmt":"2020-09-06T22:31:34","guid":{"rendered":"https:\/\/basakcilastik.com.tr\/?post_type=product&#038;p=27389"},"modified":"2020-09-06T22:31:36","modified_gmt":"2020-09-06T22:31:36","slug":"22-300-benzinli-mobil","status":"publish","type":"product","link":"http:\/\/basakcilastik.com.tr\/?product=22-300-benzinli-mobil","title":{"rendered":"22-300 BENZ\u0130NL\u0130 MOB\u0130L"},"content":{"rendered":"<p><strong>Model: 22-300 BENZ\u0130NL\u0130 MOB\u0130L<\/strong><\/p>\n<table width=\"270\">\n<tbody>\n<tr>\n<td colspan=\"3\">Mobil benzinli pistonlu hava kompres\u00f6r<\/td>\n<\/tr>\n<tr>\n<td>Tank Hacmi<\/td>\n<td>:<\/td>\n<td>300 lt<\/td>\n<\/tr>\n<tr>\n<td>Motor Tipi<\/td>\n<td>:<\/td>\n<td>\u0130pli\/mar\u015fl\u0131 Benzinli<\/td>\n<\/tr>\n<tr>\n<td>Motor G\u00fcc\u00fc<\/td>\n<td>:<\/td>\n<td>10 hp<\/td>\n<\/tr>\n<tr>\n<td>Hava Emi\u015fi<\/td>\n<td>:<\/td>\n<td>8-12<\/td>\n<\/tr>\n<tr>\n<td>Silindir\/Kademe<\/td>\n<td>:<\/td>\n<td>2\/2<\/td>\n<\/tr>\n<tr>\n<td>Boyutlar<\/td>\n<td>:<\/td>\n<td>62 x 170 x120<\/td>\n<\/tr>\n<\/tbody>\n<\/table>\n<p>&nbsp;<\/p>\n","protected":false},"excerpt":{"rendered":"<p>Model: 22-300 BENZ\u0130NL\u0130 MOB\u0130L Mobil benzinli pistonlu hava kompres\u00f6r Tank Hacmi : 300 lt Motor Tipi : \u0130pli\/mar\u015fl\u0131 Benzinli Motor G\u00fcc\u00fc : 10 hp Hava Emi\u015fi : 8-12 Silindir\/Kademe : 2\/2 Boyutlar : 62 x 170 x120 &nbsp;<\/p>\n","protected":false},"featured_media":27392,"comment_status":"open","ping_status":"closed","template":"","meta":[],"product_brand":[],"product_cat":[15,36,35],"product_tag":[],"class_list":{"0":"post-27389","1":"product","2":"type-product","3":"status-publish","4":"has-post-thumbnail","6":"product_cat-genel","7":"product_cat-benzinli-kompresorler","8":"product_cat-kompresorler","10":"first","11":"instock","12":"shipping-taxable","13":"product-type-simple"},"_links":{"self":[{"href":"http:\/\/basakcilastik.com.tr\/index.php?rest_route=\/wp\/v2\/product\/27389","targetHints":{"allow":["GET"]}}],"collection":[{"href":"http:\/\/basakcilastik.com.tr\/index.php?rest_route=\/wp\/v2\/product"}],"about":[{"href":"http:\/\/basakcilastik.com.tr\/index.php?rest_route=\/wp\/v2\/types\/product"}],"replies":[{"embeddable":true,"href":"http:\/\/basakcilastik.com.tr\/index.php?rest_route=%2Fwp%2Fv2%2Fcomments&post=27389"}],"wp:featuredmedia":[{"embeddable":true,"href":"http:\/\/basakcilastik.com.tr\/index.php?rest_route=\/wp\/v2\/media\/27392"}],"wp:attachment":[{"href":"http:\/\/basakcilastik.com.tr\/index.php?rest_route=%2Fwp%2Fv2%2Fmedia&parent=27389"}],"wp:term":[{"taxonomy":"product_brand","embeddable":true,"href":"http:\/\/basakcilastik.com.tr\/index.php?rest_route=%2Fwp%2Fv2%2Fproduct_brand&post=27389"},{"taxonomy":"product_cat","embeddable":true,"href":"http:\/\/basakcilastik.com.tr\/index.php?rest_route=%2Fwp%2Fv2%2Fproduct_cat&post=27389"},{"taxonomy":"product_tag","embeddable":true,"href":"http:\/\/basakcilastik.com.tr\/index.php?rest_route=%2Fwp%2Fv2%2Fproduct_tag&post=27389"}],"curies":[{"name":"wp","href":"https:\/\/api.w.org\/{rel}","templated":true}]}}