{"id":27385,"date":"2020-09-06T22:29:49","date_gmt":"2020-09-06T22:29:49","guid":{"rendered":"https:\/\/basakcilastik.com.tr\/?post_type=product&#038;p=27385"},"modified":"2020-09-06T22:29:50","modified_gmt":"2020-09-06T22:29:50","slug":"22-530-alternatorlu","status":"publish","type":"product","link":"http:\/\/basakcilastik.com.tr\/?product=22-530-alternatorlu","title":{"rendered":"22-530 ALTERNAT\u00d6RL\u00dc"},"content":{"rendered":"<p><strong>Model: 22-530 ALTERNAT\u00d6RL\u00dc<\/strong><\/p>\n<table width=\"270\">\n<tbody>\n<tr>\n<td colspan=\"3\">Alternat\u00f6rl\u00fc Kompres\u00f6r<\/td>\n<\/tr>\n<tr>\n<td>Tank Hacmi<\/td>\n<td>:<\/td>\n<td>530 lt<\/td>\n<\/tr>\n<tr>\n<td>Motor Tipi<\/td>\n<td>:<\/td>\n<td>\u0130pli\/mar\u015fl\u0131 Benzinli<\/td>\n<\/tr>\n<tr>\n<td>Motor G\u00fcc\u00fc<\/td>\n<td>:<\/td>\n<td>14 hp<\/td>\n<\/tr>\n<tr>\n<td>Bas\u0131n\u00e7<\/td>\n<td>:<\/td>\n<td>12 bar<\/td>\n<\/tr>\n<tr>\n<td>Hava Emi\u015fi<\/td>\n<td>:<\/td>\n<td>800 lt\/dk<\/td>\n<\/tr>\n<tr>\n<td>400V Enerji \u00c7\u0131k\u0131\u015f<\/td>\n<td>:<\/td>\n<td>7,5 kva<\/td>\n<\/tr>\n<tr>\n<td>220V Enerji \u00c7\u0131k\u0131\u015f<\/td>\n<td>:<\/td>\n<td>4 kva<\/td>\n<\/tr>\n<tr>\n<td>Boyutlar<\/td>\n<td>:<\/td>\n<td>77 x 192 x137<\/td>\n<\/tr>\n<\/tbody>\n<\/table>\n<p>&nbsp;<\/p>\n<ul>\n<li>Tasar\u0131m ve imalat\u0131 % 100 Ayd\u0131n Trafo taraf\u0131ndan yap\u0131lan y\u00fcksek performansl\u0131 piston gruplar\u0131<\/li>\n<li>Ayd\u0131n Trafo imalat\u0131 CE sertifikal\u0131 hava tank\u0131<\/li>\n<li>Uzun \u00f6m\u00fcrl\u00fc y\u00fcksek kaliteli alternat\u00f6r<\/li>\n<li>Uzun \u00f6m\u00fcrl\u00fc y\u00fcksek kaliteli Briggs &amp; Stratton Motor<\/li>\n<li>Dahili ak\u00fc<\/li>\n<li>Ak\u00fc dolumu i\u00e7in dahili \u015farj dinamosu<\/li>\n<li>En zor \u015fartlara kar\u015f\u0131 3 kademeli emniyet sistemi<\/li>\n<li>8 noktadan destekli vibrasyon takozlar\u0131 sayesinde titre\u015fimsiz ve g\u00fcvenli \u00e7al\u0131\u015fma<\/li>\n<\/ul>\n<p>&nbsp;<\/p>\n","protected":false},"excerpt":{"rendered":"<p>Model: 22-530 ALTERNAT\u00d6RL\u00dc Alternat\u00f6rl\u00fc Kompres\u00f6r Tank Hacmi : 530 lt Motor Tipi : \u0130pli\/mar\u015fl\u0131 Benzinli Motor G\u00fcc\u00fc : 14 hp Bas\u0131n\u00e7 : 12 bar Hava Emi\u015fi : 800 lt\/dk 400V Enerji \u00c7\u0131k\u0131\u015f : 7,5 kva 220V Enerji \u00c7\u0131k\u0131\u015f : 4 kva Boyutlar : 77 x 192 x137 &nbsp; Tasar\u0131m ve imalat\u0131 % 100 Ayd\u0131n Trafo taraf\u0131ndan yap\u0131lan y\u00fcksek performansl\u0131 piston [&hellip;]<\/p>\n","protected":false},"featured_media":27388,"comment_status":"open","ping_status":"closed","template":"","meta":[],"product_brand":[],"product_cat":[15,36,35],"product_tag":[],"class_list":{"0":"post-27385","1":"product","2":"type-product","3":"status-publish","4":"has-post-thumbnail","6":"product_cat-genel","7":"product_cat-benzinli-kompresorler","8":"product_cat-kompresorler","10":"first","11":"instock","12":"shipping-taxable","13":"product-type-simple"},"_links":{"self":[{"href":"http:\/\/basakcilastik.com.tr\/index.php?rest_route=\/wp\/v2\/product\/27385","targetHints":{"allow":["GET"]}}],"collection":[{"href":"http:\/\/basakcilastik.com.tr\/index.php?rest_route=\/wp\/v2\/product"}],"about":[{"href":"http:\/\/basakcilastik.com.tr\/index.php?rest_route=\/wp\/v2\/types\/product"}],"replies":[{"embeddable":true,"href":"http:\/\/basakcilastik.com.tr\/index.php?rest_route=%2Fwp%2Fv2%2Fcomments&post=27385"}],"wp:featuredmedia":[{"embeddable":true,"href":"http:\/\/basakcilastik.com.tr\/index.php?rest_route=\/wp\/v2\/media\/27388"}],"wp:attachment":[{"href":"http:\/\/basakcilastik.com.tr\/index.php?rest_route=%2Fwp%2Fv2%2Fmedia&parent=27385"}],"wp:term":[{"taxonomy":"product_brand","embeddable":true,"href":"http:\/\/basakcilastik.com.tr\/index.php?rest_route=%2Fwp%2Fv2%2Fproduct_brand&post=27385"},{"taxonomy":"product_cat","embeddable":true,"href":"http:\/\/basakcilastik.com.tr\/index.php?rest_route=%2Fwp%2Fv2%2Fproduct_cat&post=27385"},{"taxonomy":"product_tag","embeddable":true,"href":"http:\/\/basakcilastik.com.tr\/index.php?rest_route=%2Fwp%2Fv2%2Fproduct_tag&post=27385"}],"curies":[{"name":"wp","href":"https:\/\/api.w.org\/{rel}","templated":true}]}}