{"id":27377,"date":"2020-09-06T22:25:56","date_gmt":"2020-09-06T22:25:56","guid":{"rendered":"https:\/\/basakcilastik.com.tr\/?post_type=product&#038;p=27377"},"modified":"2020-09-06T22:25:58","modified_gmt":"2020-09-06T22:25:58","slug":"eratool-kaynak-maskesi-el-tipi-fiber","status":"publish","type":"product","link":"http:\/\/basakcilastik.com.tr\/?product=eratool-kaynak-maskesi-el-tipi-fiber","title":{"rendered":"ERATOOL KAYNAK MASKES\u0130 EL T\u0130P\u0130 F\u0130BER"},"content":{"rendered":"<p>ERATOOL KAYNAK MASKES\u0130 EL T\u0130P\u0130 F\u0130BER<\/p>\n","protected":false},"excerpt":{"rendered":"<p>ERATOOL KAYNAK MASKES\u0130 EL T\u0130P\u0130 F\u0130BER<\/p>\n","protected":false},"featured_media":27380,"comment_status":"open","ping_status":"closed","template":"","meta":[],"product_brand":[],"product_cat":[15,164,168],"product_tag":[],"class_list":{"0":"post-27377","1":"product","2":"type-product","3":"status-publish","4":"has-post-thumbnail","6":"product_cat-genel","7":"product_cat-kaynak-ekipmanlari","8":"product_cat-vucut-kaynak-ekipmanlari","10":"first","11":"instock","12":"shipping-taxable","13":"product-type-simple"},"_links":{"self":[{"href":"http:\/\/basakcilastik.com.tr\/index.php?rest_route=\/wp\/v2\/product\/27377","targetHints":{"allow":["GET"]}}],"collection":[{"href":"http:\/\/basakcilastik.com.tr\/index.php?rest_route=\/wp\/v2\/product"}],"about":[{"href":"http:\/\/basakcilastik.com.tr\/index.php?rest_route=\/wp\/v2\/types\/product"}],"replies":[{"embeddable":true,"href":"http:\/\/basakcilastik.com.tr\/index.php?rest_route=%2Fwp%2Fv2%2Fcomments&post=27377"}],"wp:featuredmedia":[{"embeddable":true,"href":"http:\/\/basakcilastik.com.tr\/index.php?rest_route=\/wp\/v2\/media\/27380"}],"wp:attachment":[{"href":"http:\/\/basakcilastik.com.tr\/index.php?rest_route=%2Fwp%2Fv2%2Fmedia&parent=27377"}],"wp:term":[{"taxonomy":"product_brand","embeddable":true,"href":"http:\/\/basakcilastik.com.tr\/index.php?rest_route=%2Fwp%2Fv2%2Fproduct_brand&post=27377"},{"taxonomy":"product_cat","embeddable":true,"href":"http:\/\/basakcilastik.com.tr\/index.php?rest_route=%2Fwp%2Fv2%2Fproduct_cat&post=27377"},{"taxonomy":"product_tag","embeddable":true,"href":"http:\/\/basakcilastik.com.tr\/index.php?rest_route=%2Fwp%2Fv2%2Fproduct_tag&post=27377"}],"curies":[{"name":"wp","href":"https:\/\/api.w.org\/{rel}","templated":true}]}}