{"id":27367,"date":"2020-09-06T22:21:27","date_gmt":"2020-09-06T22:21:27","guid":{"rendered":"https:\/\/basakcilastik.com.tr\/?post_type=product&#038;p=27367"},"modified":"2020-09-06T22:21:28","modified_gmt":"2020-09-06T22:21:28","slug":"toolux-pprc-kaynak-makine-seti-1200-w-t502","status":"publish","type":"product","link":"http:\/\/basakcilastik.com.tr\/?product=toolux-pprc-kaynak-makine-seti-1200-w-t502","title":{"rendered":"Toolux PPRC Kaynak Makine Seti 1200 W T502"},"content":{"rendered":"<p><strong>Toolux PPRC Kaynak Makine Seti 1200 W<\/strong><\/p>\n<p>Kod: T 502<\/p>\n<p>-N6 PLAST\u0130K G\u00d6VDE<\/p>\n<p>-AL\u00dcM\u0130NYUM \u00dcT\u00dc POL\u0130SAJLI (1200 W \u00c7\u0130FT T\u00dcP REZ\u0130DANS)<\/p>\n<p>-PLASTIK AYAK<\/p>\n<p>-2 M \u015eER\u0130T METRE<\/p>\n<p>-TEFLON KAPLI PAFTA SET\u0130 (20-25-32-40 MM)<\/p>\n<p>-M\u0130N\u0130 SU TERAZ\u0130S\u0130<\/p>\n<p>-ALYAN ANAHTAR<\/p>\n<p>-BORU B\u00dcKME MAKASI<\/p>\n<p>&nbsp;<\/p>\n","protected":false},"excerpt":{"rendered":"<p>Toolux PPRC Kaynak Makine Seti 1200 W Kod: T 502 -N6 PLAST\u0130K G\u00d6VDE -AL\u00dcM\u0130NYUM \u00dcT\u00dc POL\u0130SAJLI (1200 W \u00c7\u0130FT T\u00dcP REZ\u0130DANS) -PLASTIK AYAK -2 M \u015eER\u0130T METRE -TEFLON KAPLI PAFTA SET\u0130 (20-25-32-40 MM) -M\u0130N\u0130 SU TERAZ\u0130S\u0130 -ALYAN ANAHTAR -BORU B\u00dcKME MAKASI &nbsp;<\/p>\n","protected":false},"featured_media":27370,"comment_status":"open","ping_status":"closed","template":"","meta":[],"product_brand":[],"product_cat":[15,164,167],"product_tag":[],"class_list":{"0":"post-27367","1":"product","2":"type-product","3":"status-publish","4":"has-post-thumbnail","6":"product_cat-genel","7":"product_cat-kaynak-ekipmanlari","8":"product_cat-kaynak-makina-ve-ekipmanlari","10":"first","11":"instock","12":"shipping-taxable","13":"product-type-simple"},"_links":{"self":[{"href":"http:\/\/basakcilastik.com.tr\/index.php?rest_route=\/wp\/v2\/product\/27367","targetHints":{"allow":["GET"]}}],"collection":[{"href":"http:\/\/basakcilastik.com.tr\/index.php?rest_route=\/wp\/v2\/product"}],"about":[{"href":"http:\/\/basakcilastik.com.tr\/index.php?rest_route=\/wp\/v2\/types\/product"}],"replies":[{"embeddable":true,"href":"http:\/\/basakcilastik.com.tr\/index.php?rest_route=%2Fwp%2Fv2%2Fcomments&post=27367"}],"wp:featuredmedia":[{"embeddable":true,"href":"http:\/\/basakcilastik.com.tr\/index.php?rest_route=\/wp\/v2\/media\/27370"}],"wp:attachment":[{"href":"http:\/\/basakcilastik.com.tr\/index.php?rest_route=%2Fwp%2Fv2%2Fmedia&parent=27367"}],"wp:term":[{"taxonomy":"product_brand","embeddable":true,"href":"http:\/\/basakcilastik.com.tr\/index.php?rest_route=%2Fwp%2Fv2%2Fproduct_brand&post=27367"},{"taxonomy":"product_cat","embeddable":true,"href":"http:\/\/basakcilastik.com.tr\/index.php?rest_route=%2Fwp%2Fv2%2Fproduct_cat&post=27367"},{"taxonomy":"product_tag","embeddable":true,"href":"http:\/\/basakcilastik.com.tr\/index.php?rest_route=%2Fwp%2Fv2%2Fproduct_tag&post=27367"}],"curies":[{"name":"wp","href":"https:\/\/api.w.org\/{rel}","templated":true}]}}