{"id":27334,"date":"2020-09-06T21:58:27","date_gmt":"2020-09-06T21:58:27","guid":{"rendered":"https:\/\/basakcilastik.com.tr\/?post_type=product&#038;p=27334"},"modified":"2020-09-06T21:58:28","modified_gmt":"2020-09-06T21:58:28","slug":"powertec-i-320-c-advanced-kaynak-makinasi","status":"publish","type":"product","link":"http:\/\/basakcilastik.com.tr\/?product=powertec-i-320-c-advanced-kaynak-makinasi","title":{"rendered":"POWERTEC\u00ae I 320 C Advanced Kaynak Makinas\u0131"},"content":{"rendered":"<p>\u00dcr\u00fcn \u00d6zellikleri<\/p>\n<p>POWERTEC\u00ae I yeni invert\u00f6r teknolojisi ile \u00fcretilmi\u015f MIG\/MAG ve \u00d6rt\u00fcl\u00fc Elektrod \u00e7ok prosesli, kompakt gazalt\u0131 kaynak makinesidir. \u00c7elik, paslanmaz \u00e7elik ve al\u00fcminyum kayna\u011f\u0131 i\u00e7in m\u00fckemmeldir.<\/p>\n<p>Optimize edilmi\u015f ba\u015flang\u0131\u00e7 ve biti\u015f ayarlar\u0131 ile tekrarlanabilir ve h\u0131zl\u0131 tutu\u015fma, her teti\u011fi bas\u0131\u015fta kararl\u0131 ark \u00e7\u0131kt\u0131s\u0131 sa\u011flar. Geli\u015fmi\u015f (Advanced) versiyon Powertec I\u2019da en iyi kaynak parametreleri sizin i\u00e7in \u00f6nceden ayarlanm\u0131\u015ft\u0131r, bu sebeple en iyi ayar\u0131 bulmak i\u00e7in i\u00e7in \u00f6n ayar yapman\u0131za gerek yoktur, sizin i\u00e7in bu halihaz\u0131rda \u00e7al\u0131\u015f\u0131lm\u0131\u015f ve makinaya y\u00fcklenmi\u015ftir. Makinenin kontrol sistemi \u00e7\u0131k\u0131\u015f parametrelerini s\u00fcrekli denetlemektedir, operat\u00f6r davran\u0131\u015flar\u0131na g\u00f6re e\u015f zamanl\u0131 olarak parametreleri kontrol eder ve d\u00fczenler.<\/p>\n<p>POWERTEC\u00ae I 320 Advanced sinerjik modlar ile donat\u0131lm\u0131\u015ft\u0131r, \u00e7\u0131k\u0131\u015f voltaj\u0131 otomatik olarak tel s\u00fcrme h\u0131z\u0131na g\u00f6re ayarlanmaktad\u0131r. Operat\u00f6r kolayl\u0131\u011f\u0131 i\u00e7in beklenen \u00e7\u0131k\u0131\u015f ak\u0131m\u0131 ve malzeme kal\u0131nl\u0131\u011f\u0131 ekranda g\u00f6r\u00fcnt\u00fclenmektedir.\u00a0\u00c7\u0131k\u0131\u015f parametreleri s\u00fcrekli \u00f6l\u00e7\u00fcmlenerek yumu\u015fak metal transferi sayesinde optimize edilir, makine de\u011fi\u015fime an\u0131nda ve h\u0131zl\u0131 cevap verir, kararl\u0131 ve s\u0131n\u0131rl\u0131 s\u0131\u00e7rant\u0131 \u00e7\u0131k\u0131\u015f\u0131 olur. Kaynak sonras\u0131 daha az temizleme s\u00fcresi ger\u00e7ekle\u015fece\u011finden zaman kayb\u0131n\u0131 da \u00f6nler.<\/p>\n<ul>\n<li>Y\u00fcksek kaliteli ark performans\u0131<\/li>\n<li>Sa\u011flam ve g\u00fcvenilir dizayn<\/li>\n<li>Yenilik\u00e7i aray\u00fcz, kolay kullan\u0131m<\/li>\n<li>\u00dcst d\u00fczey tel s\u00fcrme makaralar\u0131, 4 aktif mekanizma, optimize edilmi\u015f tel pozisyonu<\/li>\n<li>Geli\u015ftirilmi\u015f ergonomi ve operat\u00f6r g\u00fcvenli\u011fi<\/li>\n<li>ARCFXTM<\/li>\n<li>T\u00fcrk\u00e7e Men\u00fc<\/li>\n<\/ul>\n<p>Teknik \u00d6zellikler<\/p>\n<ul>\n<li>Besleme GerilimiV400 V 3 Faz 50\/60 Hz<\/li>\n<li>Kaynak Ak\u0131m\u0131 Kaynak Gerilimi320 A \/ % 40 250 A \/ % 60 195 A \/ % 100<\/li>\n<li>SigortaA19,6<\/li>\n<li>Ak\u0131m Aral\u0131\u011f\u0131A30 &#8211; 320<\/li>\n<li>Boyutlar(YxGxD)mm870 x 540 x 900<\/li>\n<li>A\u011f\u0131rl\u0131kkg67<\/li>\n<\/ul>\n<p>&nbsp;<\/p>\n","protected":false},"excerpt":{"rendered":"<p>\u00dcr\u00fcn \u00d6zellikleri POWERTEC\u00ae I yeni invert\u00f6r teknolojisi ile \u00fcretilmi\u015f MIG\/MAG ve \u00d6rt\u00fcl\u00fc Elektrod \u00e7ok prosesli, kompakt gazalt\u0131 kaynak makinesidir. \u00c7elik, paslanmaz \u00e7elik ve al\u00fcminyum kayna\u011f\u0131 i\u00e7in m\u00fckemmeldir. Optimize edilmi\u015f ba\u015flang\u0131\u00e7 ve biti\u015f ayarlar\u0131 ile tekrarlanabilir ve h\u0131zl\u0131 tutu\u015fma, her teti\u011fi bas\u0131\u015fta kararl\u0131 ark \u00e7\u0131kt\u0131s\u0131 sa\u011flar. Geli\u015fmi\u015f (Advanced) versiyon Powertec I\u2019da en iyi kaynak parametreleri sizin i\u00e7in \u00f6nceden ayarlanm\u0131\u015ft\u0131r, bu sebeple [&hellip;]<\/p>\n","protected":false},"featured_media":27337,"comment_status":"open","ping_status":"closed","template":"","meta":[],"product_brand":[],"product_cat":[15,164,167],"product_tag":[],"class_list":{"0":"post-27334","1":"product","2":"type-product","3":"status-publish","4":"has-post-thumbnail","6":"product_cat-genel","7":"product_cat-kaynak-ekipmanlari","8":"product_cat-kaynak-makina-ve-ekipmanlari","10":"first","11":"instock","12":"shipping-taxable","13":"product-type-simple"},"_links":{"self":[{"href":"http:\/\/basakcilastik.com.tr\/index.php?rest_route=\/wp\/v2\/product\/27334","targetHints":{"allow":["GET"]}}],"collection":[{"href":"http:\/\/basakcilastik.com.tr\/index.php?rest_route=\/wp\/v2\/product"}],"about":[{"href":"http:\/\/basakcilastik.com.tr\/index.php?rest_route=\/wp\/v2\/types\/product"}],"replies":[{"embeddable":true,"href":"http:\/\/basakcilastik.com.tr\/index.php?rest_route=%2Fwp%2Fv2%2Fcomments&post=27334"}],"wp:featuredmedia":[{"embeddable":true,"href":"http:\/\/basakcilastik.com.tr\/index.php?rest_route=\/wp\/v2\/media\/27337"}],"wp:attachment":[{"href":"http:\/\/basakcilastik.com.tr\/index.php?rest_route=%2Fwp%2Fv2%2Fmedia&parent=27334"}],"wp:term":[{"taxonomy":"product_brand","embeddable":true,"href":"http:\/\/basakcilastik.com.tr\/index.php?rest_route=%2Fwp%2Fv2%2Fproduct_brand&post=27334"},{"taxonomy":"product_cat","embeddable":true,"href":"http:\/\/basakcilastik.com.tr\/index.php?rest_route=%2Fwp%2Fv2%2Fproduct_cat&post=27334"},{"taxonomy":"product_tag","embeddable":true,"href":"http:\/\/basakcilastik.com.tr\/index.php?rest_route=%2Fwp%2Fv2%2Fproduct_tag&post=27334"}],"curies":[{"name":"wp","href":"https:\/\/api.w.org\/{rel}","templated":true}]}}