{"id":27282,"date":"2020-09-06T21:27:20","date_gmt":"2020-09-06T21:27:20","guid":{"rendered":"https:\/\/basakcilastik.com.tr\/?post_type=product&#038;p=27282"},"modified":"2020-09-06T21:27:22","modified_gmt":"2020-09-06T21:27:22","slug":"mastermig-420w-kaynak-makinasi","status":"publish","type":"product","link":"http:\/\/basakcilastik.com.tr\/?product=mastermig-420w-kaynak-makinasi","title":{"rendered":"MasterMIG 420W Kaynak Makinas\u0131"},"content":{"rendered":"<p>\u00dcr\u00fcn \u00d6zellikleri<\/p>\n<ul>\n<li>Tel s\u00fcrme \u00fcnitesi g\u00fc\u00e7 \u00fcnitesinden ayr\u0131labilen tipte, su so\u011futmal\u0131 ve yar\u0131-otomatik gazalt\u0131 (MIG\/MAG) kaynak makinesidir.<\/li>\n<li>\u00c7al\u0131\u015fma esnekli\u011fini artt\u0131rmak ve g\u00fc\u00e7 \u00fcnitesinden daha uzak b\u00f6lgelerde kaynak yapabilmek i\u00e7in sadece tel s\u00fcrme \u00fcnitesini s\u00f6kmek yeterlidir. Bu sayede a\u011f\u0131r g\u00fc\u00e7 \u00fcnitesini kald\u0131rmaya ya da yerini de\u011fi\u015ftirmeye gerek yoktur. Tel s\u00fcrme \u00fcnitesi g\u00fc\u00e7 \u00fcnitesinden ara kablonun uzunlu\u011fu kadar uzakla\u015ft\u0131r\u0131labilir.<\/li>\n<li>\u0130n\u015faatlarda kullan\u0131lan d\u00fc\u015f\u00fck karbonlu yap\u0131 \u00e7eliklerinin ve paslanmaz \u00e7eliklerin y\u00fcksek kaliteli kayna\u011f\u0131na uygundur.<\/li>\n<li>CO2 gaz\u0131 ile s\u0131\u00e7rama sorunu olmadan kaynak yapma olana\u011f\u0131 sa\u011flar.<\/li>\n<li>30 kademeli (3&#215;10) kaynak gerilimi ayar\u0131na sahiptir. Bu sayede kaynak parametrelerini daha hassas ayarlamak m\u00fcmk\u00fcnd\u00fcr.<\/li>\n<li>Tel besleme h\u0131z\u0131 ayarlanabilir.<\/li>\n<li>2\/4 tetik se\u00e7ene\u011fine sahiptir.<\/li>\n<li>Ark olu\u015fumunu kolayla\u015ft\u0131ran yava\u015f tel besleme (yumu\u015fak ba\u015flang\u0131\u00e7) \u00f6zelli\u011fine sahiptir.<\/li>\n<li>A\u015f\u0131r\u0131 \u0131s\u0131l y\u00fcklemeye kar\u015f\u0131 termal koruma devresi ile donat\u0131lm\u0131\u015ft\u0131r.<\/li>\n<li>Geri-yanma s\u00fcresi ayar\u0131na (burnback), gaz ak\u0131\u015f kontrol\u00fcne ve kaynak yapmadan ve gaz ak\u0131\u015f\u0131 olmadan tel besleyebilme \u00f6zelliklerine sahiptir.<\/li>\n<li>Kaynak ak\u0131m\u0131 ve kaynak gerilimi de\u011ferlerini g\u00f6steren iki dijital g\u00f6sterge bulunmaktad\u0131r.<\/li>\n<li>Su so\u011futmal\u0131d\u0131r.<\/li>\n<li>Koruma s\u0131n\u0131f\u0131 IP21S olup, g\u00fcvenilir ve kullan\u0131m\u0131 kolayd\u0131r.<\/li>\n<li>IEC 60974-1&#8217;e g\u00f6re tasarlanm\u0131\u015ft\u0131r.<\/li>\n<li>Garanti s\u00fcresi 2 y\u0131ld\u0131r (kaynak torcu ve kablolar hari\u00e7).<\/li>\n<\/ul>\n<p>Teknik \u00d6zellikler<\/p>\n<ul>\n<li>Nominal \u015eebeke De\u011feri380 V &#8211; 3 Faz &#8211; 50\/60 Hz<\/li>\n<li>Maksimum G\u00fc\u00e7 T\u00fcketimi21 kVA (%25)<\/li>\n<li>\u015eebekeden \u00c7ekilen Ak\u0131m32 A (%25) &#8211; 14 A (%100)<\/li>\n<li>G\u00fc\u00e7 Fakt\u00f6r\u00fc0,96 (%25)<\/li>\n<li>Verim%73<\/li>\n<li>Kaynak Ak\u0131m\u0131420 A; 35,0 V (%25) 255 A; 26,8 V (%100)<\/li>\n<li>Bo\u015fta \u00c7al\u0131\u015fma Gerilimi18,1 &#8211; 46 V<\/li>\n<li>Kaynak Ak\u0131m\u0131 Ayar Aral\u0131\u011f\u013160 &#8211; 420 A<\/li>\n<li>Kaynak Gerilimi Ayar Aral\u0131\u011f\u013117 &#8211; 35 A<\/li>\n<li>Kaynak Gerilimi Kademe Say\u0131s\u013130 (3&#215;10)<\/li>\n<li>Koruma S\u0131n\u0131f\u0131IP21S<\/li>\n<li>Yal\u0131t\u0131m S\u0131n\u0131f\u0131H<\/li>\n<li>Sigorta40 A (gecikmeli)<\/li>\n<li>A\u011f\u0131rl\u0131k (Tel S\u00fcrme \u00dcnitesi Hari\u00e7)154 kg (so\u011futma suyu yokken) 160 kg (so\u011futma suyu varken)<\/li>\n<li>\u00d6l\u00e7\u00fcler (GxYxD)600 x 810 x 1030 mm<\/li>\n<li>Standart\u0131 ve Onay\u0131EN 60974-1 ; CE<\/li>\n<li>Tel S\u00fcrme H\u0131z\u01311 &#8211; 24 m\/dak<\/li>\n<li>Kaynak \u00d6ncesi H\u0131z Ayar\u0131% 10 &#8211; 100 V<\/li>\n<li>Tel \u00c7aplar\u01318 &#8211; 1.0 &#8211; 1.2 mm (\u00e7elik tel) 1.2 mm (\u00f6zl\u00fc tel)<\/li>\n<li>Besleme \u00dcnitesi Gerilimi ve G\u00fcc\u00fc42 V; 90 W<\/li>\n<li>Maksimum Besleme Ak\u0131m\u01314 A<\/li>\n<li>A\u011f\u0131rl\u0131k (Kablolar hari\u00e7)kg19<\/li>\n<\/ul>\n<p>&nbsp;<\/p>\n","protected":false},"excerpt":{"rendered":"<p>\u00dcr\u00fcn \u00d6zellikleri Tel s\u00fcrme \u00fcnitesi g\u00fc\u00e7 \u00fcnitesinden ayr\u0131labilen tipte, su so\u011futmal\u0131 ve yar\u0131-otomatik gazalt\u0131 (MIG\/MAG) kaynak makinesidir. \u00c7al\u0131\u015fma esnekli\u011fini artt\u0131rmak ve g\u00fc\u00e7 \u00fcnitesinden daha uzak b\u00f6lgelerde kaynak yapabilmek i\u00e7in sadece tel s\u00fcrme \u00fcnitesini s\u00f6kmek yeterlidir. Bu sayede a\u011f\u0131r g\u00fc\u00e7 \u00fcnitesini kald\u0131rmaya ya da yerini de\u011fi\u015ftirmeye gerek yoktur. Tel s\u00fcrme \u00fcnitesi g\u00fc\u00e7 \u00fcnitesinden ara kablonun uzunlu\u011fu kadar uzakla\u015ft\u0131r\u0131labilir. \u0130n\u015faatlarda kullan\u0131lan d\u00fc\u015f\u00fck [&hellip;]<\/p>\n","protected":false},"featured_media":27285,"comment_status":"open","ping_status":"closed","template":"","meta":[],"product_brand":[],"product_cat":[15,164,167],"product_tag":[],"class_list":{"0":"post-27282","1":"product","2":"type-product","3":"status-publish","4":"has-post-thumbnail","6":"product_cat-genel","7":"product_cat-kaynak-ekipmanlari","8":"product_cat-kaynak-makina-ve-ekipmanlari","10":"first","11":"instock","12":"shipping-taxable","13":"product-type-simple"},"_links":{"self":[{"href":"http:\/\/basakcilastik.com.tr\/index.php?rest_route=\/wp\/v2\/product\/27282","targetHints":{"allow":["GET"]}}],"collection":[{"href":"http:\/\/basakcilastik.com.tr\/index.php?rest_route=\/wp\/v2\/product"}],"about":[{"href":"http:\/\/basakcilastik.com.tr\/index.php?rest_route=\/wp\/v2\/types\/product"}],"replies":[{"embeddable":true,"href":"http:\/\/basakcilastik.com.tr\/index.php?rest_route=%2Fwp%2Fv2%2Fcomments&post=27282"}],"wp:featuredmedia":[{"embeddable":true,"href":"http:\/\/basakcilastik.com.tr\/index.php?rest_route=\/wp\/v2\/media\/27285"}],"wp:attachment":[{"href":"http:\/\/basakcilastik.com.tr\/index.php?rest_route=%2Fwp%2Fv2%2Fmedia&parent=27282"}],"wp:term":[{"taxonomy":"product_brand","embeddable":true,"href":"http:\/\/basakcilastik.com.tr\/index.php?rest_route=%2Fwp%2Fv2%2Fproduct_brand&post=27282"},{"taxonomy":"product_cat","embeddable":true,"href":"http:\/\/basakcilastik.com.tr\/index.php?rest_route=%2Fwp%2Fv2%2Fproduct_cat&post=27282"},{"taxonomy":"product_tag","embeddable":true,"href":"http:\/\/basakcilastik.com.tr\/index.php?rest_route=%2Fwp%2Fv2%2Fproduct_tag&post=27282"}],"curies":[{"name":"wp","href":"https:\/\/api.w.org\/{rel}","templated":true}]}}