{"id":27278,"date":"2020-09-06T21:25:24","date_gmt":"2020-09-06T21:25:24","guid":{"rendered":"https:\/\/basakcilastik.com.tr\/?post_type=product&#038;p=27278"},"modified":"2020-09-06T21:25:25","modified_gmt":"2020-09-06T21:25:25","slug":"mastermig-250ct-gaz-alti-kaynak-makinasi","status":"publish","type":"product","link":"http:\/\/basakcilastik.com.tr\/?product=mastermig-250ct-gaz-alti-kaynak-makinasi","title":{"rendered":"MasterMIG 250CT Gaz Alt\u0131 Kaynak Makinas\u0131"},"content":{"rendered":"<ul>\n<li>9 kW (%35)<\/li>\n<li>\u015eebekeden \u00c7ekilen Ak\u0131m15,2 A (%35) &lt;br&gt; 7,3 A (%100)<\/li>\n<li>G\u00fc\u00e7 Fakt\u00f6r\u00fc0,93 (min)<\/li>\n<li>Verim%73 (min)<\/li>\n<li>Kaynak Ak\u0131m\u0131250 A; 26,5 V (%35) &lt;br&gt; 148 A; 21,4 V (%100)<\/li>\n<li>Bo\u015fta \u00c7al\u0131\u015fma Gerilimi15-36V<\/li>\n<li>Kaynak Ak\u0131m\u0131 Ayar Aral\u0131\u011f\u013120-250A<\/li>\n<li>Kaynak Gerilimi Ayar Aral\u0131\u011f\u013115-26,5A<\/li>\n<li>Kaynak Gerilimi Kademe Say\u0131s\u013120 (2&#215;10)<\/li>\n<li>Koruma S\u0131n\u0131f\u0131IP21S<\/li>\n<li>A\u011f\u0131rl\u0131k (Tel S\u00fcrme \u00dcnitesi Hari\u00e7)100kg<\/li>\n<li>\u00d6l\u00e7\u00fcler (GxYxD)490x765x905mm<\/li>\n<li>Tel S\u00fcrme H\u0131z\u01311-20 m\/dak<\/li>\n<li>Tel \u00c7aplar\u01318-1.0mm (\u00e7elik tel)<\/li>\n<\/ul>\n<p>&nbsp;<\/p>\n","protected":false},"excerpt":{"rendered":"<p>9 kW (%35) \u015eebekeden \u00c7ekilen Ak\u0131m15,2 A (%35) &lt;br&gt; 7,3 A (%100) G\u00fc\u00e7 Fakt\u00f6r\u00fc0,93 (min) Verim%73 (min) Kaynak Ak\u0131m\u0131250 A; 26,5 V (%35) &lt;br&gt; 148 A; 21,4 V (%100) Bo\u015fta \u00c7al\u0131\u015fma Gerilimi15-36V Kaynak Ak\u0131m\u0131 Ayar Aral\u0131\u011f\u013120-250A Kaynak Gerilimi Ayar Aral\u0131\u011f\u013115-26,5A Kaynak Gerilimi Kademe Say\u0131s\u013120 (2&#215;10) Koruma S\u0131n\u0131f\u0131IP21S A\u011f\u0131rl\u0131k (Tel S\u00fcrme \u00dcnitesi Hari\u00e7)100kg \u00d6l\u00e7\u00fcler (GxYxD)490x765x905mm Tel S\u00fcrme H\u0131z\u01311-20 m\/dak Tel \u00c7aplar\u01318-1.0mm [&hellip;]<\/p>\n","protected":false},"featured_media":27281,"comment_status":"open","ping_status":"closed","template":"","meta":[],"product_brand":[],"product_cat":[15,164,167],"product_tag":[],"class_list":{"0":"post-27278","1":"product","2":"type-product","3":"status-publish","4":"has-post-thumbnail","6":"product_cat-genel","7":"product_cat-kaynak-ekipmanlari","8":"product_cat-kaynak-makina-ve-ekipmanlari","10":"first","11":"instock","12":"shipping-taxable","13":"product-type-simple"},"_links":{"self":[{"href":"http:\/\/basakcilastik.com.tr\/index.php?rest_route=\/wp\/v2\/product\/27278","targetHints":{"allow":["GET"]}}],"collection":[{"href":"http:\/\/basakcilastik.com.tr\/index.php?rest_route=\/wp\/v2\/product"}],"about":[{"href":"http:\/\/basakcilastik.com.tr\/index.php?rest_route=\/wp\/v2\/types\/product"}],"replies":[{"embeddable":true,"href":"http:\/\/basakcilastik.com.tr\/index.php?rest_route=%2Fwp%2Fv2%2Fcomments&post=27278"}],"wp:featuredmedia":[{"embeddable":true,"href":"http:\/\/basakcilastik.com.tr\/index.php?rest_route=\/wp\/v2\/media\/27281"}],"wp:attachment":[{"href":"http:\/\/basakcilastik.com.tr\/index.php?rest_route=%2Fwp%2Fv2%2Fmedia&parent=27278"}],"wp:term":[{"taxonomy":"product_brand","embeddable":true,"href":"http:\/\/basakcilastik.com.tr\/index.php?rest_route=%2Fwp%2Fv2%2Fproduct_brand&post=27278"},{"taxonomy":"product_cat","embeddable":true,"href":"http:\/\/basakcilastik.com.tr\/index.php?rest_route=%2Fwp%2Fv2%2Fproduct_cat&post=27278"},{"taxonomy":"product_tag","embeddable":true,"href":"http:\/\/basakcilastik.com.tr\/index.php?rest_route=%2Fwp%2Fv2%2Fproduct_tag&post=27278"}],"curies":[{"name":"wp","href":"https:\/\/api.w.org\/{rel}","templated":true}]}}