{"id":27274,"date":"2020-09-06T16:46:44","date_gmt":"2020-09-06T16:46:44","guid":{"rendered":"https:\/\/basakcilastik.com.tr\/?post_type=product&#038;p=27274"},"modified":"2020-09-06T16:46:46","modified_gmt":"2020-09-06T16:46:46","slug":"lt-7-tractor","status":"publish","type":"product","link":"http:\/\/basakcilastik.com.tr\/?product=lt-7-tractor","title":{"rendered":"LT-7 Tractor"},"content":{"rendered":"<p>LT-7 Tractor, d\u00fcz bir hat \u00fczerinde ger\u00e7ekle\u015ftirilen tozalt\u0131 kayna\u011f\u0131 uygulamalar\u0131 i\u00e7in \u00f6zel olarak tasarlanan ve kaynak i\u015flemi s\u00fcresince ba\u011flant\u0131 hatt\u0131 \u00fczerinde kendili\u011finden hareket eden tekerlekli bir mekanize tel s\u00fcrme \u00fcnitesidir. LT-7 Tractor kolay kullan\u0131ml\u0131 ve kendinden k\u0131lavuzlu olup sadece tek bir operat\u00f6r taraf\u0131ndan kolayca idare edilebilir.<\/p>\n<ul>\n<li>4-4.8 mm \u00e7ap\u0131ndaki dolu kaynak tellerini 2.5-10.2 m\/dak h\u0131zla s\u00fcrme olana\u011f\u0131.<\/li>\n<li>\u0130lerleme h\u0131z\u0131 0.12-1.80 m\/dak aras\u0131nda ayarlanabilen kalibreli trakt\u00f6r sistemi.<\/li>\n<li>Y\u00fcksekli\u011fi (serbest tel mesafesi) 12.7-127 mm aras\u0131nda ayarlanabilen dikey kaynak kafas\u0131.<\/li>\n<li>Kaynak a\u00e7\u0131s\u0131n\u0131 her iki taraftan dikeyle 50\u00b0, s\u00fcr\u00fckleme a\u00e7\u0131s\u0131n\u0131 ise dikeyle 30\u00b0 olacak \u015fekilde ayarlama olana\u011f\u0131.<\/li>\n<li>Her iki tarafa da monte edilerek rutin parametre de\u011fi\u015fiklikleri i\u00e7in g\u00fc\u00e7 \u00fcnitesine d\u00f6nme zorunlulu\u011funu ortadan kald\u0131ran kontrol kutusu.<\/li>\n<li>\u0130deal \u00e7al\u0131\u015fma pozisyonuna g\u00f6re trakt\u00f6r kasas\u0131n\u0131 her iki taraf\u0131ndan da al\u0131n, yatay i\u00e7 k\u00f6\u015fe ve bindirme kayna\u011f\u0131 yapacak \u015fekilde \u00e7evirme olana\u011f\u0131.<\/li>\n<li>3 y\u0131l par\u00e7a ve i\u015f\u00e7ilik garantisi.<\/li>\n<li>IEC974-1 ve CE emniyet ve g\u00fcvenlik standartlar\u0131na uygunluk.<\/li>\n<\/ul>\n<p>&nbsp;<\/p>\n<p>Teknik \u00d6zellikleri<\/p>\n<p>LT-7 Tractor<\/p>\n<table width=\"630\">\n<tbody>\n<tr>\n<td width=\"250\"><strong>\u00dcr\u00fcn Ad\u0131<\/strong><\/td>\n<td width=\"8\">:<\/td>\n<td>LT-7 Tractor<\/td>\n<\/tr>\n<tr>\n<td width=\"250\"><strong>\u00dcr\u00fcn Numaras\u0131<\/strong><\/td>\n<td width=\"8\">:<\/td>\n<td>81K395<\/td>\n<\/tr>\n<tr>\n<td><strong>Besleme Gerilimi<\/strong><\/td>\n<td width=\"8\">:<\/td>\n<td>115 V (AC)<br \/>\n1 Faz<br \/>\n50\/60 Hz<\/td>\n<\/tr>\n<tr>\n<td><strong>Tel Besleme H\u0131z\u0131 Aral\u0131\u011f\u0131<\/strong><\/td>\n<td width=\"8\">:<\/td>\n<td>2.5 &#8211; 10.2 m\/dak<\/td>\n<\/tr>\n<tr>\n<td><strong>Tel \u00c7ap\u0131 Aral\u0131\u011f\u0131 Dolu Tel<\/strong><\/td>\n<td width=\"8\">:<\/td>\n<td>2.4-4.8 mm<\/td>\n<\/tr>\n<tr>\n<td><strong>Boyutlar (YxGxD)<\/strong><\/td>\n<td width=\"8\">:<\/td>\n<td>698 x 838 x 356 mm<\/td>\n<\/tr>\n<tr>\n<td><strong>A\u011f\u0131rl\u0131k<\/strong><\/td>\n<td width=\"8\">:<\/td>\n<td>54 kg<\/td>\n<\/tr>\n<\/tbody>\n<\/table>\n<p>&nbsp;<\/p>\n","protected":false},"excerpt":{"rendered":"<p>LT-7 Tractor, d\u00fcz bir hat \u00fczerinde ger\u00e7ekle\u015ftirilen tozalt\u0131 kayna\u011f\u0131 uygulamalar\u0131 i\u00e7in \u00f6zel olarak tasarlanan ve kaynak i\u015flemi s\u00fcresince ba\u011flant\u0131 hatt\u0131 \u00fczerinde kendili\u011finden hareket eden tekerlekli bir mekanize tel s\u00fcrme \u00fcnitesidir. LT-7 Tractor kolay kullan\u0131ml\u0131 ve kendinden k\u0131lavuzlu olup sadece tek bir operat\u00f6r taraf\u0131ndan kolayca idare edilebilir. 4-4.8 mm \u00e7ap\u0131ndaki dolu kaynak tellerini 2.5-10.2 m\/dak h\u0131zla s\u00fcrme olana\u011f\u0131. \u0130lerleme h\u0131z\u0131 0.12-1.80 [&hellip;]<\/p>\n","protected":false},"featured_media":27277,"comment_status":"open","ping_status":"closed","template":"","meta":[],"product_brand":[],"product_cat":[15,164,167],"product_tag":[],"class_list":{"0":"post-27274","1":"product","2":"type-product","3":"status-publish","4":"has-post-thumbnail","6":"product_cat-genel","7":"product_cat-kaynak-ekipmanlari","8":"product_cat-kaynak-makina-ve-ekipmanlari","10":"first","11":"instock","12":"shipping-taxable","13":"product-type-simple"},"_links":{"self":[{"href":"http:\/\/basakcilastik.com.tr\/index.php?rest_route=\/wp\/v2\/product\/27274","targetHints":{"allow":["GET"]}}],"collection":[{"href":"http:\/\/basakcilastik.com.tr\/index.php?rest_route=\/wp\/v2\/product"}],"about":[{"href":"http:\/\/basakcilastik.com.tr\/index.php?rest_route=\/wp\/v2\/types\/product"}],"replies":[{"embeddable":true,"href":"http:\/\/basakcilastik.com.tr\/index.php?rest_route=%2Fwp%2Fv2%2Fcomments&post=27274"}],"wp:featuredmedia":[{"embeddable":true,"href":"http:\/\/basakcilastik.com.tr\/index.php?rest_route=\/wp\/v2\/media\/27277"}],"wp:attachment":[{"href":"http:\/\/basakcilastik.com.tr\/index.php?rest_route=%2Fwp%2Fv2%2Fmedia&parent=27274"}],"wp:term":[{"taxonomy":"product_brand","embeddable":true,"href":"http:\/\/basakcilastik.com.tr\/index.php?rest_route=%2Fwp%2Fv2%2Fproduct_brand&post=27274"},{"taxonomy":"product_cat","embeddable":true,"href":"http:\/\/basakcilastik.com.tr\/index.php?rest_route=%2Fwp%2Fv2%2Fproduct_cat&post=27274"},{"taxonomy":"product_tag","embeddable":true,"href":"http:\/\/basakcilastik.com.tr\/index.php?rest_route=%2Fwp%2Fv2%2Fproduct_tag&post=27274"}],"curies":[{"name":"wp","href":"https:\/\/api.w.org\/{rel}","templated":true}]}}