{"id":27161,"date":"2020-09-06T15:25:00","date_gmt":"2020-09-06T15:25:00","guid":{"rendered":"https:\/\/basakcilastik.com.tr\/?post_type=product&#038;p=27161"},"modified":"2020-09-06T15:25:02","modified_gmt":"2020-09-06T15:25:02","slug":"kobatek-tig-alsi5","status":"publish","type":"product","link":"http:\/\/basakcilastik.com.tr\/?product=kobatek-tig-alsi5","title":{"rendered":"Kobatek TIG AlSi5"},"content":{"rendered":"<p>%5&#8217;e kadar Si i\u00e7eren d\u00f6k\u00fcm ve hadde al\u00fcminyum ala\u015f\u0131mlar\u0131n\u0131n ve %\u00a02&#8217;den daha az ala\u015f\u0131m elementi i\u00e7eren al\u00fcminyum ala\u015f\u0131mlar\u0131n\u0131n kayna\u011f\u0131nda kullan\u0131l\u0131r.<\/p>\n<p>Geni\u015f a\u011f\u0131zl\u0131 kaynak uygulamalar\u0131nda i\u015f par\u00e7as\u0131na kaynaktan \u00f6nce 150-200\u00b0C \u00f6ntav uygulanmas\u0131 ve kaynak yap\u0131lacak b\u00f6lgenin iyice temizlenmesi \u00f6nerilir. Kaynak banyosu y\u00fcksek ak\u0131\u015fkanl\u0131\u011fa sahiptir.<\/p>\n<p>&nbsp;<\/p>\n<p>Klasifikasyonu ve Kaynak Telinin Kimyasal Analizi (Tipik)<\/p>\n<table>\n<tbody>\n<tr>\n<td><strong>AWS A5.10<\/strong><\/td>\n<td width=\"1\">:<\/td>\n<td colspan=\"2\">ER4043<\/td>\n<td colspan=\"4\" width=\"495\">&nbsp;<\/td>\n<\/tr>\n<tr>\n<td><strong>DIN 1732<\/strong><\/td>\n<td width=\"1\">:<\/td>\n<td colspan=\"2\">SG-AlSi5<\/td>\n<td colspan=\"4\" width=\"495\">&nbsp;<\/td>\n<\/tr>\n<tr>\n<td width=\"55\"><strong>Si<\/strong><\/td>\n<td colspan=\"2\" width=\"55\"><strong>Mn<\/strong><\/td>\n<td width=\"55\"><strong>Fe<\/strong><\/td>\n<td width=\"55\"><strong>Zn<\/strong><\/td>\n<td width=\"55\"><strong>Ti<\/strong><\/td>\n<td width=\"55\"><strong>Al<\/strong><\/td>\n<td>&nbsp;<\/td>\n<\/tr>\n<tr>\n<td>5,0<\/td>\n<td colspan=\"2\">&lt; 0,05<\/td>\n<td>&lt; 0,40<\/td>\n<td>&lt; 0,10<\/td>\n<td>&lt; 0,15<\/td>\n<td>kalan<\/td>\n<td>&nbsp;<\/td>\n<\/tr>\n<tr>\n<td width=\"55\"><\/td>\n<td width=\"8\"><\/td>\n<td width=\"54\"><\/td>\n<td width=\"55\"><\/td>\n<td width=\"55\"><\/td>\n<td width=\"55\"><\/td>\n<td width=\"55\"><\/td>\n<td width=\"330\"><\/td>\n<\/tr>\n<\/tbody>\n<\/table>\n<p>&nbsp;<\/p>\n<p>Kaynak Metalinin Mekanik \u00d6zellikleri<\/p>\n<table>\n<tbody>\n<tr>\n<td><strong>Akma Dayan\u0131m\u0131<\/strong><\/td>\n<td width=\"1\">:<\/td>\n<td>90 &#8211; 110<\/td>\n<td>(N\/mm\u00b2)<\/td>\n<td>&nbsp;<\/td>\n<td>&nbsp;<\/td>\n<\/tr>\n<tr>\n<td><strong>\u00c7ekme Dayan\u0131m\u0131<\/strong><\/td>\n<td width=\"1\">:<\/td>\n<td>140 &#8211; 160<\/td>\n<td>(N\/mm\u00b2)<\/td>\n<td>&nbsp;<\/td>\n<td>&nbsp;<\/td>\n<\/tr>\n<tr>\n<td><strong>Uzama (L=5d)<\/strong><\/td>\n<td width=\"1\">:<\/td>\n<td>12 &#8211; 16<\/td>\n<td>(%)<\/td>\n<td>&nbsp;<\/td>\n<td>&nbsp;<\/td>\n<\/tr>\n<tr>\n<td><strong>Ergime Aral\u0131\u011f\u0131<\/strong><\/td>\n<td width=\"1\">:<\/td>\n<td>575 &#8211; 625<\/td>\n<td>(\u00b0C)<\/td>\n<td>&nbsp;<\/td>\n<td width=\"300\">&nbsp;<\/td>\n<\/tr>\n<tr>\n<td><strong>Yo\u011funluk<\/strong><\/td>\n<td width=\"1\">:<\/td>\n<td>2,68<\/td>\n<td>(gr\/cm\u00b3)<\/td>\n<td><\/td>\n<td><\/td>\n<\/tr>\n<\/tbody>\n<\/table>\n<p>&nbsp;<\/p>\n<p>Koruyucu Gazlar (EN 439)<\/p>\n<p>I1 : %100 Ar<\/p>\n<p>&nbsp;<\/p>\n<p>Kullan\u0131m Alanlar\u0131 ve Kaynak Edilen Malzemeler<\/p>\n<table>\n<tbody>\n<tr>\n<td><strong>Hadde Al\u00fcminyum Ala\u015f\u0131mlar\u0131:<\/strong><\/td>\n<\/tr>\n<tr>\n<td>AlMgSi0.5 (6060), AlMgSi0.7 (6005A), AlMgSi0.8 (6181)<\/td>\n<\/tr>\n<tr>\n<td><strong>D\u00f6k\u00fcm Al\u00fcminyum Ala\u015f\u0131mlar\u0131:<\/strong><\/td>\n<\/tr>\n<tr>\n<td>G-AlSi5 (443.0)<\/td>\n<\/tr>\n<\/tbody>\n<\/table>\n<p>&nbsp;<\/p>\n<p>\u00c7ap ve Ambalaj Bilgileri<\/p>\n<table width=\"630\">\n<thead>\n<tr>\n<td width=\"100\"><strong>\u00c7ap (mm)<\/strong><\/td>\n<td><strong>0,8<\/strong><\/td>\n<td><strong>1,0<\/strong><\/td>\n<td><strong>1,2<\/strong><\/td>\n<td><strong>1,6<\/strong><\/td>\n<td><strong>2,0<\/strong><\/td>\n<td><strong>2,4<\/strong><\/td>\n<td><strong>3,2<\/strong><\/td>\n<td><strong>4,0<\/strong><\/td>\n<td width=\"150\"><strong>Kutu A\u011f\u0131rl\u0131\u011f\u0131 (kg)<\/strong><\/td>\n<\/tr>\n<tr>\n<td>TIG Teli<\/td>\n<td>&#8211;<\/td>\n<td>&#8211;<\/td>\n<td>&#8211;<\/td>\n<td>X<\/td>\n<td>&#8211;<\/td>\n<td>X<\/td>\n<td>&#8211;<\/td>\n<td>X<\/td>\n<td>10<\/td>\n<\/tr>\n<\/thead>\n<\/table>\n<p>&nbsp;<\/p>\n","protected":false},"excerpt":{"rendered":"<p>%5&#8217;e kadar Si i\u00e7eren d\u00f6k\u00fcm ve hadde al\u00fcminyum ala\u015f\u0131mlar\u0131n\u0131n ve %\u00a02&#8217;den daha az ala\u015f\u0131m elementi i\u00e7eren al\u00fcminyum ala\u015f\u0131mlar\u0131n\u0131n kayna\u011f\u0131nda kullan\u0131l\u0131r. Geni\u015f a\u011f\u0131zl\u0131 kaynak uygulamalar\u0131nda i\u015f par\u00e7as\u0131na kaynaktan \u00f6nce 150-200\u00b0C \u00f6ntav uygulanmas\u0131 ve kaynak yap\u0131lacak b\u00f6lgenin iyice temizlenmesi \u00f6nerilir. Kaynak banyosu y\u00fcksek ak\u0131\u015fkanl\u0131\u011fa sahiptir. &nbsp; Klasifikasyonu ve Kaynak Telinin Kimyasal Analizi (Tipik) AWS A5.10 : ER4043 &nbsp; DIN 1732 : SG-AlSi5 [&hellip;]<\/p>\n","protected":false},"featured_media":27164,"comment_status":"open","ping_status":"closed","template":"","meta":[],"product_brand":[],"product_cat":[15,164,166],"product_tag":[],"class_list":{"0":"post-27161","1":"product","2":"type-product","3":"status-publish","4":"has-post-thumbnail","6":"product_cat-genel","7":"product_cat-kaynak-ekipmanlari","8":"product_cat-kaynak-elektrodlari-telleri-ve-tozlari","10":"first","11":"instock","12":"shipping-taxable","13":"product-type-simple"},"_links":{"self":[{"href":"http:\/\/basakcilastik.com.tr\/index.php?rest_route=\/wp\/v2\/product\/27161","targetHints":{"allow":["GET"]}}],"collection":[{"href":"http:\/\/basakcilastik.com.tr\/index.php?rest_route=\/wp\/v2\/product"}],"about":[{"href":"http:\/\/basakcilastik.com.tr\/index.php?rest_route=\/wp\/v2\/types\/product"}],"replies":[{"embeddable":true,"href":"http:\/\/basakcilastik.com.tr\/index.php?rest_route=%2Fwp%2Fv2%2Fcomments&post=27161"}],"wp:featuredmedia":[{"embeddable":true,"href":"http:\/\/basakcilastik.com.tr\/index.php?rest_route=\/wp\/v2\/media\/27164"}],"wp:attachment":[{"href":"http:\/\/basakcilastik.com.tr\/index.php?rest_route=%2Fwp%2Fv2%2Fmedia&parent=27161"}],"wp:term":[{"taxonomy":"product_brand","embeddable":true,"href":"http:\/\/basakcilastik.com.tr\/index.php?rest_route=%2Fwp%2Fv2%2Fproduct_brand&post=27161"},{"taxonomy":"product_cat","embeddable":true,"href":"http:\/\/basakcilastik.com.tr\/index.php?rest_route=%2Fwp%2Fv2%2Fproduct_cat&post=27161"},{"taxonomy":"product_tag","embeddable":true,"href":"http:\/\/basakcilastik.com.tr\/index.php?rest_route=%2Fwp%2Fv2%2Fproduct_tag&post=27161"}],"curies":[{"name":"wp","href":"https:\/\/api.w.org\/{rel}","templated":true}]}}