{"id":27057,"date":"2020-09-06T13:03:01","date_gmt":"2020-09-06T13:03:01","guid":{"rendered":"https:\/\/basakcilastik.com.tr\/?post_type=product&#038;p=27057"},"modified":"2020-09-06T13:03:03","modified_gmt":"2020-09-06T13:03:03","slug":"as-mig-sg3-performance","status":"publish","type":"product","link":"http:\/\/basakcilastik.com.tr\/?product=as-mig-sg3-performance","title":{"rendered":"AS MIG SG3 Performance"},"content":{"rendered":"<p>\u00c7ekme dayan\u0131m\u0131 570 N\/mm2&#8217;ye kadar olan ala\u015f\u0131ms\u0131z yap\u0131 \u00e7eliklerinin, ince taneli &#8220;Cr-Mn&#8221; \u00e7eliklerinin ve gemi levhalar\u0131n\u0131n kayna\u011f\u0131nda kullan\u0131lan y\u00fczeyi bak\u0131r kapl\u0131 gazalt\u0131 kaynak telidir. \u0130\u00e7erdi\u011fi y\u00fcksek &#8220;Mn&#8221; sayesinde, AS SG2 teline oranla, akma ve \u00e7ekme dayan\u0131m\u0131nda 20-50 N\/mm2&#8217;lik bir art\u0131\u015f elde edilir. Y\u00fcksek &#8220;Si&#8221; oran\u0131 ise kaynak diki\u015finin y\u00fczeyindeki s\u00fcreksizlikleri azaltarak daha d\u00fczg\u00fcn ve sa\u011fl\u0131kl\u0131 kaynak diki\u015flerinin elde edilmesine olanak sa\u011flar.<\/p>\n<p>&nbsp;<\/p>\n<p>Klasifikasyonu ve Kimyasal Analizi (%)- Tipik<\/p>\n<table>\n<tbody>\n<tr>\n<td colspan=\"2\"><strong>TS EN ISO 14341-A<\/strong><\/td>\n<td width=\"1\">:<\/td>\n<td colspan=\"2\">G 42 3 C1 4Si1\/ G 46 5 M21-M32 4Si1<\/td>\n<\/tr>\n<tr>\n<td colspan=\"2\"><strong>AWS A5.18<\/strong><\/td>\n<td width=\"1\">:<\/td>\n<td colspan=\"2\">ER70S-6<\/td>\n<\/tr>\n<tr>\n<td colspan=\"2\">&nbsp;<\/td>\n<td width=\"1\">&nbsp;<\/td>\n<td colspan=\"2\">&nbsp;<\/td>\n<\/tr>\n<tr>\n<td width=\"55\"><strong>C<\/strong><\/td>\n<td width=\"55\"><strong>Si<\/strong><\/td>\n<td colspan=\"2\" width=\"55\"><strong>Mn<\/strong><\/td>\n<\/tr>\n<tr>\n<td>0,08<\/td>\n<td>1,00<\/td>\n<td colspan=\"2\">1,70<\/td>\n<td>&nbsp;<\/td>\n<\/tr>\n<tr>\n<td>0,06 (*)<\/td>\n<td>0,60 (*)<\/td>\n<td colspan=\"2\">1,20 (*)<\/td>\n<td>&nbsp;<\/td>\n<\/tr>\n<tr>\n<td width=\"60\"><\/td>\n<td width=\"60\"><\/td>\n<td width=\"8\"><\/td>\n<td width=\"204\"><\/td>\n<td width=\"13\"><\/td>\n<\/tr>\n<\/tbody>\n<\/table>\n<p>(*) Kaynak metalinin tipik kimyasal bile\u015fimi (CO2 gaz\u0131).<\/p>\n<p>&nbsp;<\/p>\n<p>Mekanik \u00d6zellikleri -Tipik<\/p>\n<table>\n<tbody>\n<tr>\n<td><strong>Akma Dayan\u0131m\u0131<\/strong><\/td>\n<td width=\"1\">:<\/td>\n<td>480<\/td>\n<td>(N\/mm\u00b2) (M21)<\/td>\n<td>&nbsp;<\/td>\n<td width=\"300\">&nbsp;<\/td>\n<\/tr>\n<tr>\n<td><strong>\u00c7ekme Dayan\u0131m\u0131<\/strong><\/td>\n<td width=\"1\">:<\/td>\n<td>590<\/td>\n<td>(N\/mm\u00b2) (M21)<\/td>\n<td>&nbsp;<\/td>\n<td width=\"300\">&nbsp;<\/td>\n<\/tr>\n<tr>\n<td><strong>Uzama (L=5d)<\/strong><\/td>\n<td width=\"1\">:<\/td>\n<td>25<\/td>\n<td>(%)<\/td>\n<td>&nbsp;<\/td>\n<td width=\"300\">&nbsp;<\/td>\n<\/tr>\n<tr>\n<td><strong>Darbe Dayan\u0131m\u0131<\/strong><\/td>\n<td width=\"1\">:<\/td>\n<td>60<\/td>\n<td>(Joule) (M21)<\/td>\n<td>(\u201350\u00b0C&#8217;de)<\/td>\n<td width=\"300\">&nbsp;<\/td>\n<\/tr>\n<\/tbody>\n<\/table>\n<p>&nbsp;<\/p>\n<p>Onay Belgeleri ve Sertifikalar<\/p>\n<p><strong>\u00dcr\u00fcn Onaylar\u0131<\/strong><\/p>\n<table>\n<tbody>\n<tr>\n<td>DB<\/td>\n<td>GOST<\/td>\n<td>NAKS<\/td>\n<td>SEPRO<\/td>\n<td>TSE<\/td>\n<td>T\u00dcV<\/td>\n<\/tr>\n<tr>\n<td><strong>GL<\/strong><\/td>\n<td><\/td>\n<td><\/td>\n<td><\/td>\n<td><\/td>\n<td><\/td>\n<\/tr>\n<\/tbody>\n<\/table>\n<p>&nbsp;<\/p>\n<p>Koruyucu Gazlar (EN 439)<\/p>\n<p>MAG : M21- Ar + 5-25 % CO2<br \/>\nC1 &#8211; CO2 ( %100)<\/p>\n<p>Ak\u0131m Tipi ve Kutuplama: DC(+)<\/p>\n<p>&nbsp;<\/p>\n<p>Kullan\u0131m Alanlar\u0131 ve Kaynak Edilebilen Malzemeler<\/p>\n<table>\n<tbody>\n<tr>\n<td><strong>Genel Yap\u0131 \u00c7elikleri :<\/strong><\/td>\n<\/tr>\n<tr>\n<td>DIN: St 44, St 44-2, St 44-3, St 52, St 52-3<br \/>\nEN: S275, S355<br \/>\nDIN: St 37-4, St 44-4, St 52-4<br \/>\nEN: P235TR2 &#8211; P355T2<br \/>\nDIN: St 50-2, St 60-2, St 70-2<br \/>\nEN: E295, E335, E360<br \/>\nDIN: C 10 &#8211; C 35 ; Ck 10 &#8211; Ck 35<br \/>\nEN: C10 &#8211; C35<\/td>\n<\/tr>\n<tr>\n<td><strong>\u0130nce Taneli \u00c7elikler :<\/strong><\/td>\n<\/tr>\n<tr>\n<td>DIN: StE 255 &#8211; StE 460<br \/>\nEN: S255N &#8211; S460N<br \/>\nDIN: WStE 255 &#8211; WStE 355<br \/>\nEN: P255NH &#8211; P355NH<\/td>\n<\/tr>\n<tr>\n<td><strong>Boru \u00c7elikleri :<\/strong><\/td>\n<\/tr>\n<tr>\n<td>DIN: StE 210-7, StE 415-7<br \/>\nEN: L210 &#8211; L415NB<br \/>\nDIN: X42, X46, X52, X60 (API 5LX)<\/td>\n<\/tr>\n<tr>\n<td><strong>Kazan ve Bas\u0131n\u00e7l\u0131 Kap \u00c7elikleri :<\/strong><\/td>\n<\/tr>\n<tr>\n<td>DIN: HI, HII<br \/>\nEN: P235GH, P265GH<br \/>\nDIN: 17 Mn 4, 19 Mn 6<br \/>\nEN: P295GH, P355GH<\/td>\n<\/tr>\n<tr>\n<td><strong>Gemi Saclar\u0131 :<\/strong><\/td>\n<\/tr>\n<tr>\n<td>DIN: A, B, C, D, E<br \/>\nDIN: AH32 &#8211; EH36<\/td>\n<\/tr>\n<tr>\n<td><strong>D\u00f6kme \u00c7elikler :<\/strong><\/td>\n<\/tr>\n<tr>\n<td>DIN: GS-38, GS-45, GS-52<br \/>\nEN: GE200, GE240, GE260<\/td>\n<\/tr>\n<tr>\n<td><strong>Y\u00fcksek Is\u0131 \u00c7elikleri :<\/strong><\/td>\n<\/tr>\n<tr>\n<td>DIN: St 35-8, St 45-8<br \/>\nEN: P235G1TH &#8211; P255G1TH<\/td>\n<\/tr>\n<\/tbody>\n<\/table>\n<p>&nbsp;<\/p>\n<p>Kaynak Parametreleri ve Ambalaj Bilgileri<\/p>\n<p>Ak\u0131m Tipi ve Kutuplama : DC (+)<\/p>\n<table width=\"649\">\n<thead>\n<tr>\n<td><strong>\u00c7ap<\/strong><\/td>\n<td><strong>0.8<\/strong><\/td>\n<td><strong>1.0<\/strong><\/td>\n<td><strong>1.2<\/strong><\/td>\n<td><strong>1.6<\/strong><\/td>\n<td><strong>2.0<\/strong><\/td>\n<td><strong>2.4<\/strong><\/td>\n<td><strong>3.2<\/strong><\/td>\n<td><strong>Makara A\u011f\u0131rl\u0131\u011f\u0131<\/strong><\/td>\n<td><strong>Varil A\u011f\u0131rl\u0131\u011f\u0131<\/strong><\/td>\n<\/tr>\n<\/thead>\n<tbody>\n<tr>\n<td><strong>MIG Kaynak Teli<\/strong><\/td>\n<td>X<\/td>\n<td>\u00a0 X<\/td>\n<td>X<\/td>\n<td>X<\/td>\n<td>\u00a0&#8211;<\/td>\n<td>\u00a0&#8211;<\/td>\n<td>\u00a0 &#8211;<\/td>\n<td>15 kg<\/td>\n<td>250 kg\/ 500<\/td>\n<\/tr>\n<\/tbody>\n<\/table>\n<p>&nbsp;<\/p>\n","protected":false},"excerpt":{"rendered":"<p>\u00c7ekme dayan\u0131m\u0131 570 N\/mm2&#8217;ye kadar olan ala\u015f\u0131ms\u0131z yap\u0131 \u00e7eliklerinin, ince taneli &#8220;Cr-Mn&#8221; \u00e7eliklerinin ve gemi levhalar\u0131n\u0131n kayna\u011f\u0131nda kullan\u0131lan y\u00fczeyi bak\u0131r kapl\u0131 gazalt\u0131 kaynak telidir. \u0130\u00e7erdi\u011fi y\u00fcksek &#8220;Mn&#8221; sayesinde, AS SG2 teline oranla, akma ve \u00e7ekme dayan\u0131m\u0131nda 20-50 N\/mm2&#8217;lik bir art\u0131\u015f elde edilir. Y\u00fcksek &#8220;Si&#8221; oran\u0131 ise kaynak diki\u015finin y\u00fczeyindeki s\u00fcreksizlikleri azaltarak daha d\u00fczg\u00fcn ve sa\u011fl\u0131kl\u0131 kaynak diki\u015flerinin elde edilmesine olanak [&hellip;]<\/p>\n","protected":false},"featured_media":27060,"comment_status":"open","ping_status":"closed","template":"","meta":[],"product_brand":[],"product_cat":[15,164,166],"product_tag":[],"class_list":{"0":"post-27057","1":"product","2":"type-product","3":"status-publish","4":"has-post-thumbnail","6":"product_cat-genel","7":"product_cat-kaynak-ekipmanlari","8":"product_cat-kaynak-elektrodlari-telleri-ve-tozlari","10":"first","11":"instock","12":"shipping-taxable","13":"product-type-simple"},"_links":{"self":[{"href":"http:\/\/basakcilastik.com.tr\/index.php?rest_route=\/wp\/v2\/product\/27057","targetHints":{"allow":["GET"]}}],"collection":[{"href":"http:\/\/basakcilastik.com.tr\/index.php?rest_route=\/wp\/v2\/product"}],"about":[{"href":"http:\/\/basakcilastik.com.tr\/index.php?rest_route=\/wp\/v2\/types\/product"}],"replies":[{"embeddable":true,"href":"http:\/\/basakcilastik.com.tr\/index.php?rest_route=%2Fwp%2Fv2%2Fcomments&post=27057"}],"wp:featuredmedia":[{"embeddable":true,"href":"http:\/\/basakcilastik.com.tr\/index.php?rest_route=\/wp\/v2\/media\/27060"}],"wp:attachment":[{"href":"http:\/\/basakcilastik.com.tr\/index.php?rest_route=%2Fwp%2Fv2%2Fmedia&parent=27057"}],"wp:term":[{"taxonomy":"product_brand","embeddable":true,"href":"http:\/\/basakcilastik.com.tr\/index.php?rest_route=%2Fwp%2Fv2%2Fproduct_brand&post=27057"},{"taxonomy":"product_cat","embeddable":true,"href":"http:\/\/basakcilastik.com.tr\/index.php?rest_route=%2Fwp%2Fv2%2Fproduct_cat&post=27057"},{"taxonomy":"product_tag","embeddable":true,"href":"http:\/\/basakcilastik.com.tr\/index.php?rest_route=%2Fwp%2Fv2%2Fproduct_tag&post=27057"}],"curies":[{"name":"wp","href":"https:\/\/api.w.org\/{rel}","templated":true}]}}