{"id":27016,"date":"2020-09-06T12:31:54","date_gmt":"2020-09-06T12:31:54","guid":{"rendered":"https:\/\/basakcilastik.com.tr\/?post_type=product&#038;p=27016"},"modified":"2022-11-12T15:07:52","modified_gmt":"2022-11-12T15:07:52","slug":"as-b-248-h4r","status":"publish","type":"product","link":"http:\/\/basakcilastik.com.tr\/?product=as-b-248-h4r","title":{"rendered":"AS B-248 H4R"},"content":{"rendered":"<p>Bazik karakterli ve neme kar\u015f\u0131 dayan\u0131kl\u0131 \u00f6zel \u00f6rt\u00fcye sahiptir. Vakum ambalaj elektrod \u00f6rt\u00fcs\u00fcndeki nem i\u00e7eri\u011finin kullan\u0131m an\u0131na kadar herhangi bir art\u0131\u015f g\u00f6stermeden ayn\u0131 seviyede kalmas\u0131n\u0131 sa\u011flar. Bu nedenle vakum ambalaj a\u00e7\u0131lmad\u0131\u011f\u0131 veya zarar g\u00f6rmedi\u011fi s\u00fcrece kurutma i\u015flemi uygulanmadan kullan\u0131labilir.<\/p>\n<p>Bazik karakterli \u00f6rt\u00fcye sahip olup hava almayan vakum ambalajlarda paketlenmi\u015ftir. Kaynak metalinin \u00e7atlamaya kar\u015f\u0131 y\u00fcksek diren\u00e7 g\u00f6stermesi sayesinde, \u00f6zellikle kuvvetli kaynak gerilmelerinin ka\u00e7\u0131n\u0131lmaz oldu\u011fu b\u00fcy\u00fck k\u00fctleli sabit \u00e7elik yap\u0131lar\u0131n kayna\u011f\u0131nda kullan\u0131l\u0131r. C\u00fcrufu kolay kalkar ve y\u00fcksek kalitede kaynak diki\u015fleri elde edilir. A\u015fa\u011f\u0131dan yukar\u0131ya kaynak h\u0131z\u0131 ile \u00e7al\u0131\u015fma olana\u011f\u0131 sa\u011flar. Verimi %125&#8217;dir.<\/p>\n<p>&nbsp;<\/p>\n<p>Klasifikasyonu ve Kaynak Metalinin Kimyasal Analizi (Tipik)<\/p>\n<table>\n<tbody>\n<tr>\n<td colspan=\"2\"><strong>TS EN ISO\u00a02560-A<\/strong><\/td>\n<td width=\"1\">:<\/td>\n<td colspan=\"2\">E 42 4 B 42 H5<\/td>\n<\/tr>\n<tr>\n<td colspan=\"2\"><strong>AWS A5.1<\/strong><\/td>\n<td width=\"1\">:<\/td>\n<td colspan=\"2\">E 7018 H4R<\/td>\n<\/tr>\n<tr>\n<td colspan=\"2\"><strong>EN ISO 2560-A<\/strong><\/td>\n<td width=\"1\">:<\/td>\n<td colspan=\"2\">E 42 4 B 42 H5<\/td>\n<\/tr>\n<tr>\n<td width=\"55\"><strong>C<\/strong><\/td>\n<td width=\"55\"><strong>Si<\/strong><\/td>\n<td colspan=\"2\" width=\"55\"><strong>Mn<\/strong><\/td>\n<td>&nbsp;<\/td>\n<\/tr>\n<tr>\n<td>0,07<\/td>\n<td>0,50<\/td>\n<td colspan=\"2\">0,90<\/td>\n<td>&nbsp;<\/td>\n<\/tr>\n<tr>\n<td width=\"56\"><\/td>\n<td width=\"56\"><\/td>\n<td width=\"8\"><\/td>\n<td width=\"82\"><\/td>\n<td width=\"5\"><\/td>\n<\/tr>\n<\/tbody>\n<\/table>\n<p>&nbsp;<\/p>\n<p>Kaynak Metalinin Mekanik \u00d6zellikleri (Tipik)<\/p>\n<table>\n<tbody>\n<tr>\n<td><strong>Akma Dayan\u0131m\u0131<\/strong><\/td>\n<td width=\"1\">:<\/td>\n<td>470<\/td>\n<td>(N\/mm\u00b2)<\/td>\n<td>&nbsp;<\/td>\n<td width=\"300\">&nbsp;<\/td>\n<\/tr>\n<tr>\n<td><strong>\u00c7ekme Dayan\u0131m\u0131<\/strong><\/td>\n<td width=\"1\">:<\/td>\n<td>550<\/td>\n<td>(N\/mm\u00b2)<\/td>\n<td>&nbsp;<\/td>\n<td width=\"300\">&nbsp;<\/td>\n<\/tr>\n<tr>\n<td><strong>Uzama (L=5d)<\/strong><\/td>\n<td width=\"1\">:<\/td>\n<td>30<\/td>\n<td>(%)<\/td>\n<td>&nbsp;<\/td>\n<td width=\"300\">&nbsp;<\/td>\n<\/tr>\n<tr>\n<td><strong>Darbe Dayan\u0131m\u0131<\/strong><\/td>\n<td width=\"1\">:<\/td>\n<td>127<\/td>\n<td>(Joule)<\/td>\n<td>(\u201340\u00b0C&#8217;da)<\/td>\n<td width=\"300\">&nbsp;<\/td>\n<\/tr>\n<\/tbody>\n<\/table>\n<p><strong>Not:<\/strong>\u00a0Yeniden kurutma s\u0131cakl\u0131\u011f\u0131 350-400\u00b0C \/ 3 saat&#8217;tir.<\/p>\n<p>&nbsp;<\/p>\n<p>Onay Belgeleri ve Sertifikalar<\/p>\n<table>\n<tbody>\n<tr>\n<td>ABS<\/td>\n<td>BV<\/td>\n<td>DNV<\/td>\n<td>GL<\/td>\n<td>LRS<\/td>\n<\/tr>\n<\/tbody>\n<\/table>\n<p>&nbsp;<\/p>\n<p>Kullan\u0131m Alanlar\u0131 ve Kaynak Edilen Malzemeler<\/p>\n<p>Dinamik zorlanmalar etkisinde \u00e7al\u0131\u015fan makinalar\u0131n ve \u00e7elik konstr\u00fcksiyonlar\u0131n kayna\u011f\u0131 i\u00e7in geli\u015ftirilmi\u015ftir. Gemi in\u015faas\u0131, bas\u0131n\u00e7l\u0131 kap, tank ve kazan imalat\u0131, boru ba\u011flant\u0131lar\u0131 di\u011fer uygulama alanlar\u0131d\u0131r. K\u00f6k pasolar\u0131n\u0131n at\u0131lmas\u0131na ve zor kaynak pozisyonlar\u0131na uygun olan AS B-248 H4R, 0\u00b0C&#8217;\u0131n alt\u0131ndaki \u00e7al\u0131\u015fma s\u0131cakl\u0131klar\u0131nda y\u00fcksek \u00e7entik darbe dayan\u0131m\u0131na sahip diki\u015fler verir. AS AB-248 H4R galvanizli saclar\u0131n kayna\u011f\u0131na da uygundur.<\/p>\n<table>\n<tbody>\n<tr>\n<td><strong>Genel Yap\u0131 \u00c7elikleri :<\/strong><\/td>\n<\/tr>\n<tr>\n<td>DIN: St 33, St 34, St 37, St 44, St 44-2, St 44-3, St 52<br \/>\nEN: S185, S235, S275, S355<br \/>\nDIN: St 37-4, St 44-4, St 52-4<br \/>\nEN: P235TR2 &#8211; P355T2<br \/>\nDIN: St 50-2, St 60-2<br \/>\nEN: E295, E335<br \/>\nDIN: C 55, Ck 55<br \/>\nEN: C55<\/td>\n<\/tr>\n<tr>\n<td><strong>\u0130nce Taneli \u00c7elikler :<\/strong><\/td>\n<\/tr>\n<tr>\n<td>DIN: StE 255 &#8211; StE 420<br \/>\nEN: S255N &#8211; S420N<br \/>\nDIN: WStE 255 &#8211; WStE 420<br \/>\nEN: P255NH &#8211; P420NH<br \/>\nDIN: TStE 255 &#8211; TStE 420<br \/>\nEN: S255NL &#8211; S420NL \/ P275NL1 &#8211; P355NL1<\/td>\n<\/tr>\n<tr>\n<td><strong>Y\u00fcksek Is\u0131 \u00c7elikleri :<\/strong><\/td>\n<\/tr>\n<tr>\n<td>DIN: St 35-8, St 45-8<br \/>\nEN: P235G1TH &#8211; P255G1TH<\/td>\n<\/tr>\n<tr>\n<td><strong>Kazan ve Bas\u0131n\u00e7l\u0131 Kap \u00c7elikleri :<\/strong><\/td>\n<\/tr>\n<tr>\n<td>DIN: HI, HII, HIII<br \/>\nEN: P235GH, P265GH, P285NH<br \/>\nDIN: 17 Mn 4, 19 Mn 6<br \/>\nEN: P295GH, P355GH<\/td>\n<\/tr>\n<tr>\n<td><strong>Gemi Saclar\u0131 :<\/strong><\/td>\n<\/tr>\n<tr>\n<td>DIN: A, D, E<br \/>\nDIN: AH32 &#8211; EH36<\/td>\n<\/tr>\n<tr>\n<td><strong>D\u00f6kme \u00c7elikler :<\/strong><\/td>\n<\/tr>\n<tr>\n<td>DIN: GS-38, GS-45, GS-52, GS-60<br \/>\nEN: GE200, GE240, GE260, GE300<br \/>\nDIN: GS-62<\/td>\n<\/tr>\n<tr>\n<td><strong>Boru \u00c7elikleri :<\/strong><\/td>\n<\/tr>\n<tr>\n<td>DIN: StE 210-7 &#8211; StE 360-7<br \/>\nEN: L210 &#8211; L360NB<br \/>\nDIN: StE 290-7 TM &#8211; StE 360-7 TM<br \/>\nEN: L290MB &#8211; L360MB<br \/>\nDIN: X42, X46, X52, X60 (API 5LX)<\/td>\n<\/tr>\n<\/tbody>\n<\/table>\n<p>&nbsp;<\/p>\n<p>Kaynak Parametreleri ve Ambalaj Bilgileri<\/p>\n<p>Ak\u0131m Tipi ve Kutuplama : DC (+)<\/p>\n<table width=\"630\">\n<thead>\n<tr>\n<td><strong>\u00c7ap<br \/>\n(mm)<\/strong><\/td>\n<td><strong>Boy<br \/>\n(mm)<\/strong><\/td>\n<td><strong>Kaynak Ak\u0131m\u0131<br \/>\n(Amper)<\/strong><\/td>\n<td><strong>Elektrod A\u011f\u0131rl\u0131\u011f\u0131<br \/>\n(gr\/100 adet)<\/strong><\/td>\n<td><strong>Kutudaki Elektrod Miktar\u0131<br \/>\n(adet)<\/strong><\/td>\n<td><strong>Kutu A\u011f\u0131rl\u0131\u011f\u0131<br \/>\n(kg)<\/strong><\/td>\n<\/tr>\n<\/thead>\n<tbody>\n<tr>\n<td><strong>2.50<\/strong><\/td>\n<td>350<\/td>\n<td>\u00a0 80 &#8211; 110<\/td>\n<td>\u00a0 2439<\/td>\n<td>\u00a0 82<\/td>\n<td>2,0<\/td>\n<\/tr>\n<tr>\n<td><strong>3.25<\/strong><\/td>\n<td>350<\/td>\n<td>110 &#8211; 145<\/td>\n<td>\u00a0 3846<\/td>\n<td>\u00a0 52<\/td>\n<td>2,0<\/td>\n<\/tr>\n<tr>\n<td><strong>4.00<\/strong><\/td>\n<td>450<\/td>\n<td>130 &#8211; 190<\/td>\n<td>\u00a0 8519<\/td>\n<td>\u00a0 27<\/td>\n<td>2,3<\/td>\n<\/tr>\n<tr>\n<td><strong>5.00<\/strong><\/td>\n<td>450<\/td>\n<td>190 &#8211; 245<\/td>\n<td>13333<\/td>\n<td>\u00a0 18<\/td>\n<td>2,4<\/td>\n<\/tr>\n<\/tbody>\n<\/table>\n<p>&nbsp;<\/p>\n<p>&nbsp;<\/p>\n","protected":false},"excerpt":{"rendered":"<p>Bazik karakterli ve neme kar\u015f\u0131 dayan\u0131kl\u0131 \u00f6zel \u00f6rt\u00fcye sahiptir. Vakum ambalaj elektrod \u00f6rt\u00fcs\u00fcndeki nem i\u00e7eri\u011finin kullan\u0131m an\u0131na kadar herhangi bir art\u0131\u015f g\u00f6stermeden ayn\u0131 seviyede kalmas\u0131n\u0131 sa\u011flar. Bu nedenle vakum ambalaj a\u00e7\u0131lmad\u0131\u011f\u0131 veya zarar g\u00f6rmedi\u011fi s\u00fcrece kurutma i\u015flemi uygulanmadan kullan\u0131labilir. Bazik karakterli \u00f6rt\u00fcye sahip olup hava almayan vakum ambalajlarda paketlenmi\u015ftir. Kaynak metalinin \u00e7atlamaya kar\u015f\u0131 y\u00fcksek diren\u00e7 g\u00f6stermesi sayesinde, \u00f6zellikle kuvvetli kaynak [&hellip;]<\/p>\n","protected":false},"featured_media":27019,"comment_status":"open","ping_status":"closed","template":"","meta":[],"product_brand":[],"product_cat":[15,164,166],"product_tag":[],"class_list":{"0":"post-27016","1":"product","2":"type-product","3":"status-publish","4":"has-post-thumbnail","6":"product_cat-genel","7":"product_cat-kaynak-ekipmanlari","8":"product_cat-kaynak-elektrodlari-telleri-ve-tozlari","10":"first","11":"instock","12":"shipping-taxable","13":"product-type-simple"},"_links":{"self":[{"href":"http:\/\/basakcilastik.com.tr\/index.php?rest_route=\/wp\/v2\/product\/27016","targetHints":{"allow":["GET"]}}],"collection":[{"href":"http:\/\/basakcilastik.com.tr\/index.php?rest_route=\/wp\/v2\/product"}],"about":[{"href":"http:\/\/basakcilastik.com.tr\/index.php?rest_route=\/wp\/v2\/types\/product"}],"replies":[{"embeddable":true,"href":"http:\/\/basakcilastik.com.tr\/index.php?rest_route=%2Fwp%2Fv2%2Fcomments&post=27016"}],"wp:featuredmedia":[{"embeddable":true,"href":"http:\/\/basakcilastik.com.tr\/index.php?rest_route=\/wp\/v2\/media\/27019"}],"wp:attachment":[{"href":"http:\/\/basakcilastik.com.tr\/index.php?rest_route=%2Fwp%2Fv2%2Fmedia&parent=27016"}],"wp:term":[{"taxonomy":"product_brand","embeddable":true,"href":"http:\/\/basakcilastik.com.tr\/index.php?rest_route=%2Fwp%2Fv2%2Fproduct_brand&post=27016"},{"taxonomy":"product_cat","embeddable":true,"href":"http:\/\/basakcilastik.com.tr\/index.php?rest_route=%2Fwp%2Fv2%2Fproduct_cat&post=27016"},{"taxonomy":"product_tag","embeddable":true,"href":"http:\/\/basakcilastik.com.tr\/index.php?rest_route=%2Fwp%2Fv2%2Fproduct_tag&post=27016"}],"curies":[{"name":"wp","href":"https:\/\/api.w.org\/{rel}","templated":true}]}}