{"id":26990,"date":"2020-09-05T23:10:16","date_gmt":"2020-09-05T23:10:16","guid":{"rendered":"https:\/\/basakcilastik.com.tr\/?post_type=product&#038;p=26990"},"modified":"2020-09-05T23:10:17","modified_gmt":"2020-09-05T23:10:17","slug":"eratool-kaynak-pensesi-ithal","status":"publish","type":"product","link":"http:\/\/basakcilastik.com.tr\/?product=eratool-kaynak-pensesi-ithal","title":{"rendered":"ERATOOL KAYNAK PENSES\u0130 \u0130THAL"},"content":{"rendered":"<p>ERATOOL KAYNAK PENSES\u0130 \u0130THAL<\/p>\n","protected":false},"excerpt":{"rendered":"<p>ERATOOL KAYNAK PENSES\u0130 \u0130THAL<\/p>\n","protected":false},"featured_media":26993,"comment_status":"open","ping_status":"closed","template":"","meta":[],"product_brand":[],"product_cat":[15,165,164],"product_tag":[],"class_list":{"0":"post-26990","1":"product","2":"type-product","3":"status-publish","4":"has-post-thumbnail","6":"product_cat-genel","7":"product_cat-kaynak-ekipmanlari-kaynak-ekipmanlari","8":"product_cat-kaynak-ekipmanlari","10":"first","11":"instock","12":"shipping-taxable","13":"product-type-simple"},"_links":{"self":[{"href":"http:\/\/basakcilastik.com.tr\/index.php?rest_route=\/wp\/v2\/product\/26990","targetHints":{"allow":["GET"]}}],"collection":[{"href":"http:\/\/basakcilastik.com.tr\/index.php?rest_route=\/wp\/v2\/product"}],"about":[{"href":"http:\/\/basakcilastik.com.tr\/index.php?rest_route=\/wp\/v2\/types\/product"}],"replies":[{"embeddable":true,"href":"http:\/\/basakcilastik.com.tr\/index.php?rest_route=%2Fwp%2Fv2%2Fcomments&post=26990"}],"wp:featuredmedia":[{"embeddable":true,"href":"http:\/\/basakcilastik.com.tr\/index.php?rest_route=\/wp\/v2\/media\/26993"}],"wp:attachment":[{"href":"http:\/\/basakcilastik.com.tr\/index.php?rest_route=%2Fwp%2Fv2%2Fmedia&parent=26990"}],"wp:term":[{"taxonomy":"product_brand","embeddable":true,"href":"http:\/\/basakcilastik.com.tr\/index.php?rest_route=%2Fwp%2Fv2%2Fproduct_brand&post=26990"},{"taxonomy":"product_cat","embeddable":true,"href":"http:\/\/basakcilastik.com.tr\/index.php?rest_route=%2Fwp%2Fv2%2Fproduct_cat&post=26990"},{"taxonomy":"product_tag","embeddable":true,"href":"http:\/\/basakcilastik.com.tr\/index.php?rest_route=%2Fwp%2Fv2%2Fproduct_tag&post=26990"}],"curies":[{"name":"wp","href":"https:\/\/api.w.org\/{rel}","templated":true}]}}