{"id":26944,"date":"2020-09-05T22:53:24","date_gmt":"2020-09-05T22:53:24","guid":{"rendered":"https:\/\/basakcilastik.com.tr\/?post_type=product&#038;p=26944"},"modified":"2020-09-05T22:53:25","modified_gmt":"2020-09-05T22:53:25","slug":"mc-2t5m-manuel-zincirli-caraskal","status":"publish","type":"product","link":"http:\/\/basakcilastik.com.tr\/?product=mc-2t5m-manuel-zincirli-caraskal","title":{"rendered":"MC-2T5M Manuel Zincirli Caraskal"},"content":{"rendered":"<p>MC-2T\/5M Manuel Zincirli Caraskal<\/p>\n<p>\u00dcr\u00fcn \u00d6zellikleri<\/p>\n<p>MC-2T\/5M Manuel Zincirli Caraskal<\/p>\n<p>Teknik \u00d6zellikler<\/p>\n<ul>\n<li>HareketHareket2<\/li>\n<li>KapasiteTon2<\/li>\n<li>Kald\u0131rma Y\u00fcksekli\u011fim5<\/li>\n<li>TipManuel<\/li>\n<\/ul>\n<p>&nbsp;<\/p>\n","protected":false},"excerpt":{"rendered":"<p>MC-2T\/5M Manuel Zincirli Caraskal \u00dcr\u00fcn \u00d6zellikleri MC-2T\/5M Manuel Zincirli Caraskal Teknik \u00d6zellikler HareketHareket2 KapasiteTon2 Kald\u0131rma Y\u00fcksekli\u011fim5 TipManuel &nbsp;<\/p>\n","protected":false},"featured_media":26948,"comment_status":"open","ping_status":"closed","template":"","meta":[],"product_brand":[],"product_cat":[15,140,154],"product_tag":[],"class_list":{"0":"post-26944","1":"product","2":"type-product","3":"status-publish","4":"has-post-thumbnail","6":"product_cat-genel","7":"product_cat-kaldirma-ekipmanlari","8":"product_cat-vincler","10":"first","11":"instock","12":"shipping-taxable","13":"product-type-simple"},"_links":{"self":[{"href":"http:\/\/basakcilastik.com.tr\/index.php?rest_route=\/wp\/v2\/product\/26944","targetHints":{"allow":["GET"]}}],"collection":[{"href":"http:\/\/basakcilastik.com.tr\/index.php?rest_route=\/wp\/v2\/product"}],"about":[{"href":"http:\/\/basakcilastik.com.tr\/index.php?rest_route=\/wp\/v2\/types\/product"}],"replies":[{"embeddable":true,"href":"http:\/\/basakcilastik.com.tr\/index.php?rest_route=%2Fwp%2Fv2%2Fcomments&post=26944"}],"wp:featuredmedia":[{"embeddable":true,"href":"http:\/\/basakcilastik.com.tr\/index.php?rest_route=\/wp\/v2\/media\/26948"}],"wp:attachment":[{"href":"http:\/\/basakcilastik.com.tr\/index.php?rest_route=%2Fwp%2Fv2%2Fmedia&parent=26944"}],"wp:term":[{"taxonomy":"product_brand","embeddable":true,"href":"http:\/\/basakcilastik.com.tr\/index.php?rest_route=%2Fwp%2Fv2%2Fproduct_brand&post=26944"},{"taxonomy":"product_cat","embeddable":true,"href":"http:\/\/basakcilastik.com.tr\/index.php?rest_route=%2Fwp%2Fv2%2Fproduct_cat&post=26944"},{"taxonomy":"product_tag","embeddable":true,"href":"http:\/\/basakcilastik.com.tr\/index.php?rest_route=%2Fwp%2Fv2%2Fproduct_tag&post=26944"}],"curies":[{"name":"wp","href":"https:\/\/api.w.org\/{rel}","templated":true}]}}