{"id":26933,"date":"2020-09-05T22:37:46","date_gmt":"2020-09-05T22:37:46","guid":{"rendered":"https:\/\/basakcilastik.com.tr\/?post_type=product&#038;p=26933"},"modified":"2020-09-05T22:37:48","modified_gmt":"2020-09-05T22:37:48","slug":"hc-5t12m-vinc","status":"publish","type":"product","link":"http:\/\/basakcilastik.com.tr\/?product=hc-5t12m-vinc","title":{"rendered":"HC-5T12M Vin\u00e7"},"content":{"rendered":"<p>HC-5T\/12M<\/p>\n<p>\u00dcr\u00fcn \u00d6zellikleri<\/p>\n<p>&#8211; Konik Motor Freni<\/p>\n<p>&#8211; Acil Stop Fonksiyonlu Kumanda<\/p>\n<p>&#8211; Emniyet Sivi\u00e7li<\/p>\n<p>Teknik \u00d6zellikler<\/p>\n<ul>\n<li>KapasiteTon5<\/li>\n<li>Kald\u0131rma Y\u00fcksekli\u011fim12<\/li>\n<li>Kald\u0131rma H\u0131z\u0131m\/dk8<\/li>\n<li>\u015earyo H\u0131z\u0131m\/dk20<\/li>\n<li>Halat \u00c7ap\u0131mm15<\/li>\n<li>Halat Toplam Uzunluk43<\/li>\n<li>Halat Yap\u0131s\u0131mD-6 X 37+1<\/li>\n<li>Ray Tipi (GB 706-ss)20a-32c<\/li>\n<li>Ray\u0131n Minimum Rad\u00fcs\u00fcmm2<\/li>\n<li>Kald\u0131rma Motor TipiZD1 41-4<\/li>\n<li>Kald\u0131rma Motor Kapasitesi5<\/li>\n<li>Kald\u0131rma Motor Deviridev\/dk1400<\/li>\n<li>Kald\u0131rma Motor Voltaj\u0131380<\/li>\n<li>Kald\u0131rma Motor Ak\u0131m\u0131A18<\/li>\n<li>\u015earyo Motor TipiZDY1 21-4<\/li>\n<li>\u015earyo Motor Kapasitesi8<\/li>\n<li>\u015earyo Motor Deviridev\/dk1380<\/li>\n<li>\u015earyo Motor Voltaj\u0131380<\/li>\n<li>\u015earyo Motor Ak\u0131m\u01314<\/li>\n<li>Ba\u011flant\u0131 H\u0131z\u0131s\/h120<\/li>\n<li>A\u011f\u0131rl\u0131kkg597<\/li>\n<li>\u00c7al\u0131\u015fma Oran\u0131JC%%25<\/li>\n<\/ul>\n<p>&nbsp;<\/p>\n","protected":false},"excerpt":{"rendered":"<p>HC-5T\/12M \u00dcr\u00fcn \u00d6zellikleri &#8211; Konik Motor Freni &#8211; Acil Stop Fonksiyonlu Kumanda &#8211; Emniyet Sivi\u00e7li Teknik \u00d6zellikler KapasiteTon5 Kald\u0131rma Y\u00fcksekli\u011fim12 Kald\u0131rma H\u0131z\u0131m\/dk8 \u015earyo H\u0131z\u0131m\/dk20 Halat \u00c7ap\u0131mm15 Halat Toplam Uzunluk43 Halat Yap\u0131s\u0131mD-6 X 37+1 Ray Tipi (GB 706-ss)20a-32c Ray\u0131n Minimum Rad\u00fcs\u00fcmm2 Kald\u0131rma Motor TipiZD1 41-4 Kald\u0131rma Motor Kapasitesi5 Kald\u0131rma Motor Deviridev\/dk1400 Kald\u0131rma Motor Voltaj\u0131380 Kald\u0131rma Motor Ak\u0131m\u0131A18 \u015earyo Motor TipiZDY1 21-4 [&hellip;]<\/p>\n","protected":false},"featured_media":26936,"comment_status":"open","ping_status":"closed","template":"","meta":[],"product_brand":[],"product_cat":[15,140,154],"product_tag":[],"class_list":{"0":"post-26933","1":"product","2":"type-product","3":"status-publish","4":"has-post-thumbnail","6":"product_cat-genel","7":"product_cat-kaldirma-ekipmanlari","8":"product_cat-vincler","10":"first","11":"instock","12":"shipping-taxable","13":"product-type-simple"},"_links":{"self":[{"href":"http:\/\/basakcilastik.com.tr\/index.php?rest_route=\/wp\/v2\/product\/26933","targetHints":{"allow":["GET"]}}],"collection":[{"href":"http:\/\/basakcilastik.com.tr\/index.php?rest_route=\/wp\/v2\/product"}],"about":[{"href":"http:\/\/basakcilastik.com.tr\/index.php?rest_route=\/wp\/v2\/types\/product"}],"replies":[{"embeddable":true,"href":"http:\/\/basakcilastik.com.tr\/index.php?rest_route=%2Fwp%2Fv2%2Fcomments&post=26933"}],"wp:featuredmedia":[{"embeddable":true,"href":"http:\/\/basakcilastik.com.tr\/index.php?rest_route=\/wp\/v2\/media\/26936"}],"wp:attachment":[{"href":"http:\/\/basakcilastik.com.tr\/index.php?rest_route=%2Fwp%2Fv2%2Fmedia&parent=26933"}],"wp:term":[{"taxonomy":"product_brand","embeddable":true,"href":"http:\/\/basakcilastik.com.tr\/index.php?rest_route=%2Fwp%2Fv2%2Fproduct_brand&post=26933"},{"taxonomy":"product_cat","embeddable":true,"href":"http:\/\/basakcilastik.com.tr\/index.php?rest_route=%2Fwp%2Fv2%2Fproduct_cat&post=26933"},{"taxonomy":"product_tag","embeddable":true,"href":"http:\/\/basakcilastik.com.tr\/index.php?rest_route=%2Fwp%2Fv2%2Fproduct_tag&post=26933"}],"curies":[{"name":"wp","href":"https:\/\/api.w.org\/{rel}","templated":true}]}}