{"id":26917,"date":"2020-09-05T22:31:22","date_gmt":"2020-09-05T22:31:22","guid":{"rendered":"https:\/\/basakcilastik.com.tr\/?post_type=product&#038;p=26917"},"modified":"2020-09-05T22:31:23","modified_gmt":"2020-09-05T22:31:23","slug":"duz-hidrolik-garaj-vincleri","status":"publish","type":"product","link":"http:\/\/basakcilastik.com.tr\/?product=duz-hidrolik-garaj-vincleri","title":{"rendered":"D\u00fcz Hidrolik Garaj Vin\u00e7leri"},"content":{"rendered":"<p>D\u00fcz Hidrolik Garaj Vin\u00e7leri<\/p>\n<p><strong>STOK KODU :\u00a0<\/strong>B\u015eR &#8211; 252 &#8211; 253 \u2013 255<\/p>\n<h4><strong>\u00dcR\u00dcN A\u00c7IKLAMASI<\/strong><\/h4>\n<table>\n<tbody>\n<tr>\n<td>\u00a0Kod<\/td>\n<td>\u00a0Kapasite<\/td>\n<td>\u00a0 \u00a0 \u00a0 \u00a0 \u00a0 \u00a0Model<\/td>\n<td>\u00a0 \u00a0 A<br \/>\n(mm)<\/td>\n<td>\u00a0 \u00a0B<br \/>\n(mm)<\/td>\n<td>\u00a0 \u00a0C<br \/>\n(mm)<\/td>\n<td>\u00a0 \u00a0D<br \/>\n(mm)<\/td>\n<td>\u00a0 \u00a0G<br \/>\n(mm)<\/td>\n<td>\u00a0 \u00a0 H<br \/>\n(mm)<\/td>\n<td>\u00a0 \u00a0 \u00a0I<br \/>\n(mm)<\/td>\n<td>\u00a0 \u00a0K<br \/>\n(mm)<\/td>\n<td>\u00a0A\u011f\u0131rl\u0131k<\/td>\n<\/tr>\n<tr>\n<td>B\u015eR-252<\/td>\n<td>\u00a0 \u00a01 Ton<\/td>\n<td>\u00a0 \u00a0 \u00a0 \u00a0 \u00a0 \u00a0D\u00fcz<\/td>\n<td>\u00a0 1960<\/td>\n<td>\u00a01670<\/td>\n<td>\u00a01117<\/td>\n<td>\u00a02850<\/td>\n<td>\u00a0 410<\/td>\n<td>1000<\/td>\n<td>1115<\/td>\n<td>1337<\/td>\n<td>\u00a0146 kg<\/td>\n<\/tr>\n<tr>\n<td>B\u015eR-253<\/td>\n<td>\u00a0 \u00a02 Ton<\/td>\n<td>\u00a0 \u00a0 \u00a0 \u00a0 \u00a0 \u00a0D\u00fcz<\/td>\n<td>\u00a0 1900<\/td>\n<td>\u00a01670<\/td>\n<td>\u00a01117<\/td>\n<td>\u00a02850<\/td>\n<td>\u00a0 410<\/td>\n<td>1000<\/td>\n<td>1115<\/td>\n<td>1337<\/td>\n<td>\u00a0170 kg<\/td>\n<\/tr>\n<tr>\n<td>B\u015eR-255<\/td>\n<td>\u00a0 \u00a03 Ton<\/td>\n<td>\u00a0 \u00a0 \u00a0 \u00a0 \u00a0 \u00a0D\u00fcz<\/td>\n<td>\u00a0 1900<\/td>\n<td>\u00a01800<\/td>\n<td>\u00a01300<\/td>\n<td>\u00a01900<\/td>\n<td>\u00a0 460<\/td>\n<td>1200<\/td>\n<td>1320<\/td>\n<td>1480<\/td>\n<td>\u00a0185 kg<\/td>\n<\/tr>\n<\/tbody>\n<\/table>\n<p>&nbsp;<\/p>\n","protected":false},"excerpt":{"rendered":"<p>D\u00fcz Hidrolik Garaj Vin\u00e7leri STOK KODU :\u00a0B\u015eR &#8211; 252 &#8211; 253 \u2013 255 \u00dcR\u00dcN A\u00c7IKLAMASI \u00a0Kod \u00a0Kapasite \u00a0 \u00a0 \u00a0 \u00a0 \u00a0 \u00a0Model \u00a0 \u00a0 A (mm) \u00a0 \u00a0B (mm) \u00a0 \u00a0C (mm) \u00a0 \u00a0D (mm) \u00a0 \u00a0G (mm) \u00a0 \u00a0 H (mm) \u00a0 \u00a0 \u00a0I (mm) \u00a0 \u00a0K (mm) \u00a0A\u011f\u0131rl\u0131k B\u015eR-252 \u00a0 \u00a01 Ton \u00a0 \u00a0 \u00a0 \u00a0 \u00a0 [&hellip;]<\/p>\n","protected":false},"featured_media":26920,"comment_status":"open","ping_status":"closed","template":"","meta":[],"product_brand":[],"product_cat":[15,140,154],"product_tag":[],"class_list":{"0":"post-26917","1":"product","2":"type-product","3":"status-publish","4":"has-post-thumbnail","6":"product_cat-genel","7":"product_cat-kaldirma-ekipmanlari","8":"product_cat-vincler","10":"first","11":"instock","12":"shipping-taxable","13":"product-type-simple"},"_links":{"self":[{"href":"http:\/\/basakcilastik.com.tr\/index.php?rest_route=\/wp\/v2\/product\/26917","targetHints":{"allow":["GET"]}}],"collection":[{"href":"http:\/\/basakcilastik.com.tr\/index.php?rest_route=\/wp\/v2\/product"}],"about":[{"href":"http:\/\/basakcilastik.com.tr\/index.php?rest_route=\/wp\/v2\/types\/product"}],"replies":[{"embeddable":true,"href":"http:\/\/basakcilastik.com.tr\/index.php?rest_route=%2Fwp%2Fv2%2Fcomments&post=26917"}],"wp:featuredmedia":[{"embeddable":true,"href":"http:\/\/basakcilastik.com.tr\/index.php?rest_route=\/wp\/v2\/media\/26920"}],"wp:attachment":[{"href":"http:\/\/basakcilastik.com.tr\/index.php?rest_route=%2Fwp%2Fv2%2Fmedia&parent=26917"}],"wp:term":[{"taxonomy":"product_brand","embeddable":true,"href":"http:\/\/basakcilastik.com.tr\/index.php?rest_route=%2Fwp%2Fv2%2Fproduct_brand&post=26917"},{"taxonomy":"product_cat","embeddable":true,"href":"http:\/\/basakcilastik.com.tr\/index.php?rest_route=%2Fwp%2Fv2%2Fproduct_cat&post=26917"},{"taxonomy":"product_tag","embeddable":true,"href":"http:\/\/basakcilastik.com.tr\/index.php?rest_route=%2Fwp%2Fv2%2Fproduct_tag&post=26917"}],"curies":[{"name":"wp","href":"https:\/\/api.w.org\/{rel}","templated":true}]}}