{"id":26915,"date":"2020-09-05T22:30:44","date_gmt":"2020-09-05T22:30:44","guid":{"rendered":"https:\/\/basakcilastik.com.tr\/?post_type=product&#038;p=26915"},"modified":"2023-12-03T20:07:06","modified_gmt":"2023-12-03T20:07:06","slug":"denge-agirlikli-ve-duz-agir-tip-hidrolik-garaj-vincleri","status":"publish","type":"product","link":"http:\/\/basakcilastik.com.tr\/?product=denge-agirlikli-ve-duz-agir-tip-hidrolik-garaj-vincleri","title":{"rendered":"Denge A\u011f\u0131rl\u0131kl\u0131 ve D\u00fcz A\u011f\u0131r Tip Hidrolik Garaj Vin\u00e7leri"},"content":{"rendered":"<p>Denge A\u011f\u0131rl\u0131kl\u0131 ve D\u00fcz A\u011f\u0131r Tip Hidrolik Garaj Vin\u00e7leri<\/p>\n<p><strong>STOK KODU :\u00a0<\/strong>B\u015eR &#8211; 251- 256<\/p>\n<table>\n<tbody>\n<tr>\n<td>\u00a0Kod<\/td>\n<td>Kapasite<\/td>\n<td>Model<\/td>\n<td>\u00a0 \u00a0A<br \/>\n(mm)<\/td>\n<td>\u00a0 \u00a0B<br \/>\n(mm)<\/td>\n<td>\u00a0 C<br \/>\n(mm)<\/td>\n<td>\u00a0 D<br \/>\n(mm)<\/td>\n<td>\u00a0 \u00a0E<br \/>\n(mm)<\/td>\n<td>\u00a0 G<br \/>\n(mm)<\/td>\n<td>\u00a0 H<br \/>\n(mm)<\/td>\n<td>\u00a0I<br \/>\n(mm)<\/td>\n<td>J<br \/>\n(mm)<\/td>\n<td>K<br \/>\n(mm)<\/td>\n<td>A\u011f\u0131rl\u0131k<\/td>\n<\/tr>\n<tr>\n<td>B\u015eR-251<\/td>\n<td>\u00a0 \u00a01 Ton<\/td>\n<td>Denge A\u011f\u0131rl\u0131kl\u0131<\/td>\n<td>\u00a0 \u00a0 &#8211;<\/td>\n<td>\u00a01150<\/td>\n<td>\u00a0950<\/td>\n<td>3200<\/td>\n<td>\u00a0 \u00a0&#8211;<\/td>\n<td>\u00a0 \u00a0&#8211;<\/td>\n<td>\u00a0 \u00a0 &#8211;<\/td>\n<td>\u00a0 \u00a0&#8211;<\/td>\n<td>1170<\/td>\n<td>\u00a0 \u00a0&#8211;<\/td>\n<td>500kg<\/td>\n<\/tr>\n<tr>\n<td>B\u015eR-256<\/td>\n<td>\u00a0 \u00a03 Ton<\/td>\n<td>\u00a0D\u00fcz-A\u011f\u0131r Tip<\/td>\n<td>\u00a02425<\/td>\n<td>\u00a02000<\/td>\n<td>1420<\/td>\n<td>3870<\/td>\n<td>\u00a0270<\/td>\n<td>1170<\/td>\n<td>1050<\/td>\n<td>1170<\/td>\n<td>\u00a0 \u00a0&#8211;<\/td>\n<td>2000<\/td>\n<td>250kg<\/td>\n<\/tr>\n<\/tbody>\n<\/table>\n<p>&nbsp;<\/p>\n<p>&nbsp;<\/p>\n","protected":false},"excerpt":{"rendered":"<p>Denge A\u011f\u0131rl\u0131kl\u0131 ve D\u00fcz A\u011f\u0131r Tip Hidrolik Garaj Vin\u00e7leri STOK KODU :\u00a0B\u015eR &#8211; 251- 256 \u00a0Kod Kapasite Model \u00a0 \u00a0A (mm) \u00a0 \u00a0B (mm) \u00a0 C (mm) \u00a0 D (mm) \u00a0 \u00a0E (mm) \u00a0 G (mm) \u00a0 H (mm) \u00a0I (mm) J (mm) K (mm) A\u011f\u0131rl\u0131k B\u015eR-251 \u00a0 \u00a01 Ton Denge A\u011f\u0131rl\u0131kl\u0131 \u00a0 \u00a0 &#8211; \u00a01150 \u00a0950 3200 \u00a0 \u00a0&#8211; [&hellip;]<\/p>\n","protected":false},"featured_media":26918,"comment_status":"open","ping_status":"closed","template":"","meta":[],"product_brand":[],"product_cat":[15,140,154],"product_tag":[],"class_list":{"0":"post-26915","1":"product","2":"type-product","3":"status-publish","4":"has-post-thumbnail","6":"product_cat-genel","7":"product_cat-kaldirma-ekipmanlari","8":"product_cat-vincler","10":"first","11":"instock","12":"shipping-taxable","13":"product-type-simple"},"_links":{"self":[{"href":"http:\/\/basakcilastik.com.tr\/index.php?rest_route=\/wp\/v2\/product\/26915","targetHints":{"allow":["GET"]}}],"collection":[{"href":"http:\/\/basakcilastik.com.tr\/index.php?rest_route=\/wp\/v2\/product"}],"about":[{"href":"http:\/\/basakcilastik.com.tr\/index.php?rest_route=\/wp\/v2\/types\/product"}],"replies":[{"embeddable":true,"href":"http:\/\/basakcilastik.com.tr\/index.php?rest_route=%2Fwp%2Fv2%2Fcomments&post=26915"}],"wp:featuredmedia":[{"embeddable":true,"href":"http:\/\/basakcilastik.com.tr\/index.php?rest_route=\/wp\/v2\/media\/26918"}],"wp:attachment":[{"href":"http:\/\/basakcilastik.com.tr\/index.php?rest_route=%2Fwp%2Fv2%2Fmedia&parent=26915"}],"wp:term":[{"taxonomy":"product_brand","embeddable":true,"href":"http:\/\/basakcilastik.com.tr\/index.php?rest_route=%2Fwp%2Fv2%2Fproduct_brand&post=26915"},{"taxonomy":"product_cat","embeddable":true,"href":"http:\/\/basakcilastik.com.tr\/index.php?rest_route=%2Fwp%2Fv2%2Fproduct_cat&post=26915"},{"taxonomy":"product_tag","embeddable":true,"href":"http:\/\/basakcilastik.com.tr\/index.php?rest_route=%2Fwp%2Fv2%2Fproduct_tag&post=26915"}],"curies":[{"name":"wp","href":"https:\/\/api.w.org\/{rel}","templated":true}]}}