{"id":26901,"date":"2020-09-05T19:51:37","date_gmt":"2020-09-05T19:51:37","guid":{"rendered":"https:\/\/basakcilastik.com.tr\/?post_type=product&#038;p=26901"},"modified":"2020-09-05T19:51:39","modified_gmt":"2020-09-05T19:51:39","slug":"tp25ty-terazili-yazicili-transpale","status":"publish","type":"product","link":"http:\/\/basakcilastik.com.tr\/?product=tp25ty-terazili-yazicili-transpale","title":{"rendered":"TP25TY Terazili Yaz\u0131c\u0131l\u0131 Transpale"},"content":{"rendered":"<p>TP25TY Terazili Yaz\u0131c\u0131l\u0131 Transpalet<\/p>\n<p>\u00dcr\u00fcn \u00d6zellikleri<\/p>\n<p>2500kg da sadece 1,25 kg yan\u0131lma oran\u0131<\/p>\n<p>Termal yaz\u0131c\u0131 ile \u00f6l\u00e7\u00fcmleri \u00e7\u0131kt\u0131 alma \u00f6zelli\u011fi<\/p>\n<p>Teknik \u00d6zellikler<\/p>\n<ul>\n<li>Termal Yaz\u0131c\u0131VAR<\/li>\n<li>Kapasitekg2500<\/li>\n<li>Hassasiyetkg2500 kg&#8217;da 1,25 kg<\/li>\n<li>Minimum \u00c7atal Y\u00fcksekli\u011fimm85<\/li>\n<li>Kald\u0131rma Y\u00fcksekli\u011fimm200<\/li>\n<li>Direksiyon Tekeri \u00d6l\u00e7\u00fcs\u00fcmm180<\/li>\n<li>Y\u00fck Tekeri \u00d6l\u00e7\u00fcs\u00fcmm80x70<\/li>\n<li>\u00c7atal \u00d6l\u00e7\u00fcs\u00fcmm170<\/li>\n<li>Geni\u015flikmm550<\/li>\n<li>\u00c7atal Uzunlu\u011fumm1150<\/li>\n<li>Yaz\u0131c\u0131 Ka\u011f\u0131t Geni\u015fli\u011fimm55<\/li>\n<li>BataryaV \/ Ah6V \/ 4Ah<\/li>\n<li>A\u011f\u0131rl\u0131kkg100<\/li>\n<\/ul>\n<p>&nbsp;<\/p>\n","protected":false},"excerpt":{"rendered":"<p>TP25TY Terazili Yaz\u0131c\u0131l\u0131 Transpalet \u00dcr\u00fcn \u00d6zellikleri 2500kg da sadece 1,25 kg yan\u0131lma oran\u0131 Termal yaz\u0131c\u0131 ile \u00f6l\u00e7\u00fcmleri \u00e7\u0131kt\u0131 alma \u00f6zelli\u011fi Teknik \u00d6zellikler Termal Yaz\u0131c\u0131VAR Kapasitekg2500 Hassasiyetkg2500 kg&#8217;da 1,25 kg Minimum \u00c7atal Y\u00fcksekli\u011fimm85 Kald\u0131rma Y\u00fcksekli\u011fimm200 Direksiyon Tekeri \u00d6l\u00e7\u00fcs\u00fcmm180 Y\u00fck Tekeri \u00d6l\u00e7\u00fcs\u00fcmm80x70 \u00c7atal \u00d6l\u00e7\u00fcs\u00fcmm170 Geni\u015flikmm550 \u00c7atal Uzunlu\u011fumm1150 Yaz\u0131c\u0131 Ka\u011f\u0131t Geni\u015fli\u011fimm55 BataryaV \/ Ah6V \/ 4Ah A\u011f\u0131rl\u0131kkg100 &nbsp;<\/p>\n","protected":false},"featured_media":26904,"comment_status":"open","ping_status":"closed","template":"","meta":[],"product_brand":[],"product_cat":[15,140,153],"product_tag":[],"class_list":{"0":"post-26901","1":"product","2":"type-product","3":"status-publish","4":"has-post-thumbnail","6":"product_cat-genel","7":"product_cat-kaldirma-ekipmanlari","8":"product_cat-transpalet","10":"first","11":"instock","12":"shipping-taxable","13":"product-type-simple"},"_links":{"self":[{"href":"http:\/\/basakcilastik.com.tr\/index.php?rest_route=\/wp\/v2\/product\/26901","targetHints":{"allow":["GET"]}}],"collection":[{"href":"http:\/\/basakcilastik.com.tr\/index.php?rest_route=\/wp\/v2\/product"}],"about":[{"href":"http:\/\/basakcilastik.com.tr\/index.php?rest_route=\/wp\/v2\/types\/product"}],"replies":[{"embeddable":true,"href":"http:\/\/basakcilastik.com.tr\/index.php?rest_route=%2Fwp%2Fv2%2Fcomments&post=26901"}],"wp:featuredmedia":[{"embeddable":true,"href":"http:\/\/basakcilastik.com.tr\/index.php?rest_route=\/wp\/v2\/media\/26904"}],"wp:attachment":[{"href":"http:\/\/basakcilastik.com.tr\/index.php?rest_route=%2Fwp%2Fv2%2Fmedia&parent=26901"}],"wp:term":[{"taxonomy":"product_brand","embeddable":true,"href":"http:\/\/basakcilastik.com.tr\/index.php?rest_route=%2Fwp%2Fv2%2Fproduct_brand&post=26901"},{"taxonomy":"product_cat","embeddable":true,"href":"http:\/\/basakcilastik.com.tr\/index.php?rest_route=%2Fwp%2Fv2%2Fproduct_cat&post=26901"},{"taxonomy":"product_tag","embeddable":true,"href":"http:\/\/basakcilastik.com.tr\/index.php?rest_route=%2Fwp%2Fv2%2Fproduct_tag&post=26901"}],"curies":[{"name":"wp","href":"https:\/\/api.w.org\/{rel}","templated":true}]}}