{"id":26867,"date":"2020-09-05T15:49:58","date_gmt":"2020-09-05T15:49:58","guid":{"rendered":"https:\/\/basakcilastik.com.tr\/?post_type=product&#038;p=26867"},"modified":"2020-09-05T15:50:00","modified_gmt":"2020-09-05T15:50:00","slug":"tk02-tamirci-kizagi-ortopedik-cepli","status":"publish","type":"product","link":"http:\/\/basakcilastik.com.tr\/?product=tk02-tamirci-kizagi-ortopedik-cepli","title":{"rendered":"TK02 TAM\u0130RC\u0130 KIZA\u011eI (ORTOPED\u0130K CEPL\u0130)"},"content":{"rendered":"<p>TK02 TAM\u0130RC\u0130 KIZA\u011eI (ORTOPED\u0130K CEPL\u0130)<\/p>\n","protected":false},"excerpt":{"rendered":"<p>TK02 TAM\u0130RC\u0130 KIZA\u011eI (ORTOPED\u0130K CEPL\u0130)<\/p>\n","protected":false},"featured_media":26870,"comment_status":"open","ping_status":"closed","template":"","meta":[],"product_brand":[],"product_cat":[15,140,152],"product_tag":[],"class_list":{"0":"post-26867","1":"product","2":"type-product","3":"status-publish","4":"has-post-thumbnail","6":"product_cat-genel","7":"product_cat-kaldirma-ekipmanlari","8":"product_cat-tamirci-kizaklari","10":"first","11":"instock","12":"shipping-taxable","13":"product-type-simple"},"_links":{"self":[{"href":"http:\/\/basakcilastik.com.tr\/index.php?rest_route=\/wp\/v2\/product\/26867","targetHints":{"allow":["GET"]}}],"collection":[{"href":"http:\/\/basakcilastik.com.tr\/index.php?rest_route=\/wp\/v2\/product"}],"about":[{"href":"http:\/\/basakcilastik.com.tr\/index.php?rest_route=\/wp\/v2\/types\/product"}],"replies":[{"embeddable":true,"href":"http:\/\/basakcilastik.com.tr\/index.php?rest_route=%2Fwp%2Fv2%2Fcomments&post=26867"}],"wp:featuredmedia":[{"embeddable":true,"href":"http:\/\/basakcilastik.com.tr\/index.php?rest_route=\/wp\/v2\/media\/26870"}],"wp:attachment":[{"href":"http:\/\/basakcilastik.com.tr\/index.php?rest_route=%2Fwp%2Fv2%2Fmedia&parent=26867"}],"wp:term":[{"taxonomy":"product_brand","embeddable":true,"href":"http:\/\/basakcilastik.com.tr\/index.php?rest_route=%2Fwp%2Fv2%2Fproduct_brand&post=26867"},{"taxonomy":"product_cat","embeddable":true,"href":"http:\/\/basakcilastik.com.tr\/index.php?rest_route=%2Fwp%2Fv2%2Fproduct_cat&post=26867"},{"taxonomy":"product_tag","embeddable":true,"href":"http:\/\/basakcilastik.com.tr\/index.php?rest_route=%2Fwp%2Fv2%2Fproduct_tag&post=26867"}],"curies":[{"name":"wp","href":"https:\/\/api.w.org\/{rel}","templated":true}]}}