{"id":26865,"date":"2020-09-05T15:49:12","date_gmt":"2020-09-05T15:49:12","guid":{"rendered":"https:\/\/basakcilastik.com.tr\/?post_type=product&#038;p=26865"},"modified":"2020-09-05T15:49:13","modified_gmt":"2020-09-05T15:49:13","slug":"tk01-tamirci-kizagi-ortopedik","status":"publish","type":"product","link":"http:\/\/basakcilastik.com.tr\/?product=tk01-tamirci-kizagi-ortopedik","title":{"rendered":"TK01 TAM\u0130RC\u0130 KIZA\u011eI (ORTOPED\u0130K)"},"content":{"rendered":"<p>TK01 TAM\u0130RC\u0130 KIZA\u011eI (ORTOPED\u0130K)<\/p>\n","protected":false},"excerpt":{"rendered":"<p>TK01 TAM\u0130RC\u0130 KIZA\u011eI (ORTOPED\u0130K)<\/p>\n","protected":false},"featured_media":26868,"comment_status":"open","ping_status":"closed","template":"","meta":[],"product_brand":[],"product_cat":[15,140,152],"product_tag":[],"class_list":{"0":"post-26865","1":"product","2":"type-product","3":"status-publish","4":"has-post-thumbnail","6":"product_cat-genel","7":"product_cat-kaldirma-ekipmanlari","8":"product_cat-tamirci-kizaklari","10":"first","11":"instock","12":"shipping-taxable","13":"product-type-simple"},"_links":{"self":[{"href":"http:\/\/basakcilastik.com.tr\/index.php?rest_route=\/wp\/v2\/product\/26865","targetHints":{"allow":["GET"]}}],"collection":[{"href":"http:\/\/basakcilastik.com.tr\/index.php?rest_route=\/wp\/v2\/product"}],"about":[{"href":"http:\/\/basakcilastik.com.tr\/index.php?rest_route=\/wp\/v2\/types\/product"}],"replies":[{"embeddable":true,"href":"http:\/\/basakcilastik.com.tr\/index.php?rest_route=%2Fwp%2Fv2%2Fcomments&post=26865"}],"wp:featuredmedia":[{"embeddable":true,"href":"http:\/\/basakcilastik.com.tr\/index.php?rest_route=\/wp\/v2\/media\/26868"}],"wp:attachment":[{"href":"http:\/\/basakcilastik.com.tr\/index.php?rest_route=%2Fwp%2Fv2%2Fmedia&parent=26865"}],"wp:term":[{"taxonomy":"product_brand","embeddable":true,"href":"http:\/\/basakcilastik.com.tr\/index.php?rest_route=%2Fwp%2Fv2%2Fproduct_brand&post=26865"},{"taxonomy":"product_cat","embeddable":true,"href":"http:\/\/basakcilastik.com.tr\/index.php?rest_route=%2Fwp%2Fv2%2Fproduct_cat&post=26865"},{"taxonomy":"product_tag","embeddable":true,"href":"http:\/\/basakcilastik.com.tr\/index.php?rest_route=%2Fwp%2Fv2%2Fproduct_tag&post=26865"}],"curies":[{"name":"wp","href":"https:\/\/api.w.org\/{rel}","templated":true}]}}