{"id":26861,"date":"2020-09-05T15:48:06","date_gmt":"2020-09-05T15:48:06","guid":{"rendered":"https:\/\/basakcilastik.com.tr\/?post_type=product&#038;p=26861"},"modified":"2020-09-05T15:48:07","modified_gmt":"2020-09-05T15:48:07","slug":"katlanabilir-tamirci-yatagi-tr6454a","status":"publish","type":"product","link":"http:\/\/basakcilastik.com.tr\/?product=katlanabilir-tamirci-yatagi-tr6454a","title":{"rendered":"Katlanabilir Tamirci Yata\u011f\u0131 &#8211; TR6454A"},"content":{"rendered":"<p><strong>\u00dcr\u00fcn Teknik Bilgileri<\/strong><\/p>\n<table width=\"100%\">\n<tbody>\n<tr>\n<td width=\"101\"><strong>Model No<\/strong><\/td>\n<td width=\"136\"><strong>TR6454A<\/strong><\/td>\n<\/tr>\n<tr>\n<td><strong>\u00d6l\u00e7\u00fc<\/strong><\/td>\n<td><strong>36<\/strong><\/td>\n<\/tr>\n<tr>\n<td width=\"339\"><strong>Boyutlar<\/strong><\/td>\n<td width=\"449\"><strong>930x440x105mm<\/strong><\/td>\n<\/tr>\n<tr>\n<td><strong>Net\/Br\u00fct A\u011f\u0131rl\u0131k<\/strong><\/td>\n<td><strong>6,5\/7,5 kg<\/strong><\/td>\n<\/tr>\n<\/tbody>\n<\/table>\n<p>&nbsp;<\/p>\n","protected":false},"excerpt":{"rendered":"<p>\u00dcr\u00fcn Teknik Bilgileri Model No TR6454A \u00d6l\u00e7\u00fc 36 Boyutlar 930x440x105mm Net\/Br\u00fct A\u011f\u0131rl\u0131k 6,5\/7,5 kg &nbsp;<\/p>\n","protected":false},"featured_media":26864,"comment_status":"open","ping_status":"closed","template":"","meta":[],"product_brand":[],"product_cat":[15,140,152],"product_tag":[],"class_list":{"0":"post-26861","1":"product","2":"type-product","3":"status-publish","4":"has-post-thumbnail","6":"product_cat-genel","7":"product_cat-kaldirma-ekipmanlari","8":"product_cat-tamirci-kizaklari","10":"first","11":"instock","12":"shipping-taxable","13":"product-type-simple"},"_links":{"self":[{"href":"http:\/\/basakcilastik.com.tr\/index.php?rest_route=\/wp\/v2\/product\/26861","targetHints":{"allow":["GET"]}}],"collection":[{"href":"http:\/\/basakcilastik.com.tr\/index.php?rest_route=\/wp\/v2\/product"}],"about":[{"href":"http:\/\/basakcilastik.com.tr\/index.php?rest_route=\/wp\/v2\/types\/product"}],"replies":[{"embeddable":true,"href":"http:\/\/basakcilastik.com.tr\/index.php?rest_route=%2Fwp%2Fv2%2Fcomments&post=26861"}],"wp:featuredmedia":[{"embeddable":true,"href":"http:\/\/basakcilastik.com.tr\/index.php?rest_route=\/wp\/v2\/media\/26864"}],"wp:attachment":[{"href":"http:\/\/basakcilastik.com.tr\/index.php?rest_route=%2Fwp%2Fv2%2Fmedia&parent=26861"}],"wp:term":[{"taxonomy":"product_brand","embeddable":true,"href":"http:\/\/basakcilastik.com.tr\/index.php?rest_route=%2Fwp%2Fv2%2Fproduct_brand&post=26861"},{"taxonomy":"product_cat","embeddable":true,"href":"http:\/\/basakcilastik.com.tr\/index.php?rest_route=%2Fwp%2Fv2%2Fproduct_cat&post=26861"},{"taxonomy":"product_tag","embeddable":true,"href":"http:\/\/basakcilastik.com.tr\/index.php?rest_route=%2Fwp%2Fv2%2Fproduct_tag&post=26861"}],"curies":[{"name":"wp","href":"https:\/\/api.w.org\/{rel}","templated":true}]}}