{"id":26849,"date":"2020-09-05T15:44:02","date_gmt":"2020-09-05T15:44:02","guid":{"rendered":"https:\/\/basakcilastik.com.tr\/?post_type=product&#038;p=26849"},"modified":"2020-09-05T15:44:03","modified_gmt":"2020-09-05T15:44:03","slug":"905-tekerlekli-tamirci-kizagi","status":"publish","type":"product","link":"http:\/\/basakcilastik.com.tr\/?product=905-tekerlekli-tamirci-kizagi","title":{"rendered":"905 Tekerlekli Tamirci K\u0131za\u011f\u0131"},"content":{"rendered":"<p>905 Tekerlekli Tamirci K\u0131za\u011f\u0131<\/p>\n","protected":false},"excerpt":{"rendered":"<p>905 Tekerlekli Tamirci K\u0131za\u011f\u0131<\/p>\n","protected":false},"featured_media":26852,"comment_status":"open","ping_status":"closed","template":"","meta":[],"product_brand":[],"product_cat":[15,140,152],"product_tag":[],"class_list":{"0":"post-26849","1":"product","2":"type-product","3":"status-publish","4":"has-post-thumbnail","6":"product_cat-genel","7":"product_cat-kaldirma-ekipmanlari","8":"product_cat-tamirci-kizaklari","10":"first","11":"instock","12":"shipping-taxable","13":"product-type-simple"},"_links":{"self":[{"href":"http:\/\/basakcilastik.com.tr\/index.php?rest_route=\/wp\/v2\/product\/26849","targetHints":{"allow":["GET"]}}],"collection":[{"href":"http:\/\/basakcilastik.com.tr\/index.php?rest_route=\/wp\/v2\/product"}],"about":[{"href":"http:\/\/basakcilastik.com.tr\/index.php?rest_route=\/wp\/v2\/types\/product"}],"replies":[{"embeddable":true,"href":"http:\/\/basakcilastik.com.tr\/index.php?rest_route=%2Fwp%2Fv2%2Fcomments&post=26849"}],"wp:featuredmedia":[{"embeddable":true,"href":"http:\/\/basakcilastik.com.tr\/index.php?rest_route=\/wp\/v2\/media\/26852"}],"wp:attachment":[{"href":"http:\/\/basakcilastik.com.tr\/index.php?rest_route=%2Fwp%2Fv2%2Fmedia&parent=26849"}],"wp:term":[{"taxonomy":"product_brand","embeddable":true,"href":"http:\/\/basakcilastik.com.tr\/index.php?rest_route=%2Fwp%2Fv2%2Fproduct_brand&post=26849"},{"taxonomy":"product_cat","embeddable":true,"href":"http:\/\/basakcilastik.com.tr\/index.php?rest_route=%2Fwp%2Fv2%2Fproduct_cat&post=26849"},{"taxonomy":"product_tag","embeddable":true,"href":"http:\/\/basakcilastik.com.tr\/index.php?rest_route=%2Fwp%2Fv2%2Fproduct_tag&post=26849"}],"curies":[{"name":"wp","href":"https:\/\/api.w.org\/{rel}","templated":true}]}}