{"id":26801,"date":"2020-09-05T15:17:47","date_gmt":"2020-09-05T15:17:47","guid":{"rendered":"https:\/\/basakcilastik.com.tr\/?post_type=product&#038;p=26801"},"modified":"2020-09-05T15:17:48","modified_gmt":"2020-09-05T15:17:48","slug":"oto-dogrulama-takimlari","status":"publish","type":"product","link":"http:\/\/basakcilastik.com.tr\/?product=oto-dogrulama-takimlari","title":{"rendered":"Oto Do\u011frulama Tak\u0131mlar\u0131"},"content":{"rendered":"<p>Oto Do\u011frulama Tak\u0131mlar\u0131<\/p>\n<p><strong>STOK KODU :\u00a0<\/strong>B\u015eR &#8211; 150-151-152<\/p>\n<h4><strong>\u00dcR\u00dcN A\u00c7IKLAMASI<\/strong><\/h4>\n<table width=\"500\">\n<tbody>\n<tr>\n<td>\u00a0 \u00a0 \u00a0Kod<\/td>\n<td>\u00a0 \u00a0 \u00a0 \u00a0 \u00a0 Kapasite<\/td>\n<td>\u00a0 \u00a0 \u00a0 \u00a0 \u00a0 \u00a0Cinsi<\/td>\n<td>\u00a0 \u00a0 A\u011f\u0131rl\u0131k<\/td>\n<\/tr>\n<tr>\n<td>\u00a0 \u00a0B\u015eR-150<\/td>\n<td>\u00a0 \u00a0 \u00a0 \u00a0 \u00a0 \u00a0 5 Ton<\/td>\n<td>\u00a0 \u00a0 \u00a0 \u00a0 \u00a0 \u00a0Vidal\u0131<\/td>\n<td>\u00a0 \u00a0 43 Kg<\/td>\n<\/tr>\n<tr>\n<td>\u00a0 \u00a0B\u015eR-151<\/td>\n<td>\u00a0 \u00a0 \u00a0 \u00a0 \u00a0 \u00a0 5 Ton<\/td>\n<td>\u00a0 \u00a0 \u00a0 \u00a0 \u00a0Ge\u00e7meli<\/td>\n<td>\u00a0 \u00a0 34 Kg<\/td>\n<\/tr>\n<tr>\n<td>\u00a0 \u00a0B\u015eR-152<\/td>\n<td>\u00a0 \u00a0 \u00a0 \u00a0 \u00a0 10 Ton<\/td>\n<td>\u00a0 \u00a0 \u00a0 \u00a0 \u00a0 Ge\u00e7meli<\/td>\n<td>\u00a0 \u00a0 49 Kg<\/td>\n<\/tr>\n<\/tbody>\n<\/table>\n<p>&nbsp;<\/p>\n","protected":false},"excerpt":{"rendered":"<p>Oto Do\u011frulama Tak\u0131mlar\u0131 STOK KODU :\u00a0B\u015eR &#8211; 150-151-152 \u00dcR\u00dcN A\u00c7IKLAMASI \u00a0 \u00a0 \u00a0Kod \u00a0 \u00a0 \u00a0 \u00a0 \u00a0 Kapasite \u00a0 \u00a0 \u00a0 \u00a0 \u00a0 \u00a0Cinsi \u00a0 \u00a0 A\u011f\u0131rl\u0131k \u00a0 \u00a0B\u015eR-150 \u00a0 \u00a0 \u00a0 \u00a0 \u00a0 \u00a0 5 Ton \u00a0 \u00a0 \u00a0 \u00a0 \u00a0 \u00a0Vidal\u0131 \u00a0 \u00a0 43 Kg \u00a0 \u00a0B\u015eR-151 \u00a0 \u00a0 \u00a0 \u00a0 \u00a0 \u00a0 5 Ton \u00a0 \u00a0 [&hellip;]<\/p>\n","protected":false},"featured_media":26804,"comment_status":"open","ping_status":"closed","template":"","meta":[],"product_brand":[],"product_cat":[15,140,149],"product_tag":[],"class_list":{"0":"post-26801","1":"product","2":"type-product","3":"status-publish","4":"has-post-thumbnail","6":"product_cat-genel","7":"product_cat-kaldirma-ekipmanlari","8":"product_cat-oto-dogrultma-takimlari","10":"first","11":"instock","12":"shipping-taxable","13":"product-type-simple"},"_links":{"self":[{"href":"http:\/\/basakcilastik.com.tr\/index.php?rest_route=\/wp\/v2\/product\/26801","targetHints":{"allow":["GET"]}}],"collection":[{"href":"http:\/\/basakcilastik.com.tr\/index.php?rest_route=\/wp\/v2\/product"}],"about":[{"href":"http:\/\/basakcilastik.com.tr\/index.php?rest_route=\/wp\/v2\/types\/product"}],"replies":[{"embeddable":true,"href":"http:\/\/basakcilastik.com.tr\/index.php?rest_route=%2Fwp%2Fv2%2Fcomments&post=26801"}],"wp:featuredmedia":[{"embeddable":true,"href":"http:\/\/basakcilastik.com.tr\/index.php?rest_route=\/wp\/v2\/media\/26804"}],"wp:attachment":[{"href":"http:\/\/basakcilastik.com.tr\/index.php?rest_route=%2Fwp%2Fv2%2Fmedia&parent=26801"}],"wp:term":[{"taxonomy":"product_brand","embeddable":true,"href":"http:\/\/basakcilastik.com.tr\/index.php?rest_route=%2Fwp%2Fv2%2Fproduct_brand&post=26801"},{"taxonomy":"product_cat","embeddable":true,"href":"http:\/\/basakcilastik.com.tr\/index.php?rest_route=%2Fwp%2Fv2%2Fproduct_cat&post=26801"},{"taxonomy":"product_tag","embeddable":true,"href":"http:\/\/basakcilastik.com.tr\/index.php?rest_route=%2Fwp%2Fv2%2Fproduct_tag&post=26801"}],"curies":[{"name":"wp","href":"https:\/\/api.w.org\/{rel}","templated":true}]}}