{"id":26787,"date":"2020-09-05T15:12:04","date_gmt":"2020-09-05T15:12:04","guid":{"rendered":"https:\/\/basakcilastik.com.tr\/?post_type=product&#038;p=26787"},"modified":"2020-09-05T15:12:06","modified_gmt":"2020-09-05T15:12:06","slug":"motor-askisi-bsr-400","status":"publish","type":"product","link":"http:\/\/basakcilastik.com.tr\/?product=motor-askisi-bsr-400","title":{"rendered":"Motor Ask\u0131s\u0131 B\u015eR-400"},"content":{"rendered":"<p>Motor Ask\u0131s\u0131<\/p>\n<p><strong>STOK KODU :\u00a0<\/strong>B\u015eR \u2013 400<\/p>\n<h4><strong>\u00dcR\u00dcN A\u00c7IKLAMASI<\/strong><\/h4>\n<table width=\"500\">\n<tbody>\n<tr>\n<td>\u00a0 \u00a0Kod<\/td>\n<td>\u00a0 \u00a0 Model<\/td>\n<td>\u00a0 \u00a0A\u011f\u0131rl\u0131k<\/td>\n<td>\u00a0 Kapasite<\/td>\n<\/tr>\n<tr>\n<td>\u00a0 B\u015eR-400<\/td>\n<td>\u00a0 \u00a0 Motor Ask\u0131s\u0131<\/td>\n<td>\u00a0 \u00a018 Kg<\/td>\n<td>\u00a0 500 Kg<\/td>\n<\/tr>\n<\/tbody>\n<\/table>\n<p>&nbsp;<\/p>\n","protected":false},"excerpt":{"rendered":"<p>Motor Ask\u0131s\u0131 STOK KODU :\u00a0B\u015eR \u2013 400 \u00dcR\u00dcN A\u00c7IKLAMASI \u00a0 \u00a0Kod \u00a0 \u00a0 Model \u00a0 \u00a0A\u011f\u0131rl\u0131k \u00a0 Kapasite \u00a0 B\u015eR-400 \u00a0 \u00a0 Motor Ask\u0131s\u0131 \u00a0 \u00a018 Kg \u00a0 500 Kg &nbsp;<\/p>\n","protected":false},"featured_media":26790,"comment_status":"open","ping_status":"closed","template":"","meta":[],"product_brand":[],"product_cat":[15,140,148],"product_tag":[],"class_list":{"0":"post-26787","1":"product","2":"type-product","3":"status-publish","4":"has-post-thumbnail","6":"product_cat-genel","7":"product_cat-kaldirma-ekipmanlari","8":"product_cat-motor-askilari","10":"first","11":"instock","12":"shipping-taxable","13":"product-type-simple"},"_links":{"self":[{"href":"http:\/\/basakcilastik.com.tr\/index.php?rest_route=\/wp\/v2\/product\/26787","targetHints":{"allow":["GET"]}}],"collection":[{"href":"http:\/\/basakcilastik.com.tr\/index.php?rest_route=\/wp\/v2\/product"}],"about":[{"href":"http:\/\/basakcilastik.com.tr\/index.php?rest_route=\/wp\/v2\/types\/product"}],"replies":[{"embeddable":true,"href":"http:\/\/basakcilastik.com.tr\/index.php?rest_route=%2Fwp%2Fv2%2Fcomments&post=26787"}],"wp:featuredmedia":[{"embeddable":true,"href":"http:\/\/basakcilastik.com.tr\/index.php?rest_route=\/wp\/v2\/media\/26790"}],"wp:attachment":[{"href":"http:\/\/basakcilastik.com.tr\/index.php?rest_route=%2Fwp%2Fv2%2Fmedia&parent=26787"}],"wp:term":[{"taxonomy":"product_brand","embeddable":true,"href":"http:\/\/basakcilastik.com.tr\/index.php?rest_route=%2Fwp%2Fv2%2Fproduct_brand&post=26787"},{"taxonomy":"product_cat","embeddable":true,"href":"http:\/\/basakcilastik.com.tr\/index.php?rest_route=%2Fwp%2Fv2%2Fproduct_cat&post=26787"},{"taxonomy":"product_tag","embeddable":true,"href":"http:\/\/basakcilastik.com.tr\/index.php?rest_route=%2Fwp%2Fv2%2Fproduct_tag&post=26787"}],"curies":[{"name":"wp","href":"https:\/\/api.w.org\/{rel}","templated":true}]}}