{"id":26536,"date":"2020-09-05T10:04:59","date_gmt":"2020-09-05T10:04:59","guid":{"rendered":"https:\/\/basakcilastik.com.tr\/?post_type=product&#038;p=26536"},"modified":"2020-09-05T10:05:01","modified_gmt":"2020-09-05T10:05:01","slug":"ps1500-manuel-istif","status":"publish","type":"product","link":"http:\/\/basakcilastik.com.tr\/?product=ps1500-manuel-istif","title":{"rendered":"PS1500 Manuel \u0130stif"},"content":{"rendered":"<p>PS1500 Manuel \u0130stif<\/p>\n<p>\u00dcr\u00fcn \u00d6zellikleri<\/p>\n<p>PS1500 Manuel \u0130stif<\/p>\n<p>Teknik \u00d6zellikler<\/p>\n<ul>\n<li>Kapasitekg400<\/li>\n<li>Kald\u0131rma Y\u00fcksekli\u011fimm1500<\/li>\n<li>\u00c7atal Uzunlu\u011fumm650<\/li>\n<li>\u00c7atal Geni\u015fli\u011fimm650x580<\/li>\n<li>A\u011f\u0131rl\u0131kkg92<\/li>\n<\/ul>\n<p>&nbsp;<\/p>\n","protected":false},"excerpt":{"rendered":"<p>PS1500 Manuel \u0130stif \u00dcr\u00fcn \u00d6zellikleri PS1500 Manuel \u0130stif Teknik \u00d6zellikler Kapasitekg400 Kald\u0131rma Y\u00fcksekli\u011fimm1500 \u00c7atal Uzunlu\u011fumm650 \u00c7atal Geni\u015fli\u011fimm650x580 A\u011f\u0131rl\u0131kkg92 &nbsp;<\/p>\n","protected":false},"featured_media":26539,"comment_status":"open","ping_status":"closed","template":"","meta":[],"product_brand":[],"product_cat":[15,146,140],"product_tag":[],"class_list":{"0":"post-26536","1":"product","2":"type-product","3":"status-publish","4":"has-post-thumbnail","6":"product_cat-genel","7":"product_cat-istifler","8":"product_cat-kaldirma-ekipmanlari","10":"first","11":"instock","12":"shipping-taxable","13":"product-type-simple"},"_links":{"self":[{"href":"http:\/\/basakcilastik.com.tr\/index.php?rest_route=\/wp\/v2\/product\/26536","targetHints":{"allow":["GET"]}}],"collection":[{"href":"http:\/\/basakcilastik.com.tr\/index.php?rest_route=\/wp\/v2\/product"}],"about":[{"href":"http:\/\/basakcilastik.com.tr\/index.php?rest_route=\/wp\/v2\/types\/product"}],"replies":[{"embeddable":true,"href":"http:\/\/basakcilastik.com.tr\/index.php?rest_route=%2Fwp%2Fv2%2Fcomments&post=26536"}],"wp:featuredmedia":[{"embeddable":true,"href":"http:\/\/basakcilastik.com.tr\/index.php?rest_route=\/wp\/v2\/media\/26539"}],"wp:attachment":[{"href":"http:\/\/basakcilastik.com.tr\/index.php?rest_route=%2Fwp%2Fv2%2Fmedia&parent=26536"}],"wp:term":[{"taxonomy":"product_brand","embeddable":true,"href":"http:\/\/basakcilastik.com.tr\/index.php?rest_route=%2Fwp%2Fv2%2Fproduct_brand&post=26536"},{"taxonomy":"product_cat","embeddable":true,"href":"http:\/\/basakcilastik.com.tr\/index.php?rest_route=%2Fwp%2Fv2%2Fproduct_cat&post=26536"},{"taxonomy":"product_tag","embeddable":true,"href":"http:\/\/basakcilastik.com.tr\/index.php?rest_route=%2Fwp%2Fv2%2Fproduct_tag&post=26536"}],"curies":[{"name":"wp","href":"https:\/\/api.w.org\/{rel}","templated":true}]}}