{"id":26526,"date":"2020-09-05T09:54:46","date_gmt":"2020-09-05T09:54:46","guid":{"rendered":"https:\/\/basakcilastik.com.tr\/?post_type=product&#038;p=26526"},"modified":"2020-09-05T09:54:47","modified_gmt":"2020-09-05T09:54:47","slug":"ms350v-varil-istif","status":"publish","type":"product","link":"http:\/\/basakcilastik.com.tr\/?product=ms350v-varil-istif","title":{"rendered":"MS350V Varil \u0130stif"},"content":{"rendered":"<p>MS350V Varil \u0130stif<\/p>\n<p>\u00dcr\u00fcn \u00d6zellikleri<\/p>\n<p>MS350V Varil \u0130stif<\/p>\n<p>Teknik \u00d6zellikler<\/p>\n<ul>\n<li>Kapasitekg350<\/li>\n<li>Maksimum \u00c7atal Y\u00fcksekli\u011fimm1600<\/li>\n<li>Maksimum Varil Geni\u015fli\u011fimm600<\/li>\n<li>D\u00f6ner Teker \u00d6l\u00e7\u00fcs\u00fcmm180x50<\/li>\n<li>Y\u00fck Tekeri \u00d6l\u00e7\u00fcs\u00fcmm150x40<\/li>\n<li>A\u011f\u0131rl\u0131kkg190<\/li>\n<li>Toplam Geni\u015flikmm1000<\/li>\n<li>Toplam Uzunlukmm1300<\/li>\n<li>Y\u00fckseklikmm2040<\/li>\n<\/ul>\n<p>&nbsp;<\/p>\n","protected":false},"excerpt":{"rendered":"<p>MS350V Varil \u0130stif \u00dcr\u00fcn \u00d6zellikleri MS350V Varil \u0130stif Teknik \u00d6zellikler Kapasitekg350 Maksimum \u00c7atal Y\u00fcksekli\u011fimm1600 Maksimum Varil Geni\u015fli\u011fimm600 D\u00f6ner Teker \u00d6l\u00e7\u00fcs\u00fcmm180x50 Y\u00fck Tekeri \u00d6l\u00e7\u00fcs\u00fcmm150x40 A\u011f\u0131rl\u0131kkg190 Toplam Geni\u015flikmm1000 Toplam Uzunlukmm1300 Y\u00fckseklikmm2040 &nbsp;<\/p>\n","protected":false},"featured_media":26529,"comment_status":"open","ping_status":"closed","template":"","meta":[],"product_brand":[],"product_cat":[15,146,140],"product_tag":[],"class_list":{"0":"post-26526","1":"product","2":"type-product","3":"status-publish","4":"has-post-thumbnail","6":"product_cat-genel","7":"product_cat-istifler","8":"product_cat-kaldirma-ekipmanlari","10":"first","11":"instock","12":"shipping-taxable","13":"product-type-simple"},"_links":{"self":[{"href":"http:\/\/basakcilastik.com.tr\/index.php?rest_route=\/wp\/v2\/product\/26526","targetHints":{"allow":["GET"]}}],"collection":[{"href":"http:\/\/basakcilastik.com.tr\/index.php?rest_route=\/wp\/v2\/product"}],"about":[{"href":"http:\/\/basakcilastik.com.tr\/index.php?rest_route=\/wp\/v2\/types\/product"}],"replies":[{"embeddable":true,"href":"http:\/\/basakcilastik.com.tr\/index.php?rest_route=%2Fwp%2Fv2%2Fcomments&post=26526"}],"wp:featuredmedia":[{"embeddable":true,"href":"http:\/\/basakcilastik.com.tr\/index.php?rest_route=\/wp\/v2\/media\/26529"}],"wp:attachment":[{"href":"http:\/\/basakcilastik.com.tr\/index.php?rest_route=%2Fwp%2Fv2%2Fmedia&parent=26526"}],"wp:term":[{"taxonomy":"product_brand","embeddable":true,"href":"http:\/\/basakcilastik.com.tr\/index.php?rest_route=%2Fwp%2Fv2%2Fproduct_brand&post=26526"},{"taxonomy":"product_cat","embeddable":true,"href":"http:\/\/basakcilastik.com.tr\/index.php?rest_route=%2Fwp%2Fv2%2Fproduct_cat&post=26526"},{"taxonomy":"product_tag","embeddable":true,"href":"http:\/\/basakcilastik.com.tr\/index.php?rest_route=%2Fwp%2Fv2%2Fproduct_tag&post=26526"}],"curies":[{"name":"wp","href":"https:\/\/api.w.org\/{rel}","templated":true}]}}