{"id":26520,"date":"2020-09-05T09:51:47","date_gmt":"2020-09-05T09:51:47","guid":{"rendered":"https:\/\/basakcilastik.com.tr\/?post_type=product&#038;p=26520"},"modified":"2020-09-05T09:51:49","modified_gmt":"2020-09-05T09:51:49","slug":"havali-pnomatik-1500-kg-istif-makinesi-bsr-507","status":"publish","type":"product","link":"http:\/\/basakcilastik.com.tr\/?product=havali-pnomatik-1500-kg-istif-makinesi-bsr-507","title":{"rendered":"Haval\u0131 Pn\u00f6matik 1500 Kg \u0130stif Makinesi B\u015eR-507"},"content":{"rendered":"<p>Haval\u0131 Pn\u00f6matik 1500 Kg \u0130stif Makinesi<\/p>\n<p><strong>STOK KODU :\u00a0<\/strong>B\u015eR &#8211; 507<\/p>\n<p>&nbsp;<\/p>\n<p>\u00dcR\u00dcN A\u00c7IKLAMASI<\/p>\n<table>\n<tbody>\n<tr>\n<td>\u00a0 \u00a0Kod<\/td>\n<td>\u00a0 \u00a0 \u00a0 \u00a0 \u00a0 \u00a0 Model<\/td>\n<td>Kapasite<\/td>\n<td>\u00a0 \u00a0A<br \/>\n(mm)<\/td>\n<td>\u00a0 \u00a0B<br \/>\n(mm)<\/td>\n<td>\u00a0 \u00a0C<br \/>\n(mm)<\/td>\n<td>\u00a0 \u00a0D<br \/>\n(mm)<\/td>\n<td>\u00a0 \u00a0E<br \/>\n(mm)<\/td>\n<td>\u00a0A\u011f\u0131rl\u0131k<\/td>\n<\/tr>\n<tr>\n<td>\u00a0 B\u015eR- 507<\/td>\n<td>\u00a0 \u00a0Haval\u0131 Pn\u00f6matik<\/td>\n<td>1500 Kg<\/td>\n<td>1980<\/td>\n<td>1700<\/td>\n<td>\u00a0910<\/td>\n<td>\u00a0 85<\/td>\n<td>1500<\/td>\n<td>250 Kg<\/td>\n<\/tr>\n<\/tbody>\n<\/table>\n<p>&nbsp;<\/p>\n","protected":false},"excerpt":{"rendered":"<p>Haval\u0131 Pn\u00f6matik 1500 Kg \u0130stif Makinesi STOK KODU :\u00a0B\u015eR &#8211; 507 &nbsp; \u00dcR\u00dcN A\u00c7IKLAMASI \u00a0 \u00a0Kod \u00a0 \u00a0 \u00a0 \u00a0 \u00a0 \u00a0 Model Kapasite \u00a0 \u00a0A (mm) \u00a0 \u00a0B (mm) \u00a0 \u00a0C (mm) \u00a0 \u00a0D (mm) \u00a0 \u00a0E (mm) \u00a0A\u011f\u0131rl\u0131k \u00a0 B\u015eR- 507 \u00a0 \u00a0Haval\u0131 Pn\u00f6matik 1500 Kg 1980 1700 \u00a0910 \u00a0 85 1500 250 Kg &nbsp;<\/p>\n","protected":false},"featured_media":26523,"comment_status":"open","ping_status":"closed","template":"","meta":[],"product_brand":[],"product_cat":[15,146,140],"product_tag":[],"class_list":{"0":"post-26520","1":"product","2":"type-product","3":"status-publish","4":"has-post-thumbnail","6":"product_cat-genel","7":"product_cat-istifler","8":"product_cat-kaldirma-ekipmanlari","10":"first","11":"instock","12":"shipping-taxable","13":"product-type-simple"},"_links":{"self":[{"href":"http:\/\/basakcilastik.com.tr\/index.php?rest_route=\/wp\/v2\/product\/26520","targetHints":{"allow":["GET"]}}],"collection":[{"href":"http:\/\/basakcilastik.com.tr\/index.php?rest_route=\/wp\/v2\/product"}],"about":[{"href":"http:\/\/basakcilastik.com.tr\/index.php?rest_route=\/wp\/v2\/types\/product"}],"replies":[{"embeddable":true,"href":"http:\/\/basakcilastik.com.tr\/index.php?rest_route=%2Fwp%2Fv2%2Fcomments&post=26520"}],"wp:featuredmedia":[{"embeddable":true,"href":"http:\/\/basakcilastik.com.tr\/index.php?rest_route=\/wp\/v2\/media\/26523"}],"wp:attachment":[{"href":"http:\/\/basakcilastik.com.tr\/index.php?rest_route=%2Fwp%2Fv2%2Fmedia&parent=26520"}],"wp:term":[{"taxonomy":"product_brand","embeddable":true,"href":"http:\/\/basakcilastik.com.tr\/index.php?rest_route=%2Fwp%2Fv2%2Fproduct_brand&post=26520"},{"taxonomy":"product_cat","embeddable":true,"href":"http:\/\/basakcilastik.com.tr\/index.php?rest_route=%2Fwp%2Fv2%2Fproduct_cat&post=26520"},{"taxonomy":"product_tag","embeddable":true,"href":"http:\/\/basakcilastik.com.tr\/index.php?rest_route=%2Fwp%2Fv2%2Fproduct_tag&post=26520"}],"curies":[{"name":"wp","href":"https:\/\/api.w.org\/{rel}","templated":true}]}}